{"id":2588,"date":"2020-03-18T15:09:32","date_gmt":"2020-03-18T19:09:32","guid":{"rendered":"https:\/\/herb-e-concept.com\/disclaimer\/"},"modified":"2025-10-10T13:30:55","modified_gmt":"2025-10-10T17:30:55","slug":"exencion-de-responsabilidad","status":"publish","type":"page","link":"https:\/\/herb-e-concept.com\/es\/exencion-de-responsabilidad\/","title":{"rendered":"Exenci\u00f3n de responsabilidad"},"content":{"rendered":"\t\t<div data-elementor-type=\"wp-page\" data-elementor-id=\"2588\" class=\"elementor elementor-2588 elementor-547\" data-elementor-post-type=\"page\">\n\t\t\t\t<div class=\"elementor-element elementor-element-70694e0 e-flex e-con-boxed elementor-invisible e-con e-parent\" data-id=\"70694e0\" data-element_type=\"container\" data-e-type=\"container\" data-settings=\"{&quot;animation&quot;:&quot;fadeIn&quot;}\">\n\t\t\t\t\t<div class=\"e-con-inner\">\n\t\t\t\t<div class=\"elementor-element elementor-element-c71505c elementor-widget elementor-widget-heading\" data-id=\"c71505c\" data-element_type=\"widget\" data-e-type=\"widget\" data-widget_type=\"heading.default\">\n\t\t\t\t\t<h2 class=\"elementor-heading-title elementor-size-default\">Exenci\u00f3n de responsabilidad<\/h2>\t\t\t\t<\/div>\n\t\t\t\t\t<\/div>\n\t\t\t\t<\/div>\n\t\t<div class=\"elementor-element elementor-element-392bd8c e-flex e-con-boxed elementor-invisible e-con e-parent\" data-id=\"392bd8c\" data-element_type=\"container\" data-e-type=\"container\" data-settings=\"{&quot;animation&quot;:&quot;fadeIn&quot;}\">\n\t\t\t\t\t<div class=\"e-con-inner\">\n\t\t\t\t<div class=\"elementor-element elementor-element-862923b elementor-widget elementor-widget-text-editor\" data-id=\"862923b\" data-element_type=\"widget\" data-e-type=\"widget\" data-widget_type=\"text-editor.default\">\n\t\t\t\t\t\t\t\t\t\n<div class=\"wp-block-group container\">\n<div class=\"wp-block-group__inner-container\">\n<p>Herb-e-Concept es una sociedad de suplementos nutricionales, distribuidos en comercios y en l\u00ednea, que ofrece m\u00faltiples y maravillosas opciones en materia de productos naturales para la salud. No somos un prestador m\u00e9dico acreditado, por lo que no podemos ofrecer ning\u00fan consejo o producto para diagnosticar, tratar o curar una enfermedad. Es importante que contacte a su profesional de la salud si tiene preguntas o preocupaciones de car\u00e1cter m\u00e9dico.<\/p>\n\n<p>El contenido de este sitio se ofrece a t\u00edtulo informativo y no pretende reemplazar los consejos de un m\u00e9dico, un farmac\u00e9utico u otro profesional de la salud acreditado. No se debe utilizar esta informaci\u00f3n como autodiagn\u00f3stico o para tratar un problema de salud o una enfermedad. Deber\u00eda consultar a un profesional de la salud antes de comenzar cualquier r\u00e9gimen, ejercicio o programa de suplementaci\u00f3n, antes de tomar cualquier medicamento o si tiene alg\u00fan problema de salud o piensa que lo tiene, o bien si est\u00e1 embarazada o sospecha que lo est\u00e1.<\/p>\n\n<p>Cuando reciba un producto, lea atentamente todas las etiquetas, advertencias e instrucciones antes utilizarlo. El embalaje y los materiales del producto pueden incluir m\u00e1s informaci\u00f3n o informaci\u00f3n diferente de la indicada en este sitio web. Comun\u00edquese inmediatamente con su proveedor de cuidados de salud si piensa que tiene un problema m\u00e9dico. El Ministerio de Salud de Canad\u00e1 y la Administraci\u00f3n de Medicamentos y Alimentos de los Estados Unidos no evaluaron las informaciones ni las declaraciones que figuran en este sitio web respecto de los suplementos alimentarios. Estas no tienen como objetivo diagnosticar, tratar, curar o prevenir enfermedades ni problemas de salud.<\/p>\n<\/div>\n<\/div>\n\n<p>\u00a0<\/p>\n\t\t\t\t\t\t\t\t<\/div>\n\t\t\t\t\t<\/div>\n\t\t\t\t<\/div>\n\t\t<div class=\"elementor-element elementor-element-2b7e56d e-con-full e-flex e-con e-parent\" data-id=\"2b7e56d\" data-element_type=\"container\" data-e-type=\"container\">\n\t\t\t\t<div class=\"elementor-element elementor-element-6436f3a elementor-widget elementor-widget-template\" data-id=\"6436f3a\" data-element_type=\"widget\" data-e-type=\"widget\" data-widget_type=\"template.default\">\n\t\t\t\t<div class=\"elementor-widget-container\">\n\t\t\t\t\t\t\t<div class=\"elementor-template\">\n\t\t\t\t\t<div data-elementor-type=\"section\" data-elementor-id=\"18299\" class=\"elementor elementor-18299 elementor-17843\" data-elementor-post-type=\"elementor_library\">\n\t\t\t<div class=\"elementor-element elementor-element-ff74708 e-flex e-con-boxed elementor-invisible e-con e-parent\" data-id=\"ff74708\" data-element_type=\"container\" data-e-type=\"container\" data-settings=\"{&quot;background_background&quot;:&quot;classic&quot;,&quot;animation&quot;:&quot;fadeIn&quot;}\">\n\t\t\t\t\t<div class=\"e-con-inner\">\n\t\t<div class=\"elementor-element elementor-element-a52a1b4 e-con-full e-flex e-con e-child\" data-id=\"a52a1b4\" data-element_type=\"container\" data-e-type=\"container\">\n\t\t\t\t<div class=\"elementor-element elementor-element-029a96b elementor-widget elementor-widget-heading\" data-id=\"029a96b\" data-element_type=\"widget\" data-e-type=\"widget\" data-widget_type=\"heading.default\">\n\t\t\t\t\t<h6 class=\"elementor-heading-title elementor-size-default\">Suplementos naturales,<br>\n<strong>puros y efectivos<\/strong><\/h6>\t\t\t\t<\/div>\n\t\t\t\t<\/div>\n\t\t<div class=\"elementor-element elementor-element-37003d2 e-con-full e-flex e-con e-child\" data-id=\"37003d2\" data-element_type=\"container\" data-e-type=\"container\">\n\t\t\t\t<div class=\"elementor-element elementor-element-fbfb519 elementor-widget elementor-widget-heading\" data-id=\"fbfb519\" data-element_type=\"widget\" data-e-type=\"widget\" data-widget_type=\"heading.default\">\n\t\t\t\t\t<h6 class=\"elementor-heading-title elementor-size-default\">Experiencia reconocida<br>\n<strong>desde el a\u00f1o 2000<\/strong><\/h6>\t\t\t\t<\/div>\n\t\t\t\t<\/div>\n\t\t<div class=\"elementor-element elementor-element-90359cb e-con-full e-flex e-con e-child\" data-id=\"90359cb\" data-element_type=\"container\" data-e-type=\"container\">\n\t\t\t\t<div class=\"elementor-element elementor-element-5344047 elementor-widget elementor-widget-heading\" data-id=\"5344047\" data-element_type=\"widget\" data-e-type=\"widget\" data-widget_type=\"heading.default\">\n\t\t\t\t\t<h6 class=\"elementor-heading-title elementor-size-default\">Productos<br>\n<strong>certificados<\/strong><\/h6>\t\t\t\t<\/div>\n\t\t\t\t<\/div>\n\t\t<div class=\"elementor-element elementor-element-caa18a1 e-con-full e-flex e-con e-child\" data-id=\"caa18a1\" data-element_type=\"container\" data-e-type=\"container\">\n\t\t\t\t<div class=\"elementor-element elementor-element-c63b94b elementor-widget elementor-widget-heading\" data-id=\"c63b94b\" data-element_type=\"widget\" data-e-type=\"widget\" data-widget_type=\"heading.default\">\n\t\t\t\t\t<h6 class=\"elementor-heading-title elementor-size-default\">Disponible en<br>\n<strong>m\u00e1s de 17 pa\u00edses<\/strong><\/h6>\t\t\t\t<\/div>\n\t\t\t\t<\/div>\n\t\t\t\t\t<\/div>\n\t\t\t\t<\/div>\n\t\t\t\t<\/div>\n\t\t\t\t<\/div>\n\t\t\t\t\t\t<\/div>\n\t\t\t\t<\/div>\n\t\t\t\t<\/div>\n\t\t<div class=\"elementor-element elementor-element-cff634f e-con-full e-flex e-con e-parent\" data-id=\"cff634f\" data-element_type=\"container\" data-e-type=\"container\">\n\t\t\t\t<div class=\"elementor-element elementor-element-fdfc49c elementor-widget elementor-widget-template\" data-id=\"fdfc49c\" data-element_type=\"widget\" data-e-type=\"widget\" data-widget_type=\"template.default\">\n\t\t\t\t<div class=\"elementor-widget-container\">\n\t\t\t\t\t\t\t<div class=\"elementor-template\">\n\t\t\t\t\t<div data-elementor-type=\"section\" data-elementor-id=\"18305\" class=\"elementor elementor-18305 elementor-17839\" data-elementor-post-type=\"elementor_library\">\n\t\t\t<div class=\"elementor-element elementor-element-39cca2c e-flex e-con-boxed elementor-invisible e-con e-parent\" data-id=\"39cca2c\" data-element_type=\"container\" data-e-type=\"container\" data-settings=\"{&quot;background_background&quot;:&quot;classic&quot;,&quot;animation&quot;:&quot;fadeIn&quot;}\">\n\t\t\t\t\t<div class=\"e-con-inner\">\n\t\t\t\t<div class=\"elementor-element elementor-element-3eae2c8 elementor-widget elementor-widget-heading\" data-id=\"3eae2c8\" data-element_type=\"widget\" data-e-type=\"widget\" data-widget_type=\"heading.default\">\n\t\t\t\t\t<h2 class=\"elementor-heading-title elementor-size-default\">Testimonios<\/h2>\t\t\t\t<\/div>\n\t\t\t\t<div class=\"elementor-element elementor-element-fc0963f elementor-testimonial--skin-default elementor-testimonial--layout-image_inline elementor-testimonial--align-center elementor-arrows-yes elementor-widget elementor-widget-testimonial-carousel\" data-id=\"fc0963f\" data-element_type=\"widget\" data-e-type=\"widget\" data-settings=\"{&quot;slides_per_view&quot;:&quot;1&quot;,&quot;slides_to_scroll&quot;:&quot;1&quot;,&quot;speed&quot;:1000,&quot;show_arrows&quot;:&quot;yes&quot;,&quot;loop&quot;:&quot;yes&quot;,&quot;space_between&quot;:{&quot;unit&quot;:&quot;px&quot;,&quot;size&quot;:10,&quot;sizes&quot;:[]},&quot;space_between_tablet&quot;:{&quot;unit&quot;:&quot;px&quot;,&quot;size&quot;:10,&quot;sizes&quot;:[]},&quot;space_between_mobile&quot;:{&quot;unit&quot;:&quot;px&quot;,&quot;size&quot;:10,&quot;sizes&quot;:[]}}\" data-widget_type=\"testimonial-carousel.default\">\n\t\t\t\t\t\t\t\t\t\t<div class=\"elementor-main-swiper swiper\" role=\"region\" aria-roledescription=\"carousel\" aria-label=\"Diapositives\">\n\t\t\t\t<div class=\"swiper-wrapper\">\n\t\t\t\t\t\t\t\t\t\t\t<div class=\"swiper-slide\" role=\"group\" aria-roledescription=\"slide\">\n\t\t\t\t\t\t\t\t\t<div class=\"elementor-testimonial\">\n\t\t\t\t\t\t\t<div class=\"elementor-testimonial__content\">\n\t\t\t\t\t<div class=\"elementor-testimonial__text\">\n\t\t\t\t\t\tMi m\u00e9todo natural es usar la suite LTO3 para episodios de estr\u00e9s y ansiedad. Tengo dificultad para concentrarme. Posteriormente, not\u00e9 una mejor\u00eda en mi capacidad de concentraci\u00f3n, en la falta de calma, sue\u00f1o y ansiedad, entre otros aspectos, tras un per\u00edodo de presi\u00f3n regular con LTO3.\t\t\t\t\t<\/div>\n\t\t\t\t\t\t\t\t\t<\/div>\n\t\t\t\t\t\t<div class=\"elementor-testimonial__footer\">\n\t\t\t\t\t\t\t\t<cite class=\"elementor-testimonial__cite\"><span class=\"elementor-testimonial__name\">M-J Bedard<\/span><\/cite>\t\t\t<\/div>\n\t\t<\/div>\n\t\t\t\t\t\t\t\t<\/div>\n\t\t\t\t\t\t\t\t\t\t\t<div class=\"swiper-slide\" role=\"group\" aria-roledescription=\"slide\">\n\t\t\t\t\t\t\t\t\t<div class=\"elementor-testimonial\">\n\t\t\t\t\t\t\t<div class=\"elementor-testimonial__content\">\n\t\t\t\t\t<div class=\"elementor-testimonial__text\">\n\t\t\t\t\t\tSufro de ansiedad y TDAH, y desde que empec\u00e9 a tomar LTO3, la ansiedad ha disminuido considerablemente. Todav\u00eda tengo momentos dif\u00edciles, \u00a1pero me ha salvado la vida! Adem\u00e1s, me ha ayudado mucho a concentrarme debido a mi TDAH, as\u00ed que estoy menos cansado por las tardes y necesito dormir siestas con menos frecuencia. Recomiendo este producto. Tambi\u00e9n les he hablado de LTO3 a varios amigos que tambi\u00e9n lo toman, \u00a1y ellos tambi\u00e9n han notado cambios maravillosos!\t\t\t\t\t<\/div>\n\t\t\t\t\t\t\t\t\t<\/div>\n\t\t\t\t\t\t<div class=\"elementor-testimonial__footer\">\n\t\t\t\t\t\t\t\t<cite class=\"elementor-testimonial__cite\"><span class=\"elementor-testimonial__name\">Anne<\/span><\/cite>\t\t\t<\/div>\n\t\t<\/div>\n\t\t\t\t\t\t\t\t<\/div>\n\t\t\t\t\t\t\t\t\t\t\t<div class=\"swiper-slide\" role=\"group\" aria-roledescription=\"slide\">\n\t\t\t\t\t\t\t\t\t<div class=\"elementor-testimonial\">\n\t\t\t\t\t\t\t<div class=\"elementor-testimonial__content\">\n\t\t\t\t\t<div class=\"elementor-testimonial__text\">\n\t\t\t\t\t\tGracias por este maravilloso producto. Mi hijo de 8 a\u00f1os tiene un problema grave de impulsividad y un poco de ansiedad. Estaba esperando psicoterapia para controlar sus rabietas con violencia verbal y f\u00edsica, pero desde que toma LTO3, 2 por la ma\u00f1ana y 2 al mediod\u00eda, hemos notado una gran diferencia. Sigue teniendo rabietas ocasionales, pero tiene control sobre lo que sucede despu\u00e9s...\t\t\t\t\t<\/div>\n\t\t\t\t\t\t\t\t\t<\/div>\n\t\t\t\t\t\t<div class=\"elementor-testimonial__footer\">\n\t\t\t\t\t\t\t\t<cite class=\"elementor-testimonial__cite\"><span class=\"elementor-testimonial__name\">K. St-Pierre<\/span><\/cite>\t\t\t<\/div>\n\t\t<\/div>\n\t\t\t\t\t\t\t\t<\/div>\n\t\t\t\t\t\t\t\t\t\t\t<div class=\"swiper-slide\" role=\"group\" aria-roledescription=\"slide\">\n\t\t\t\t\t\t\t\t\t<div class=\"elementor-testimonial\">\n\t\t\t\t\t\t\t<div class=\"elementor-testimonial__content\">\n\t\t\t\t\t<div class=\"elementor-testimonial__text\">\n\t\t\t\t\t\tMe gustar\u00eda agradecerles por el maravilloso producto LTO3 que me recomend\u00f3 una amiga de Ontario hace poco m\u00e1s de seis meses. Vivimos en el sur de Alberta, en Lethbridge. Mis hijos de 17 y 14 a\u00f1os tomaban antidepresivos para el TDAH y el s\u00edndrome de Asperger. Ambos medicamentos los inquietaban y sufr\u00edan de numerosos efectos secundarios. Cuando les recetamos LTO3, dejaron de tomar las pastillas en una semana y no las han vuelto a tomar desde entonces. Este producto es incre\u00edble y se lo he recomendado a mucha gente. Gracias de nuevo.\t\t\t\t\t<\/div>\n\t\t\t\t\t\t\t\t\t<\/div>\n\t\t\t\t\t\t<div class=\"elementor-testimonial__footer\">\n\t\t\t\t\t\t\t\t<cite class=\"elementor-testimonial__cite\"><span class=\"elementor-testimonial__name\">Una madre<\/span><\/cite>\t\t\t<\/div>\n\t\t<\/div>\n\t\t\t\t\t\t\t\t<\/div>\n\t\t\t\t\t\t\t\t\t\t\t<div class=\"swiper-slide\" role=\"group\" aria-roledescription=\"slide\">\n\t\t\t\t\t\t\t\t\t<div class=\"elementor-testimonial\">\n\t\t\t\t\t\t\t<div class=\"elementor-testimonial__content\">\n\t\t\t\t\t<div class=\"elementor-testimonial__text\">\n\t\t\t\t\t\t\u00a1\u00a1\u00a1Quiero darles much\u00edsimas gracias!!! Gracias a este producto, mi hija de seis a\u00f1os ha pasado de ser una ni\u00f1a extremadamente dif\u00edcil a una ni\u00f1a completamente normal con su personalidad de seis a\u00f1os. \u00a1Sus relaciones con ni\u00f1os de su edad y adultos han mejorado un 95%!\t\t\t\t\t<\/div>\n\t\t\t\t\t\t\t\t\t<\/div>\n\t\t\t\t\t\t<div class=\"elementor-testimonial__footer\">\n\t\t\t\t\t\t\t\t<cite class=\"elementor-testimonial__cite\"><span class=\"elementor-testimonial__name\">Una madre<\/span><\/cite>\t\t\t<\/div>\n\t\t<\/div>\n\t\t\t\t\t\t\t\t<\/div>\n\t\t\t\t\t\t\t\t\t<\/div>\n\t\t\t\t\t\t\t\t\t\t\t\t\t\t\t<div class=\"elementor-swiper-button elementor-swiper-button-prev\" role=\"button\" tabindex=\"0\" aria-label=\"Anterior\">\n\t\t\t\t\t\t\t<svg aria-hidden=\"true\" class=\"e-font-icon-svg e-eicon-chevron-left\" viewBox=\"0 0 1000 1000\" xmlns=\"http:\/\/www.w3.org\/2000\/svg\"><path d=\"M646 125C629 125 613 133 604 142L308 442C296 454 292 471 292 487 292 504 296 521 308 533L604 854C617 867 629 875 646 875 663 875 679 871 692 858 704 846 713 829 713 812 713 796 708 779 692 767L438 487 692 225C700 217 708 204 708 187 708 171 704 154 692 142 675 129 663 125 646 125Z\"><\/path><\/svg>\t\t\t\t\t\t<\/div>\n\t\t\t\t\t\t<div class=\"elementor-swiper-button elementor-swiper-button-next\" role=\"button\" tabindex=\"0\" aria-label=\"Siguiente\">\n\t\t\t\t\t\t\t<svg aria-hidden=\"true\" class=\"e-font-icon-svg e-eicon-chevron-right\" viewBox=\"0 0 1000 1000\" xmlns=\"http:\/\/www.w3.org\/2000\/svg\"><path d=\"M696 533C708 521 713 504 713 487 713 471 708 454 696 446L400 146C388 133 375 125 354 125 338 125 325 129 313 142 300 154 292 171 292 187 292 204 296 221 308 233L563 492 304 771C292 783 288 800 288 817 288 833 296 850 308 863 321 871 338 875 354 875 371 875 388 867 400 854L696 533Z\"><\/path><\/svg>\t\t\t\t\t\t<\/div>\n\t\t\t\t\t\t\t\t\t\t\t\t\t\t\t\t\t<\/div>\n\t\t\t\t\t\t\t\t<\/div>\n\t\t\t\t\t<\/div>\n\t\t\t\t<\/div>\n\t\t\t\t<\/div>\n\t\t\t\t<\/div>\n\t\t\t\t\t\t<\/div>\n\t\t\t\t<\/div>\n\t\t\t\t<\/div>\n\t\t\t\t<\/div>\n\t\t","protected":false},"excerpt":{"rendered":"<p>Herb-e-Concept es una sociedad de suplementos nutricionales, distribuidos en comercios y en l\u00ednea, que ofrece m\u00faltiples y maravillosas opciones en materia de productos naturales para la salud. No somos un prestador m\u00e9dico acreditado, por lo que no podemos ofrecer ning\u00fan consejo o producto para diagnosticar, tratar o curar una enfermedad. Es importante que contacte a [&hellip;]<\/p>\n","protected":false},"author":463,"featured_media":0,"parent":0,"menu_order":0,"comment_status":"closed","ping_status":"closed","template":"","meta":{"_acf_changed":false,"footnotes":""},"class_list":["post-2588","page","type-page","status-publish","hentry"],"acf":[],"_links":{"self":[{"href":"https:\/\/herb-e-concept.com\/es\/wp-json\/wp\/v2\/pages\/2588","targetHints":{"allow":["GET"]}}],"collection":[{"href":"https:\/\/herb-e-concept.com\/es\/wp-json\/wp\/v2\/pages"}],"about":[{"href":"https:\/\/herb-e-concept.com\/es\/wp-json\/wp\/v2\/types\/page"}],"author":[{"embeddable":true,"href":"https:\/\/herb-e-concept.com\/es\/wp-json\/wp\/v2\/users\/463"}],"replies":[{"embeddable":true,"href":"https:\/\/herb-e-concept.com\/es\/wp-json\/wp\/v2\/comments?post=2588"}],"version-history":[{"count":4,"href":"https:\/\/herb-e-concept.com\/es\/wp-json\/wp\/v2\/pages\/2588\/revisions"}],"predecessor-version":[{"id":18643,"href":"https:\/\/herb-e-concept.com\/es\/wp-json\/wp\/v2\/pages\/2588\/revisions\/18643"}],"wp:attachment":[{"href":"https:\/\/herb-e-concept.com\/es\/wp-json\/wp\/v2\/media?parent=2588"}],"curies":[{"name":"wp","href":"https:\/\/api.w.org\/{rel}","templated":true}]}}