{"id":2590,"date":"2020-03-11T10:12:07","date_gmt":"2020-03-11T14:12:07","guid":{"rendered":"https:\/\/herb-e-concept.com\/intellectual-property\/"},"modified":"2025-10-10T14:27:17","modified_gmt":"2025-10-10T18:27:17","slug":"propiedad-intelectual","status":"publish","type":"page","link":"https:\/\/herb-e-concept.com\/es\/propiedad-intelectual\/","title":{"rendered":"Propiedad intelectual"},"content":{"rendered":"\t\t<div data-elementor-type=\"wp-page\" data-elementor-id=\"2590\" class=\"elementor elementor-2590 elementor-559\" data-elementor-post-type=\"page\">\n\t\t\t\t<div class=\"elementor-element elementor-element-78b30fb e-flex e-con-boxed elementor-invisible e-con e-parent\" data-id=\"78b30fb\" data-element_type=\"container\" data-e-type=\"container\" data-settings=\"{&quot;animation&quot;:&quot;fadeIn&quot;}\">\n\t\t\t\t\t<div class=\"e-con-inner\">\n\t\t\t\t<div class=\"elementor-element elementor-element-340b76f elementor-widget elementor-widget-heading\" data-id=\"340b76f\" data-element_type=\"widget\" data-e-type=\"widget\" data-widget_type=\"heading.default\">\n\t\t\t\t\t<h2 class=\"elementor-heading-title elementor-size-default\">Propiedad intelectual<\/h2>\t\t\t\t<\/div>\n\t\t\t\t\t<\/div>\n\t\t\t\t<\/div>\n\t\t<div class=\"elementor-element elementor-element-b1f01af e-flex e-con-boxed elementor-invisible e-con e-parent\" data-id=\"b1f01af\" data-element_type=\"container\" data-e-type=\"container\" data-settings=\"{&quot;animation&quot;:&quot;fadeIn&quot;}\">\n\t\t\t\t\t<div class=\"e-con-inner\">\n\t\t\t\t<div class=\"elementor-element elementor-element-6118e5ea elementor-widget elementor-widget-text-editor\" data-id=\"6118e5ea\" data-element_type=\"widget\" data-e-type=\"widget\" data-widget_type=\"text-editor.default\">\n\t\t\t\t\t\t\t\t\t\n<div class=\"wp-block-group container\">\n<h3>Copia<\/h3>\n\n<p>El propietario de cualquier empresa que copiare uno de nuestros productos (de manera completa o parcial) ser\u00e1 procesado por delito y se expondr\u00e1 a una pena de prisi\u00f3n seg\u00fan la ley y la jurisprudencia sobre la propiedad intelectual.<\/p>\n\n<h3>Aviso<\/h3>\n\n<p>El concepto denominado\u00a0\u201cLTO3, LTO3 sin sabor, Plein Sommeil\u201d\u00a0es intr\u00ednseco a la creaci\u00f3n literaria o art\u00edstica de los se\u00f1ores Marc St-Denis y Rodrigue Tremblay, titulada\u00a0\u201cUn calme salutaire\u201d\u00a0[Una calma saludable]. Ediciones USD System, colecci\u00f3n \u201cPasseport Intellectuel CB\u201d\u00a0N.\u00b0 CA1281MS1013\u00a0&#8211;\u00a0Copyright N.\u00b01114652\u00a0&#8211; OPIC 2014-07-18). La realizaci\u00f3n t\u00e9cnica o comercial de los procedimientos y conocimientos t\u00e9cnicos del concepto \u2014que obligan la producci\u00f3n, reproducci\u00f3n \u00a9 e interpretaci\u00f3n de la totalidad o parte de los textos e ilustraciones que se consignan en la obra mencionada\u2014 es constitutiva de los productos que se exponen en este sitio de Internet, as\u00ed como los proyectos comerciales y econ\u00f3micos asociados.<\/p>\n\n<h3>Recordatorio<\/h3>\n\n<p>Por el solo hecho de haber creado su obra, de la que es \u00fanico propietario,\u00a0el autor posee la exclusividad mundial de todo o parte de su producci\u00f3n, reproducci\u00f3n \u00a9 e interpretaci\u00f3n, en relaci\u00f3n con la explotaci\u00f3n comercial del concepto materializado resultante. Conforme a las convenciones internacionales y a las leyes internas de los Estados sobre el derecho de autor, esta exclusividad es mundialmente reconocida mientras el autor viva y por un per\u00edodo de 50\u00a0a 70\u00a0a\u00f1os desde su deceso, seg\u00fan la legislaci\u00f3n de cada Estado.<\/p>\n\n<h2>\u00bfQu\u00e9 significa \u201cPasseport Intellectuel CB\u201d?<\/h2>\n\n<p>Passeport Intellectuel CB (Pasaporte Intelectual CB) es el nombre de una colecci\u00f3n de libros que los licenciatarios exclusivos del Consorcio Internacional de Ediciones USD System difunden a nivel mundial. Un libro de la colecci\u00f3n Passeport Intellectuel CB es un instrumento legal de propiedad intelectual a t\u00edtulo de obra literaria y art\u00edstica.<\/p>\n\n<p>Esta herramienta abre nuevas perspectivas para el desarrollo econ\u00f3mico de las innovaciones, conjuntamente para el inventor y el inversor. Tiene en cuenta la anterioridad de la creaci\u00f3n sobre la invenci\u00f3n propiamente dicha. Suscita nuevas estrategias preventivas y alternativas contra los imitadores. Permite evaluar el potencial econ\u00f3mico de una innovaci\u00f3n con una proyecci\u00f3n de 3 a 4 a\u00f1os.<\/p>\n\n<p>La colecci\u00f3n de libros Passeport Intellectuel CB permite armonizar la colaboraci\u00f3n entre los asociados, colegas, inversores y empresarios para el desarrollo econ\u00f3mico de un concepto patentable o no, en especial mediante un Pron\u00f3stico (original) Econ\u00f3mico Internacional Pluridisciplinario (PEIP) y una cartera de contratos apropiados que forman parte integrante del trabajo.<\/p>\n\n<h2>\u00bfQu\u00e9 diferencia existe entre la patente de invenci\u00f3n y un libro no publicado?<\/h2>\n\n<h3>La patente de invenci\u00f3n<\/h3>\n\n<p>es un contrato celebrado entre el presunto inventor y el p\u00fablico, que est\u00e1 representado por el gobierno del Estado en el que se registra.\u00a0Es un t\u00edtulo temporario y no una propiedad.\u00a0Al igual que un permiso de conducir, es similar a una licencia del Estado con derechos, deberes y las posibilidades de anulaci\u00f3n propias de cualquier contrato.\u00a0La patente de invenci\u00f3n se concede al titular a cambio de la divulgaci\u00f3n obligatoria de los secretos.\u00a0Para obtener una cobertura internacional, es necesario extenderla de un Estado a otro, o por grupos de Estados, cumpliendo con plazos rigurosos y mediante onerosos cargos financieros. Le otorga a su titular el derecho de prohibir a terceros que exploten la invenci\u00f3n en los pa\u00edses donde se divulga y registra la patente,\u00a0exclusivamente por v\u00eda judicial.. La patente de invenci\u00f3n\u00a0no tiene garant\u00eda\u00a0del Estado que la expide.<\/p>\n\n<p>Para la protecci\u00f3n de los secretos,\u00a0cada libro de la colecci\u00f3n\u00a0Passeport Intellectuel CB\u00a0se edita\u00a0sin publicarlo\u00a0(no se divulga). Proporciona al autor de un concepto original (patentable o no)\u00a0la propiedad mundial\u00a0de la obra literaria o art\u00edstica en la que se integra un descriptivo del concepto. Este descriptivo se beneficia de los derechos de autor reconocidos por las instancias internacionales de propiedad intelectual. Estos derechos mundiales tienen validez durante toda la vida del autor y varios decenios despu\u00e9s de su muerte (para su descendencia).<\/p>\n\n<p>A diferencia de la patente de invenci\u00f3n, el libro proh\u00edbe que terceros copien\u00a0el descriptivo\u00a0(los planos) con fines comerciales. Descriptivo sin el cual no es posible que terceros realicen la invenci\u00f3n o el concepto original resultante. Asimismo, la previsi\u00f3n econ\u00f3mica y la cartera de contratos que contiene valorizan el proyecto para su ejecuci\u00f3n y tambi\u00e9n para evaluar los da\u00f1os y perjuicios en caso de litigio con un imitador. Un libro de la colecci\u00f3n Passeport Intellectuel CB tiene la garant\u00eda\u00a0del editor que lo produce.<\/p>\n\n<h2>Qu\u00e9 significa la denominaci\u00f3n \u201cPropiedad intelectual\u201d?<\/h2>\n\n<p>\u00a1Solo una obra de creaci\u00f3n literaria o art\u00edstica es\u00a0propiedad\u00a0de su autor! Se trata de una propiedad mundial sin gastos de extensiones internacionales. Las patentes de invenci\u00f3n, las ilustraciones o modelos registrados y las marcas registradas son t\u00edtulos temporarios pagos. Por ello, sus poseedores son\u00a0\u201ctitulares\u201d\u00a0y no propietarios.<\/p>\n<\/div>\n\t\t\t\t\t\t\t\t<\/div>\n\t\t\t\t\t<\/div>\n\t\t\t\t<\/div>\n\t\t<div class=\"elementor-element elementor-element-870c3bd e-con-full e-flex e-con e-parent\" data-id=\"870c3bd\" data-element_type=\"container\" data-e-type=\"container\">\n\t\t\t\t<div class=\"elementor-element elementor-element-c763b61 elementor-widget elementor-widget-template\" data-id=\"c763b61\" data-element_type=\"widget\" data-e-type=\"widget\" data-widget_type=\"template.default\">\n\t\t\t\t<div class=\"elementor-widget-container\">\n\t\t\t\t\t\t\t<div class=\"elementor-template\">\n\t\t\t\t\t<div data-elementor-type=\"section\" data-elementor-id=\"18299\" class=\"elementor elementor-18299 elementor-17843\" data-elementor-post-type=\"elementor_library\">\n\t\t\t<div class=\"elementor-element elementor-element-ff74708 e-flex e-con-boxed elementor-invisible e-con e-parent\" data-id=\"ff74708\" data-element_type=\"container\" data-e-type=\"container\" data-settings=\"{&quot;background_background&quot;:&quot;classic&quot;,&quot;animation&quot;:&quot;fadeIn&quot;}\">\n\t\t\t\t\t<div class=\"e-con-inner\">\n\t\t<div class=\"elementor-element elementor-element-a52a1b4 e-con-full e-flex e-con e-child\" data-id=\"a52a1b4\" data-element_type=\"container\" data-e-type=\"container\">\n\t\t\t\t<div class=\"elementor-element elementor-element-029a96b elementor-widget elementor-widget-heading\" data-id=\"029a96b\" data-element_type=\"widget\" data-e-type=\"widget\" data-widget_type=\"heading.default\">\n\t\t\t\t\t<h6 class=\"elementor-heading-title elementor-size-default\">Suplementos naturales,<br>\n<strong>puros y efectivos<\/strong><\/h6>\t\t\t\t<\/div>\n\t\t\t\t<\/div>\n\t\t<div class=\"elementor-element elementor-element-37003d2 e-con-full e-flex e-con e-child\" data-id=\"37003d2\" data-element_type=\"container\" data-e-type=\"container\">\n\t\t\t\t<div class=\"elementor-element elementor-element-fbfb519 elementor-widget elementor-widget-heading\" data-id=\"fbfb519\" data-element_type=\"widget\" data-e-type=\"widget\" data-widget_type=\"heading.default\">\n\t\t\t\t\t<h6 class=\"elementor-heading-title elementor-size-default\">Experiencia reconocida<br>\n<strong>desde el a\u00f1o 2000<\/strong><\/h6>\t\t\t\t<\/div>\n\t\t\t\t<\/div>\n\t\t<div class=\"elementor-element elementor-element-90359cb e-con-full e-flex e-con e-child\" data-id=\"90359cb\" data-element_type=\"container\" data-e-type=\"container\">\n\t\t\t\t<div class=\"elementor-element elementor-element-5344047 elementor-widget elementor-widget-heading\" data-id=\"5344047\" data-element_type=\"widget\" data-e-type=\"widget\" data-widget_type=\"heading.default\">\n\t\t\t\t\t<h6 class=\"elementor-heading-title elementor-size-default\">Productos<br>\n<strong>certificados<\/strong><\/h6>\t\t\t\t<\/div>\n\t\t\t\t<\/div>\n\t\t<div class=\"elementor-element elementor-element-caa18a1 e-con-full e-flex e-con e-child\" data-id=\"caa18a1\" data-element_type=\"container\" data-e-type=\"container\">\n\t\t\t\t<div class=\"elementor-element elementor-element-c63b94b elementor-widget elementor-widget-heading\" data-id=\"c63b94b\" data-element_type=\"widget\" data-e-type=\"widget\" data-widget_type=\"heading.default\">\n\t\t\t\t\t<h6 class=\"elementor-heading-title elementor-size-default\">Disponible en<br>\n<strong>m\u00e1s de 17 pa\u00edses<\/strong><\/h6>\t\t\t\t<\/div>\n\t\t\t\t<\/div>\n\t\t\t\t\t<\/div>\n\t\t\t\t<\/div>\n\t\t\t\t<\/div>\n\t\t\t\t<\/div>\n\t\t\t\t\t\t<\/div>\n\t\t\t\t<\/div>\n\t\t\t\t<\/div>\n\t\t<div class=\"elementor-element elementor-element-c5a406c e-con-full e-flex e-con e-parent\" data-id=\"c5a406c\" data-element_type=\"container\" data-e-type=\"container\">\n\t\t\t\t<div class=\"elementor-element elementor-element-1952d17 elementor-widget elementor-widget-template\" data-id=\"1952d17\" data-element_type=\"widget\" data-e-type=\"widget\" data-widget_type=\"template.default\">\n\t\t\t\t<div class=\"elementor-widget-container\">\n\t\t\t\t\t\t\t<div class=\"elementor-template\">\n\t\t\t\t\t<div data-elementor-type=\"section\" data-elementor-id=\"18305\" class=\"elementor elementor-18305 elementor-17839\" data-elementor-post-type=\"elementor_library\">\n\t\t\t<div class=\"elementor-element elementor-element-39cca2c e-flex e-con-boxed elementor-invisible e-con e-parent\" data-id=\"39cca2c\" data-element_type=\"container\" data-e-type=\"container\" data-settings=\"{&quot;background_background&quot;:&quot;classic&quot;,&quot;animation&quot;:&quot;fadeIn&quot;}\">\n\t\t\t\t\t<div class=\"e-con-inner\">\n\t\t\t\t<div class=\"elementor-element elementor-element-3eae2c8 elementor-widget elementor-widget-heading\" data-id=\"3eae2c8\" data-element_type=\"widget\" data-e-type=\"widget\" data-widget_type=\"heading.default\">\n\t\t\t\t\t<h2 class=\"elementor-heading-title elementor-size-default\">Testimonios<\/h2>\t\t\t\t<\/div>\n\t\t\t\t<div class=\"elementor-element elementor-element-fc0963f elementor-testimonial--skin-default elementor-testimonial--layout-image_inline elementor-testimonial--align-center elementor-arrows-yes elementor-widget elementor-widget-testimonial-carousel\" data-id=\"fc0963f\" data-element_type=\"widget\" data-e-type=\"widget\" data-settings=\"{&quot;slides_per_view&quot;:&quot;1&quot;,&quot;slides_to_scroll&quot;:&quot;1&quot;,&quot;speed&quot;:1000,&quot;show_arrows&quot;:&quot;yes&quot;,&quot;loop&quot;:&quot;yes&quot;,&quot;space_between&quot;:{&quot;unit&quot;:&quot;px&quot;,&quot;size&quot;:10,&quot;sizes&quot;:[]},&quot;space_between_tablet&quot;:{&quot;unit&quot;:&quot;px&quot;,&quot;size&quot;:10,&quot;sizes&quot;:[]},&quot;space_between_mobile&quot;:{&quot;unit&quot;:&quot;px&quot;,&quot;size&quot;:10,&quot;sizes&quot;:[]}}\" data-widget_type=\"testimonial-carousel.default\">\n\t\t\t\t\t\t\t\t\t\t<div class=\"elementor-main-swiper swiper\" role=\"region\" aria-roledescription=\"carousel\" aria-label=\"Diapositives\">\n\t\t\t\t<div class=\"swiper-wrapper\">\n\t\t\t\t\t\t\t\t\t\t\t<div class=\"swiper-slide\" role=\"group\" aria-roledescription=\"slide\">\n\t\t\t\t\t\t\t\t\t<div class=\"elementor-testimonial\">\n\t\t\t\t\t\t\t<div class=\"elementor-testimonial__content\">\n\t\t\t\t\t<div class=\"elementor-testimonial__text\">\n\t\t\t\t\t\tMi m\u00e9todo natural es usar la suite LTO3 para episodios de estr\u00e9s y ansiedad. Tengo dificultad para concentrarme. Posteriormente, not\u00e9 una mejor\u00eda en mi capacidad de concentraci\u00f3n, en la falta de calma, sue\u00f1o y ansiedad, entre otros aspectos, tras un per\u00edodo de presi\u00f3n regular con LTO3.\t\t\t\t\t<\/div>\n\t\t\t\t\t\t\t\t\t<\/div>\n\t\t\t\t\t\t<div class=\"elementor-testimonial__footer\">\n\t\t\t\t\t\t\t\t<cite class=\"elementor-testimonial__cite\"><span class=\"elementor-testimonial__name\">M-J Bedard<\/span><\/cite>\t\t\t<\/div>\n\t\t<\/div>\n\t\t\t\t\t\t\t\t<\/div>\n\t\t\t\t\t\t\t\t\t\t\t<div class=\"swiper-slide\" role=\"group\" aria-roledescription=\"slide\">\n\t\t\t\t\t\t\t\t\t<div class=\"elementor-testimonial\">\n\t\t\t\t\t\t\t<div class=\"elementor-testimonial__content\">\n\t\t\t\t\t<div class=\"elementor-testimonial__text\">\n\t\t\t\t\t\tSufro de ansiedad y TDAH, y desde que empec\u00e9 a tomar LTO3, la ansiedad ha disminuido considerablemente. Todav\u00eda tengo momentos dif\u00edciles, \u00a1pero me ha salvado la vida! Adem\u00e1s, me ha ayudado mucho a concentrarme debido a mi TDAH, as\u00ed que estoy menos cansado por las tardes y necesito dormir siestas con menos frecuencia. Recomiendo este producto. Tambi\u00e9n les he hablado de LTO3 a varios amigos que tambi\u00e9n lo toman, \u00a1y ellos tambi\u00e9n han notado cambios maravillosos!\t\t\t\t\t<\/div>\n\t\t\t\t\t\t\t\t\t<\/div>\n\t\t\t\t\t\t<div class=\"elementor-testimonial__footer\">\n\t\t\t\t\t\t\t\t<cite class=\"elementor-testimonial__cite\"><span class=\"elementor-testimonial__name\">Anne<\/span><\/cite>\t\t\t<\/div>\n\t\t<\/div>\n\t\t\t\t\t\t\t\t<\/div>\n\t\t\t\t\t\t\t\t\t\t\t<div class=\"swiper-slide\" role=\"group\" aria-roledescription=\"slide\">\n\t\t\t\t\t\t\t\t\t<div class=\"elementor-testimonial\">\n\t\t\t\t\t\t\t<div class=\"elementor-testimonial__content\">\n\t\t\t\t\t<div class=\"elementor-testimonial__text\">\n\t\t\t\t\t\tGracias por este maravilloso producto. Mi hijo de 8 a\u00f1os tiene un problema grave de impulsividad y un poco de ansiedad. Estaba esperando psicoterapia para controlar sus rabietas con violencia verbal y f\u00edsica, pero desde que toma LTO3, 2 por la ma\u00f1ana y 2 al mediod\u00eda, hemos notado una gran diferencia. Sigue teniendo rabietas ocasionales, pero tiene control sobre lo que sucede despu\u00e9s...\t\t\t\t\t<\/div>\n\t\t\t\t\t\t\t\t\t<\/div>\n\t\t\t\t\t\t<div class=\"elementor-testimonial__footer\">\n\t\t\t\t\t\t\t\t<cite class=\"elementor-testimonial__cite\"><span class=\"elementor-testimonial__name\">K. St-Pierre<\/span><\/cite>\t\t\t<\/div>\n\t\t<\/div>\n\t\t\t\t\t\t\t\t<\/div>\n\t\t\t\t\t\t\t\t\t\t\t<div class=\"swiper-slide\" role=\"group\" aria-roledescription=\"slide\">\n\t\t\t\t\t\t\t\t\t<div class=\"elementor-testimonial\">\n\t\t\t\t\t\t\t<div class=\"elementor-testimonial__content\">\n\t\t\t\t\t<div class=\"elementor-testimonial__text\">\n\t\t\t\t\t\tMe gustar\u00eda agradecerles por el maravilloso producto LTO3 que me recomend\u00f3 una amiga de Ontario hace poco m\u00e1s de seis meses. Vivimos en el sur de Alberta, en Lethbridge. Mis hijos de 17 y 14 a\u00f1os tomaban antidepresivos para el TDAH y el s\u00edndrome de Asperger. Ambos medicamentos los inquietaban y sufr\u00edan de numerosos efectos secundarios. Cuando les recetamos LTO3, dejaron de tomar las pastillas en una semana y no las han vuelto a tomar desde entonces. Este producto es incre\u00edble y se lo he recomendado a mucha gente. Gracias de nuevo.\t\t\t\t\t<\/div>\n\t\t\t\t\t\t\t\t\t<\/div>\n\t\t\t\t\t\t<div class=\"elementor-testimonial__footer\">\n\t\t\t\t\t\t\t\t<cite class=\"elementor-testimonial__cite\"><span class=\"elementor-testimonial__name\">Una madre<\/span><\/cite>\t\t\t<\/div>\n\t\t<\/div>\n\t\t\t\t\t\t\t\t<\/div>\n\t\t\t\t\t\t\t\t\t\t\t<div class=\"swiper-slide\" role=\"group\" aria-roledescription=\"slide\">\n\t\t\t\t\t\t\t\t\t<div class=\"elementor-testimonial\">\n\t\t\t\t\t\t\t<div class=\"elementor-testimonial__content\">\n\t\t\t\t\t<div class=\"elementor-testimonial__text\">\n\t\t\t\t\t\t\u00a1\u00a1\u00a1Quiero darles much\u00edsimas gracias!!! Gracias a este producto, mi hija de seis a\u00f1os ha pasado de ser una ni\u00f1a extremadamente dif\u00edcil a una ni\u00f1a completamente normal con su personalidad de seis a\u00f1os. \u00a1Sus relaciones con ni\u00f1os de su edad y adultos han mejorado un 95%!\t\t\t\t\t<\/div>\n\t\t\t\t\t\t\t\t\t<\/div>\n\t\t\t\t\t\t<div class=\"elementor-testimonial__footer\">\n\t\t\t\t\t\t\t\t<cite class=\"elementor-testimonial__cite\"><span class=\"elementor-testimonial__name\">Una madre<\/span><\/cite>\t\t\t<\/div>\n\t\t<\/div>\n\t\t\t\t\t\t\t\t<\/div>\n\t\t\t\t\t\t\t\t\t<\/div>\n\t\t\t\t\t\t\t\t\t\t\t\t\t\t\t<div class=\"elementor-swiper-button elementor-swiper-button-prev\" role=\"button\" tabindex=\"0\" aria-label=\"Anterior\">\n\t\t\t\t\t\t\t<svg aria-hidden=\"true\" class=\"e-font-icon-svg e-eicon-chevron-left\" viewBox=\"0 0 1000 1000\" xmlns=\"http:\/\/www.w3.org\/2000\/svg\"><path d=\"M646 125C629 125 613 133 604 142L308 442C296 454 292 471 292 487 292 504 296 521 308 533L604 854C617 867 629 875 646 875 663 875 679 871 692 858 704 846 713 829 713 812 713 796 708 779 692 767L438 487 692 225C700 217 708 204 708 187 708 171 704 154 692 142 675 129 663 125 646 125Z\"><\/path><\/svg>\t\t\t\t\t\t<\/div>\n\t\t\t\t\t\t<div class=\"elementor-swiper-button elementor-swiper-button-next\" role=\"button\" tabindex=\"0\" aria-label=\"Siguiente\">\n\t\t\t\t\t\t\t<svg aria-hidden=\"true\" class=\"e-font-icon-svg e-eicon-chevron-right\" viewBox=\"0 0 1000 1000\" xmlns=\"http:\/\/www.w3.org\/2000\/svg\"><path d=\"M696 533C708 521 713 504 713 487 713 471 708 454 696 446L400 146C388 133 375 125 354 125 338 125 325 129 313 142 300 154 292 171 292 187 292 204 296 221 308 233L563 492 304 771C292 783 288 800 288 817 288 833 296 850 308 863 321 871 338 875 354 875 371 875 388 867 400 854L696 533Z\"><\/path><\/svg>\t\t\t\t\t\t<\/div>\n\t\t\t\t\t\t\t\t\t\t\t\t\t\t\t\t\t<\/div>\n\t\t\t\t\t\t\t\t<\/div>\n\t\t\t\t\t<\/div>\n\t\t\t\t<\/div>\n\t\t\t\t<\/div>\n\t\t\t\t<\/div>\n\t\t\t\t\t\t<\/div>\n\t\t\t\t<\/div>\n\t\t\t\t<\/div>\n\t\t\t\t<\/div>\n\t\t","protected":false},"excerpt":{"rendered":"<p>Copia El propietario de cualquier empresa que copiare uno de nuestros productos (de manera completa o parcial) ser\u00e1 procesado por delito y se expondr\u00e1 a una pena de prisi\u00f3n seg\u00fan la ley y la jurisprudencia sobre la propiedad intelectual. Aviso El concepto denominado\u00a0\u201cLTO3, LTO3 sin sabor, Plein Sommeil\u201d\u00a0es intr\u00ednseco a la creaci\u00f3n literaria o art\u00edstica [&hellip;]<\/p>\n","protected":false},"author":463,"featured_media":0,"parent":0,"menu_order":0,"comment_status":"closed","ping_status":"closed","template":"","meta":{"_acf_changed":false,"footnotes":""},"class_list":["post-2590","page","type-page","status-publish","hentry"],"acf":[],"_links":{"self":[{"href":"https:\/\/herb-e-concept.com\/es\/wp-json\/wp\/v2\/pages\/2590","targetHints":{"allow":["GET"]}}],"collection":[{"href":"https:\/\/herb-e-concept.com\/es\/wp-json\/wp\/v2\/pages"}],"about":[{"href":"https:\/\/herb-e-concept.com\/es\/wp-json\/wp\/v2\/types\/page"}],"author":[{"embeddable":true,"href":"https:\/\/herb-e-concept.com\/es\/wp-json\/wp\/v2\/users\/463"}],"replies":[{"embeddable":true,"href":"https:\/\/herb-e-concept.com\/es\/wp-json\/wp\/v2\/comments?post=2590"}],"version-history":[{"count":6,"href":"https:\/\/herb-e-concept.com\/es\/wp-json\/wp\/v2\/pages\/2590\/revisions"}],"predecessor-version":[{"id":18665,"href":"https:\/\/herb-e-concept.com\/es\/wp-json\/wp\/v2\/pages\/2590\/revisions\/18665"}],"wp:attachment":[{"href":"https:\/\/herb-e-concept.com\/es\/wp-json\/wp\/v2\/media?parent=2590"}],"curies":[{"name":"wp","href":"https:\/\/api.w.org\/{rel}","templated":true}]}}