{"id":2595,"date":"2020-03-03T16:38:33","date_gmt":"2020-03-03T21:38:33","guid":{"rendered":"https:\/\/herb-e-concept.com\/return-refund-or-cancellation-policy\/"},"modified":"2025-10-10T14:30:10","modified_gmt":"2025-10-10T18:30:10","slug":"return-refund-or-cancellation-policy","status":"publish","type":"page","link":"https:\/\/herb-e-concept.com\/es\/return-refund-or-cancellation-policy\/","title":{"rendered":"Return, Refund or Cancellation policy"},"content":{"rendered":"\t\t<div data-elementor-type=\"wp-page\" data-elementor-id=\"2595\" class=\"elementor elementor-2595 elementor-578\" data-elementor-post-type=\"page\">\n\t\t\t\t<div class=\"elementor-element elementor-element-a1148a9 e-flex e-con-boxed elementor-invisible e-con e-parent\" data-id=\"a1148a9\" data-element_type=\"container\" data-e-type=\"container\" data-settings=\"{&quot;animation&quot;:&quot;fadeIn&quot;}\">\n\t\t\t\t\t<div class=\"e-con-inner\">\n\t\t\t\t<div class=\"elementor-element elementor-element-2605600 elementor-widget elementor-widget-heading\" data-id=\"2605600\" data-element_type=\"widget\" data-e-type=\"widget\" data-widget_type=\"heading.default\">\n\t\t\t\t\t<h2 class=\"elementor-heading-title elementor-size-default\">Return, Refund or Cancellation policy<\/h2>\t\t\t\t<\/div>\n\t\t\t\t\t<\/div>\n\t\t\t\t<\/div>\n\t\t<div class=\"elementor-element elementor-element-3c5ea6f e-flex e-con-boxed elementor-invisible e-con e-parent\" data-id=\"3c5ea6f\" data-element_type=\"container\" data-e-type=\"container\" data-settings=\"{&quot;animation&quot;:&quot;fadeIn&quot;}\">\n\t\t\t\t\t<div class=\"e-con-inner\">\n\t\t\t\t<div class=\"elementor-element elementor-element-638bb081 elementor-widget elementor-widget-text-editor\" data-id=\"638bb081\" data-element_type=\"widget\" data-e-type=\"widget\" data-widget_type=\"text-editor.default\">\n\t\t\t\t\t\t\t\t\t<div class=\"wp-block-group container\"><div class=\"wp-block-group__inner-container\"><p>El cliente puede solicitar un reembolso o cancelar su compra dentro de un plazo razonable.<\/p><p>Reembolsaremos el importe a la tarjeta de cr\u00e9dito utilizada en el momento de la compra. No se realizar\u00e1n reembolsos en efectivo ni con cheque.<\/p><p>Pol\u00edtica de devoluciones<\/p><p>Nuestra pol\u00edtica de devoluciones permite la devoluci\u00f3n de un art\u00edculo dentro de los 30 d\u00edas siguientes a la fecha de recepci\u00f3n. (La confirmaci\u00f3n de entrega de Canada Post se utiliza como fecha de referencia).<\/p><p>Despu\u00e9s de 30 d\u00edas, no se aceptar\u00e1n reembolsos ni cambios, salvo circunstancias excepcionales.<\/p><p>Para poder devolver el art\u00edculo, este debe estar sin usar y en las mismas condiciones en que lo recibi\u00f3. No se aceptar\u00e1n botellas de suplementos abiertas. Los art\u00edculos deben estar en su embalaje original. Debe solicitar una autorizaci\u00f3n de devoluci\u00f3n por correo electr\u00f3nico a la siguiente direcci\u00f3n: info@herb-e-concept.com. Sin esta autorizaci\u00f3n, no se aceptar\u00e1 el producto y no se le devolver\u00e1. Para agilizar el proceso de devoluci\u00f3n, le pediremos que tome fotos del producto que desea devolver (puede incluirlas en su solicitud inicial).<\/p><p>A menos que el motivo de la devoluci\u00f3n sea un error nuestro, el cliente deber\u00e1 pagar los gastos de env\u00edo. El cliente es responsable de proteger adecuadamente el producto que devuelve. No aceptaremos art\u00edculos da\u00f1ados. Para devolver un art\u00edculo, incluya el recibo o un comprobante de compra. No devuelva el art\u00edculo comprado al fabricante.<\/p><h3>Reembolso (si corresponde)<\/h3><p>Una vez que recibamos e inspeccionemos su art\u00edculo, le enviaremos un correo electr\u00f3nico para notificarle que hemos recibido su devoluci\u00f3n. Tambi\u00e9n le informaremos si su solicitud de reembolso ha sido aprobada o denegada.<\/p><p>Si su solicitud es aprobada, se aplicar\u00e1 autom\u00e1ticamente un reembolso a su tarjeta de cr\u00e9dito o m\u00e9todo de pago original en un plazo de 10 d\u00edas h\u00e1biles. Recibir\u00e1 una notificaci\u00f3n de su reembolso por correo electr\u00f3nico.<\/p><h3>Reembolso tard\u00edo o faltante (si corresponde)<\/h3><p>Si a\u00fan no ha recibido su reembolso, consulte su cuenta bancaria con m\u00e1s tiempo como primer paso. A continuaci\u00f3n, contacte con la entidad emisora \u200b\u200bde su tarjeta de cr\u00e9dito, ya que el cr\u00e9dito podr\u00eda demorarse en su cuenta. Despu\u00e9s, puede contactar con su banco, ya que suele haber demoras debido al tiempo de procesamiento antes de que el reembolso aparezca en su cuenta. Si despu\u00e9s de todos estos pasos a\u00fan no ha recibido su reembolso, cont\u00e1ctenos en: info@herb-e-concept.com<\/p><h3>Cambio (si corresponde)<\/h3><p>Salvo que se deba a un error nuestro, solo reemplazamos art\u00edculos da\u00f1ados o defectuosos.<\/p><p>Si desea cambiar su art\u00edculo por el mismo, env\u00edenos un correo electr\u00f3nico a: \u00abinfo@herb-e-concept.com\u00bb. Tras la autorizaci\u00f3n, devuelva el art\u00edculo a nuestra direcci\u00f3n (Mirabel). Dependiendo de las circunstancias, los gastos de env\u00edo de la devoluci\u00f3n correr\u00e1n a cargo del cliente o de Herb-e-Concept. Si se aprueba su cambio, le reembolsaremos los gastos de env\u00edo.<\/p><h3>Cancelaci\u00f3n<\/h3><p>Para cancelar un pedido en curso, env\u00edenos un correo electr\u00f3nico a \u00abinfo@herb-e-concept.com\u00bb o llame a nuestro departamento de atenci\u00f3n al cliente (Tel. de Herb-e-Concept). Si su pedido ya ha sido enviado, deber\u00e1 esperar a que llegue. Despu\u00e9s, ll\u00e1menos y solicite un comprobante de devoluci\u00f3n, si corresponde. Finalmente, devuelva su pedido con dicho comprobante.<\/p><h3>Herb-e-Concept se reserva el derecho a:<\/h3><p>Suspender cualquier pedido o entrega en caso de impago;<br \/>Cambiar el precio y la descripci\u00f3n, y cancelar o rechazar cualquier pedido que contenga errores de precio o descripciones inexactas. Estas correcciones pueden realizarse incluso si el pedido ya ha sido aceptado.<br \/>Env\u00edo<\/p><p>Env\u00ede el art\u00edculo devuelto por correo a nuestra direcci\u00f3n: (direcci\u00f3n de Herb-e-Concept). Salvo que Herb-e-Concept lo acepte, deber\u00e1 pagar los gastos de env\u00edo al devolver un art\u00edculo.<\/p><p>Los gastos de env\u00edo no son reembolsables. Si recibe un reembolso, se le descontar\u00e1 la tarifa de devoluci\u00f3n. El plazo de entrega de su nuevo producto puede variar seg\u00fan su lugar de residencia.<\/p><p>Si env\u00eda uno o m\u00e1s art\u00edculos de gran valor, le recomendamos que utilice un servicio de entrega que le permita rastrear su env\u00edo y contratar un seguro para su paquete. No podemos garantizar la recepci\u00f3n del art\u00edculo devuelto.<\/p><h3>Disputa<\/h3><p>Herb-e-Concept es conocido por su excelente servicio al cliente, y la satisfacci\u00f3n de nuestros clientes es nuestra prioridad. Por ello, le recomendamos que se ponga en contacto con nosotros para hablar sobre su situaci\u00f3n antes de emprender acciones legales.<\/p><\/div><\/div>\t\t\t\t\t\t\t\t<\/div>\n\t\t\t\t\t<\/div>\n\t\t\t\t<\/div>\n\t\t<div class=\"elementor-element elementor-element-ead1208 e-con-full e-flex e-con e-parent\" data-id=\"ead1208\" data-element_type=\"container\" data-e-type=\"container\">\n\t\t\t\t<div class=\"elementor-element elementor-element-93919d2 elementor-widget elementor-widget-template\" data-id=\"93919d2\" data-element_type=\"widget\" data-e-type=\"widget\" data-widget_type=\"template.default\">\n\t\t\t\t<div class=\"elementor-widget-container\">\n\t\t\t\t\t\t\t<div class=\"elementor-template\">\n\t\t\t\t\t<div data-elementor-type=\"section\" data-elementor-id=\"18299\" class=\"elementor elementor-18299 elementor-17843\" data-elementor-post-type=\"elementor_library\">\n\t\t\t<div class=\"elementor-element elementor-element-ff74708 e-flex e-con-boxed elementor-invisible e-con e-parent\" data-id=\"ff74708\" data-element_type=\"container\" data-e-type=\"container\" data-settings=\"{&quot;background_background&quot;:&quot;classic&quot;,&quot;animation&quot;:&quot;fadeIn&quot;}\">\n\t\t\t\t\t<div class=\"e-con-inner\">\n\t\t<div class=\"elementor-element elementor-element-a52a1b4 e-con-full e-flex e-con e-child\" data-id=\"a52a1b4\" data-element_type=\"container\" data-e-type=\"container\">\n\t\t\t\t<div class=\"elementor-element elementor-element-029a96b elementor-widget elementor-widget-heading\" data-id=\"029a96b\" data-element_type=\"widget\" data-e-type=\"widget\" data-widget_type=\"heading.default\">\n\t\t\t\t\t<h6 class=\"elementor-heading-title elementor-size-default\">Suplementos naturales,<br>\n<strong>puros y efectivos<\/strong><\/h6>\t\t\t\t<\/div>\n\t\t\t\t<\/div>\n\t\t<div class=\"elementor-element elementor-element-37003d2 e-con-full e-flex e-con e-child\" data-id=\"37003d2\" data-element_type=\"container\" data-e-type=\"container\">\n\t\t\t\t<div class=\"elementor-element elementor-element-fbfb519 elementor-widget elementor-widget-heading\" data-id=\"fbfb519\" data-element_type=\"widget\" data-e-type=\"widget\" data-widget_type=\"heading.default\">\n\t\t\t\t\t<h6 class=\"elementor-heading-title elementor-size-default\">Experiencia reconocida<br>\n<strong>desde el a\u00f1o 2000<\/strong><\/h6>\t\t\t\t<\/div>\n\t\t\t\t<\/div>\n\t\t<div class=\"elementor-element elementor-element-90359cb e-con-full e-flex e-con e-child\" data-id=\"90359cb\" data-element_type=\"container\" data-e-type=\"container\">\n\t\t\t\t<div class=\"elementor-element elementor-element-5344047 elementor-widget elementor-widget-heading\" data-id=\"5344047\" data-element_type=\"widget\" data-e-type=\"widget\" data-widget_type=\"heading.default\">\n\t\t\t\t\t<h6 class=\"elementor-heading-title elementor-size-default\">Productos<br>\n<strong>certificados<\/strong><\/h6>\t\t\t\t<\/div>\n\t\t\t\t<\/div>\n\t\t<div class=\"elementor-element elementor-element-caa18a1 e-con-full e-flex e-con e-child\" data-id=\"caa18a1\" data-element_type=\"container\" data-e-type=\"container\">\n\t\t\t\t<div class=\"elementor-element elementor-element-c63b94b elementor-widget elementor-widget-heading\" data-id=\"c63b94b\" data-element_type=\"widget\" data-e-type=\"widget\" data-widget_type=\"heading.default\">\n\t\t\t\t\t<h6 class=\"elementor-heading-title elementor-size-default\">Disponible en<br>\n<strong>m\u00e1s de 17 pa\u00edses<\/strong><\/h6>\t\t\t\t<\/div>\n\t\t\t\t<\/div>\n\t\t\t\t\t<\/div>\n\t\t\t\t<\/div>\n\t\t\t\t<\/div>\n\t\t\t\t<\/div>\n\t\t\t\t\t\t<\/div>\n\t\t\t\t<\/div>\n\t\t\t\t<\/div>\n\t\t<div class=\"elementor-element elementor-element-25b9098 e-con-full e-flex e-con e-parent\" data-id=\"25b9098\" data-element_type=\"container\" data-e-type=\"container\">\n\t\t\t\t<div class=\"elementor-element elementor-element-296d2af elementor-widget elementor-widget-template\" data-id=\"296d2af\" data-element_type=\"widget\" data-e-type=\"widget\" data-widget_type=\"template.default\">\n\t\t\t\t<div class=\"elementor-widget-container\">\n\t\t\t\t\t\t\t<div class=\"elementor-template\">\n\t\t\t\t\t<div data-elementor-type=\"section\" data-elementor-id=\"18305\" class=\"elementor elementor-18305 elementor-17839\" data-elementor-post-type=\"elementor_library\">\n\t\t\t<div class=\"elementor-element elementor-element-39cca2c e-flex e-con-boxed elementor-invisible e-con e-parent\" data-id=\"39cca2c\" data-element_type=\"container\" data-e-type=\"container\" data-settings=\"{&quot;background_background&quot;:&quot;classic&quot;,&quot;animation&quot;:&quot;fadeIn&quot;}\">\n\t\t\t\t\t<div class=\"e-con-inner\">\n\t\t\t\t<div class=\"elementor-element elementor-element-3eae2c8 elementor-widget elementor-widget-heading\" data-id=\"3eae2c8\" data-element_type=\"widget\" data-e-type=\"widget\" data-widget_type=\"heading.default\">\n\t\t\t\t\t<h2 class=\"elementor-heading-title elementor-size-default\">Testimonios<\/h2>\t\t\t\t<\/div>\n\t\t\t\t<div class=\"elementor-element elementor-element-fc0963f elementor-testimonial--skin-default elementor-testimonial--layout-image_inline elementor-testimonial--align-center elementor-arrows-yes elementor-widget elementor-widget-testimonial-carousel\" data-id=\"fc0963f\" data-element_type=\"widget\" data-e-type=\"widget\" data-settings=\"{&quot;slides_per_view&quot;:&quot;1&quot;,&quot;slides_to_scroll&quot;:&quot;1&quot;,&quot;speed&quot;:1000,&quot;show_arrows&quot;:&quot;yes&quot;,&quot;loop&quot;:&quot;yes&quot;,&quot;space_between&quot;:{&quot;unit&quot;:&quot;px&quot;,&quot;size&quot;:10,&quot;sizes&quot;:[]},&quot;space_between_tablet&quot;:{&quot;unit&quot;:&quot;px&quot;,&quot;size&quot;:10,&quot;sizes&quot;:[]},&quot;space_between_mobile&quot;:{&quot;unit&quot;:&quot;px&quot;,&quot;size&quot;:10,&quot;sizes&quot;:[]}}\" data-widget_type=\"testimonial-carousel.default\">\n\t\t\t\t\t\t\t\t\t\t<div class=\"elementor-main-swiper swiper\" role=\"region\" aria-roledescription=\"carousel\" aria-label=\"Diapositives\">\n\t\t\t\t<div class=\"swiper-wrapper\">\n\t\t\t\t\t\t\t\t\t\t\t<div class=\"swiper-slide\" role=\"group\" aria-roledescription=\"slide\">\n\t\t\t\t\t\t\t\t\t<div class=\"elementor-testimonial\">\n\t\t\t\t\t\t\t<div class=\"elementor-testimonial__content\">\n\t\t\t\t\t<div class=\"elementor-testimonial__text\">\n\t\t\t\t\t\tMi m\u00e9todo natural es usar la suite LTO3 para episodios de estr\u00e9s y ansiedad. Tengo dificultad para concentrarme. Posteriormente, not\u00e9 una mejor\u00eda en mi capacidad de concentraci\u00f3n, en la falta de calma, sue\u00f1o y ansiedad, entre otros aspectos, tras un per\u00edodo de presi\u00f3n regular con LTO3.\t\t\t\t\t<\/div>\n\t\t\t\t\t\t\t\t\t<\/div>\n\t\t\t\t\t\t<div class=\"elementor-testimonial__footer\">\n\t\t\t\t\t\t\t\t<cite class=\"elementor-testimonial__cite\"><span class=\"elementor-testimonial__name\">M-J Bedard<\/span><\/cite>\t\t\t<\/div>\n\t\t<\/div>\n\t\t\t\t\t\t\t\t<\/div>\n\t\t\t\t\t\t\t\t\t\t\t<div class=\"swiper-slide\" role=\"group\" aria-roledescription=\"slide\">\n\t\t\t\t\t\t\t\t\t<div class=\"elementor-testimonial\">\n\t\t\t\t\t\t\t<div class=\"elementor-testimonial__content\">\n\t\t\t\t\t<div class=\"elementor-testimonial__text\">\n\t\t\t\t\t\tSufro de ansiedad y TDAH, y desde que empec\u00e9 a tomar LTO3, la ansiedad ha disminuido considerablemente. Todav\u00eda tengo momentos dif\u00edciles, \u00a1pero me ha salvado la vida! Adem\u00e1s, me ha ayudado mucho a concentrarme debido a mi TDAH, as\u00ed que estoy menos cansado por las tardes y necesito dormir siestas con menos frecuencia. Recomiendo este producto. Tambi\u00e9n les he hablado de LTO3 a varios amigos que tambi\u00e9n lo toman, \u00a1y ellos tambi\u00e9n han notado cambios maravillosos!\t\t\t\t\t<\/div>\n\t\t\t\t\t\t\t\t\t<\/div>\n\t\t\t\t\t\t<div class=\"elementor-testimonial__footer\">\n\t\t\t\t\t\t\t\t<cite class=\"elementor-testimonial__cite\"><span class=\"elementor-testimonial__name\">Anne<\/span><\/cite>\t\t\t<\/div>\n\t\t<\/div>\n\t\t\t\t\t\t\t\t<\/div>\n\t\t\t\t\t\t\t\t\t\t\t<div class=\"swiper-slide\" role=\"group\" aria-roledescription=\"slide\">\n\t\t\t\t\t\t\t\t\t<div class=\"elementor-testimonial\">\n\t\t\t\t\t\t\t<div class=\"elementor-testimonial__content\">\n\t\t\t\t\t<div class=\"elementor-testimonial__text\">\n\t\t\t\t\t\tGracias por este maravilloso producto. Mi hijo de 8 a\u00f1os tiene un problema grave de impulsividad y un poco de ansiedad. Estaba esperando psicoterapia para controlar sus rabietas con violencia verbal y f\u00edsica, pero desde que toma LTO3, 2 por la ma\u00f1ana y 2 al mediod\u00eda, hemos notado una gran diferencia. Sigue teniendo rabietas ocasionales, pero tiene control sobre lo que sucede despu\u00e9s...\t\t\t\t\t<\/div>\n\t\t\t\t\t\t\t\t\t<\/div>\n\t\t\t\t\t\t<div class=\"elementor-testimonial__footer\">\n\t\t\t\t\t\t\t\t<cite class=\"elementor-testimonial__cite\"><span class=\"elementor-testimonial__name\">K. St-Pierre<\/span><\/cite>\t\t\t<\/div>\n\t\t<\/div>\n\t\t\t\t\t\t\t\t<\/div>\n\t\t\t\t\t\t\t\t\t\t\t<div class=\"swiper-slide\" role=\"group\" aria-roledescription=\"slide\">\n\t\t\t\t\t\t\t\t\t<div class=\"elementor-testimonial\">\n\t\t\t\t\t\t\t<div class=\"elementor-testimonial__content\">\n\t\t\t\t\t<div class=\"elementor-testimonial__text\">\n\t\t\t\t\t\tMe gustar\u00eda agradecerles por el maravilloso producto LTO3 que me recomend\u00f3 una amiga de Ontario hace poco m\u00e1s de seis meses. Vivimos en el sur de Alberta, en Lethbridge. Mis hijos de 17 y 14 a\u00f1os tomaban antidepresivos para el TDAH y el s\u00edndrome de Asperger. Ambos medicamentos los inquietaban y sufr\u00edan de numerosos efectos secundarios. Cuando les recetamos LTO3, dejaron de tomar las pastillas en una semana y no las han vuelto a tomar desde entonces. Este producto es incre\u00edble y se lo he recomendado a mucha gente. Gracias de nuevo.\t\t\t\t\t<\/div>\n\t\t\t\t\t\t\t\t\t<\/div>\n\t\t\t\t\t\t<div class=\"elementor-testimonial__footer\">\n\t\t\t\t\t\t\t\t<cite class=\"elementor-testimonial__cite\"><span class=\"elementor-testimonial__name\">Una madre<\/span><\/cite>\t\t\t<\/div>\n\t\t<\/div>\n\t\t\t\t\t\t\t\t<\/div>\n\t\t\t\t\t\t\t\t\t\t\t<div class=\"swiper-slide\" role=\"group\" aria-roledescription=\"slide\">\n\t\t\t\t\t\t\t\t\t<div class=\"elementor-testimonial\">\n\t\t\t\t\t\t\t<div class=\"elementor-testimonial__content\">\n\t\t\t\t\t<div class=\"elementor-testimonial__text\">\n\t\t\t\t\t\t\u00a1\u00a1\u00a1Quiero darles much\u00edsimas gracias!!! Gracias a este producto, mi hija de seis a\u00f1os ha pasado de ser una ni\u00f1a extremadamente dif\u00edcil a una ni\u00f1a completamente normal con su personalidad de seis a\u00f1os. \u00a1Sus relaciones con ni\u00f1os de su edad y adultos han mejorado un 95%!\t\t\t\t\t<\/div>\n\t\t\t\t\t\t\t\t\t<\/div>\n\t\t\t\t\t\t<div class=\"elementor-testimonial__footer\">\n\t\t\t\t\t\t\t\t<cite class=\"elementor-testimonial__cite\"><span class=\"elementor-testimonial__name\">Una madre<\/span><\/cite>\t\t\t<\/div>\n\t\t<\/div>\n\t\t\t\t\t\t\t\t<\/div>\n\t\t\t\t\t\t\t\t\t<\/div>\n\t\t\t\t\t\t\t\t\t\t\t\t\t\t\t<div class=\"elementor-swiper-button elementor-swiper-button-prev\" role=\"button\" tabindex=\"0\" aria-label=\"Anterior\">\n\t\t\t\t\t\t\t<svg aria-hidden=\"true\" class=\"e-font-icon-svg e-eicon-chevron-left\" viewBox=\"0 0 1000 1000\" xmlns=\"http:\/\/www.w3.org\/2000\/svg\"><path d=\"M646 125C629 125 613 133 604 142L308 442C296 454 292 471 292 487 292 504 296 521 308 533L604 854C617 867 629 875 646 875 663 875 679 871 692 858 704 846 713 829 713 812 713 796 708 779 692 767L438 487 692 225C700 217 708 204 708 187 708 171 704 154 692 142 675 129 663 125 646 125Z\"><\/path><\/svg>\t\t\t\t\t\t<\/div>\n\t\t\t\t\t\t<div class=\"elementor-swiper-button elementor-swiper-button-next\" role=\"button\" tabindex=\"0\" aria-label=\"Siguiente\">\n\t\t\t\t\t\t\t<svg aria-hidden=\"true\" class=\"e-font-icon-svg e-eicon-chevron-right\" viewBox=\"0 0 1000 1000\" xmlns=\"http:\/\/www.w3.org\/2000\/svg\"><path d=\"M696 533C708 521 713 504 713 487 713 471 708 454 696 446L400 146C388 133 375 125 354 125 338 125 325 129 313 142 300 154 292 171 292 187 292 204 296 221 308 233L563 492 304 771C292 783 288 800 288 817 288 833 296 850 308 863 321 871 338 875 354 875 371 875 388 867 400 854L696 533Z\"><\/path><\/svg>\t\t\t\t\t\t<\/div>\n\t\t\t\t\t\t\t\t\t\t\t\t\t\t\t\t\t<\/div>\n\t\t\t\t\t\t\t\t<\/div>\n\t\t\t\t\t<\/div>\n\t\t\t\t<\/div>\n\t\t\t\t<\/div>\n\t\t\t\t<\/div>\n\t\t\t\t\t\t<\/div>\n\t\t\t\t<\/div>\n\t\t\t\t<\/div>\n\t\t\t\t<\/div>\n\t\t","protected":false},"excerpt":{"rendered":"<p>El cliente puede solicitar un reembolso o cancelar su compra dentro de un plazo razonable. Reembolsaremos el importe a la tarjeta de cr\u00e9dito utilizada en el momento de la compra. No se realizar\u00e1n reembolsos en efectivo ni con cheque. Pol\u00edtica de devoluciones Nuestra pol\u00edtica de devoluciones permite la devoluci\u00f3n de un art\u00edculo dentro de los [&hellip;]<\/p>\n","protected":false},"author":463,"featured_media":0,"parent":0,"menu_order":0,"comment_status":"closed","ping_status":"closed","template":"","meta":{"_acf_changed":false,"footnotes":""},"class_list":["post-2595","page","type-page","status-publish","hentry"],"acf":[],"_links":{"self":[{"href":"https:\/\/herb-e-concept.com\/es\/wp-json\/wp\/v2\/pages\/2595","targetHints":{"allow":["GET"]}}],"collection":[{"href":"https:\/\/herb-e-concept.com\/es\/wp-json\/wp\/v2\/pages"}],"about":[{"href":"https:\/\/herb-e-concept.com\/es\/wp-json\/wp\/v2\/types\/page"}],"author":[{"embeddable":true,"href":"https:\/\/herb-e-concept.com\/es\/wp-json\/wp\/v2\/users\/463"}],"replies":[{"embeddable":true,"href":"https:\/\/herb-e-concept.com\/es\/wp-json\/wp\/v2\/comments?post=2595"}],"version-history":[{"count":7,"href":"https:\/\/herb-e-concept.com\/es\/wp-json\/wp\/v2\/pages\/2595\/revisions"}],"predecessor-version":[{"id":18670,"href":"https:\/\/herb-e-concept.com\/es\/wp-json\/wp\/v2\/pages\/2595\/revisions\/18670"}],"wp:attachment":[{"href":"https:\/\/herb-e-concept.com\/es\/wp-json\/wp\/v2\/media?parent=2595"}],"curies":[{"name":"wp","href":"https:\/\/api.w.org\/{rel}","templated":true}]}}