{"id":2834,"date":"2020-08-05T17:35:49","date_gmt":"2020-08-05T21:35:49","guid":{"rendered":"https:\/\/herb-e-concept.com\/politica-de-seguridad-y-confidencialidad\/"},"modified":"2025-10-10T14:26:34","modified_gmt":"2025-10-10T18:26:34","slug":"politica-de-seguridad-y-confidencialidad","status":"publish","type":"page","link":"https:\/\/herb-e-concept.com\/es\/politica-de-seguridad-y-confidencialidad\/","title":{"rendered":"Pol\u00edtica de seguridad y confidencialidad"},"content":{"rendered":"\t\t<div data-elementor-type=\"wp-page\" data-elementor-id=\"2834\" class=\"elementor elementor-2834 elementor-596\" data-elementor-post-type=\"page\">\n\t\t\t\t<div class=\"elementor-element elementor-element-aaa05b0 e-flex e-con-boxed elementor-invisible e-con e-parent\" data-id=\"aaa05b0\" data-element_type=\"container\" data-e-type=\"container\" data-settings=\"{&quot;animation&quot;:&quot;fadeIn&quot;}\">\n\t\t\t\t\t<div class=\"e-con-inner\">\n\t\t\t\t<div class=\"elementor-element elementor-element-3f4e428 elementor-widget elementor-widget-heading\" data-id=\"3f4e428\" data-element_type=\"widget\" data-e-type=\"widget\" data-widget_type=\"heading.default\">\n\t\t\t\t\t<h2 class=\"elementor-heading-title elementor-size-default\">Pol\u00edtica de seguridad y confidencialidad<\/h2>\t\t\t\t<\/div>\n\t\t\t\t\t<\/div>\n\t\t\t\t<\/div>\n\t\t<div class=\"elementor-element elementor-element-47291fe e-flex e-con-boxed elementor-invisible e-con e-parent\" data-id=\"47291fe\" data-element_type=\"container\" data-e-type=\"container\" data-settings=\"{&quot;animation&quot;:&quot;fadeIn&quot;}\">\n\t\t\t\t\t<div class=\"e-con-inner\">\n\t\t\t\t<div class=\"elementor-element elementor-element-7835e6c0 elementor-widget elementor-widget-text-editor\" data-id=\"7835e6c0\" data-element_type=\"widget\" data-e-type=\"widget\" data-widget_type=\"text-editor.default\">\n\t\t\t\t\t\t\t\t\t\n<div class=\"wp-block-group container\">\n<div class=\"wp-block-group__inner-container\">\n<p>Ante el desarrollo de las nuevas herramientas de comunicaci\u00f3n, es necesario prestar especial atenci\u00f3n a la protecci\u00f3n de la vida privada. Por ello, nos comprometemos a respetar la confidencialidad de la informaci\u00f3n personal que recabamos.<\/p>\n\n<h3>Recopilaci\u00f3n de informaci\u00f3n personal<\/h3>\n\n<p>Recopilamos la siguiente informaci\u00f3n:<\/p>\n\n<ul>\n<li>Nombre de la empresa<\/li>\n<li>Apellido<\/li>\n<li>Nombre<\/li>\n<li>Direcci\u00f3n postal<\/li>\n<li>C\u00f3digo postal<\/li>\n<li>Correo electr\u00f3nico<\/li>\n<li>N\u00famero de tel\u00e9fono o fax<\/li>\n<li>N\u00famero de tarjeta de cr\u00e9dito<\/li>\n<li>G\u00e9nero\/Sexo<\/li>\n<li>Edad\/Fecha de nacimiento<\/li>\n<\/ul>\n\n<p>La informaci\u00f3n personal que recabamos se recopila a trav\u00e9s de formularios y gracias a la interacci\u00f3n establecida entre usted y nuestro sitio web. Tambi\u00e9n utilizamos, como se indica en la siguiente secci\u00f3n, archivos testigo o de registro para recopilar informaci\u00f3n sobre usted.<\/p>\n\n<h3><strong>Formularios e interacci\u00f3n<\/strong><\/h3>\n\n<p>Su informaci\u00f3n personal se recopila por medio de formularios, por ejemplo:<\/p>\n\n<ul>\n<li>Formulario de inscripci\u00f3n al sitio web<\/li>\n<li>Formulario de pedido<\/li>\n<li>Concursos<\/li>\n<li>Formulario de inscripci\u00f3n a un bolet\u00edn informativo<\/li>\n<li>Formulario de inscripci\u00f3n para recibir un documento, un webinario, una promoci\u00f3n comercial<\/li>\n<\/ul>\n\n<p>Utilizamos la informaci\u00f3n recabada de esta forma para los siguientes fines:<\/p>\n\n<ul>\n<li>Seguimiento del pedido.<\/li>\n<li>Informaci\u00f3n u ofertas promocionales<\/li>\n<li>Estad\u00edsticas.<\/li>\n<li>Contacto<\/li>\n<li>Administraci\u00f3n del sitio web (presentaci\u00f3n, organizaci\u00f3n)<\/li>\n<\/ul>\n\n<p>Utilizamos la informaci\u00f3n recabada de esta forma para los siguientes fines:<\/p>\n\n<ul>\n<li>Estad\u00edsticas.<\/li>\n<li>Contacto<\/li>\n<li>Administraci\u00f3n del sitio web (presentaci\u00f3n, organizaci\u00f3n)<\/li>\n<\/ul>\n\n<p>Utilizamos la informaci\u00f3n recabada de esta forma para los siguientes fines:<\/p>\n\n<ul>\n<li>Correspondencia<\/li>\n<li>Informaci\u00f3n u ofertas promocionales<\/li>\n<\/ul>\n\n<h2>Cookies y archivos de registro<\/h2>\n\n<p>Recabamos cierta informaci\u00f3n por medio de archivos de registro (log file) y de archivos testigo (cookies). Se trata, principalmente, de la siguiente informaci\u00f3n:<\/p>\n\n<ul>\n<li>Direcci\u00f3n IP<\/li>\n<li>Sistema operativo<\/li>\n<li>P\u00e1ginas visitadas y b\u00fasquedas<\/li>\n<li>D\u00eda y hora de conexi\u00f3n<\/li>\n<\/ul>\n\n<p>El uso de estos archivos nos permite realizar lo siguiente<\/p>\n\n<ul>\n<li>Mejora del servicio y recibimiento personalizado<\/li>\n<li>Perfil de consumo personalizado<\/li>\n<li>Seguimiento de pedidos<\/li>\n<li>Estad\u00edsticas<\/li>\n<li>Mantener productos entre sus favoritos o conservar art\u00edculos en su carrito para una futura compra.<\/li>\n<\/ul>\n\n<p>Si deja un comentario en nuestro sitio, se le propondr\u00e1 registrar su nombre, direcci\u00f3n de correo electr\u00f3nico y sitio web en las cookies. Esto es solo para su comodidad, a fin de no tener que ingresar esa informaci\u00f3n si hace otro comentario m\u00e1s tarde. Estas cookies expiran al cabo de un a\u00f1o.<\/p>\n\n<p>Si tiene una cuenta y se conecta a este sitio, se crear\u00e1 una cookie temporal para determinar si su navegador acepta cookies. No contiene datos personales y se eliminar\u00e1 autom\u00e1ticamente al cerrar su navegador.<\/p>\n\n<p>Cuando inicie sesi\u00f3n, estableceremos un determinado n\u00famero de cookies para registrar su informaci\u00f3n de conexi\u00f3n y sus preferencias de pantalla. La vigencia de una cookie de conexi\u00f3n es de dos d\u00edas y la de una cookie de opci\u00f3n de pantalla es de un a\u00f1o. Si marca la opci\u00f3n \u201cRecordarme\u201d, su cookie de conexi\u00f3n se conservar\u00e1 durante dos semanas. Si cierra la sesi\u00f3n de su cuenta, la cookie de conexi\u00f3n se eliminar\u00e1.<\/p>\n\n<p>Al modificar o publicar informaci\u00f3n, una cookie adicional se registrar\u00e1 en su navegador. Esta cookie no contiene ning\u00fan dato personal. Solo indica el ID de la publicaci\u00f3n que acaba de modificar. Expira al cabo de un d\u00eda.<\/p>\n\n<h2>Qu\u00e9 informaci\u00f3n recabamos y almacenamos<\/h2>\n\n<p>Durante su visita al sitio, seguimos lo siguiente:<\/p>\n\n<ul>\n<li>Productos que ha visto: los utilizamos, por ejemplo, para mostrar los productos que vio recientemente.<\/li>\n<li>Localizaci\u00f3n, direcci\u00f3n IP y tipo de navegador: los utilizamos para calcular impuestos y gastos de env\u00edo.<\/li>\n<li>Direcci\u00f3n de entrega: le pediremos que la complete para calcular los gastos de entrega antes de que realice el pedido, \u00a1y para enviarle su compra!<\/li>\n<\/ul>\n\n<p>Utilizamos cookies para seguir los contenidos del carrito mientras navega por nuestro sitio. Cuando compre en nuestro sitio web, le pediremos que proporcione determinada informaci\u00f3n, como su nombre, direcci\u00f3n de facturaci\u00f3n, direcci\u00f3n de entrega, direcci\u00f3n de correo electr\u00f3nico, n\u00famero de tel\u00e9fono, coordenadas de pago o tarjeta bancaria y, eventualmente, los datos de la cuenta, tales como nombre de usuario y contrase\u00f1a.<\/p>\n\n<p>Esta informaci\u00f3n se utilizar\u00e1 para lo siguiente<\/p>\n\n<ul>\n<li>Enviar informaci\u00f3n referida a su cuenta y pedido<\/li>\n<li>Responder preguntas, incluso informaci\u00f3n sobre rembolsos y reclamos<\/li>\n<li>Procesamiento de pagos y prevenci\u00f3n del fraude<\/li>\n<li>Configurar su cuenta para nuestra tienda<\/li>\n<li>Garantizar la conformidad con toda obligaci\u00f3n legal, como el c\u00e1lculo de impuestos<\/li>\n<li>Mejorar las ofertas de nuestra tienda<\/li>\n<li>Enviarle mensajes de marketing, si desea recibirlos<\/li>\n<\/ul>\n\n<p>Si crea una cuenta, almacenamos su nombre, direcci\u00f3n, correo electr\u00f3nico, y n\u00famero de tel\u00e9fono, que se utilizar\u00e1 para completar la validaci\u00f3n del pedido para pr\u00f3ximas compras.<\/p>\n\n<p>Por lo general, almacenamos su informaci\u00f3n tanto tiempo como la necesitemos para el uso para el que la recopilamos y usamos, y no estamos obligados legalmente a seguir conserv\u00e1ndola.<\/p>\n\n<p>Por ejemplo, almacenamos la informaci\u00f3n de pedidos durante diez (10) a\u00f1os por cuestiones de impuestos y contabilidad. Esto incluye su nombre, direcci\u00f3n de correo electr\u00f3nico y direcciones de facturaci\u00f3n y entrega.<\/p>\n\n<p>Conservamos tambi\u00e9n todos los comentarios y opiniones, si decide enviar alguno.<\/p>\n\n<h3>Qui\u00e9n de nuestro equipo tiene acceso a los datos<\/h3>\n\n<p>Los miembros de nuestro equipo tienen acceso a la informaci\u00f3n que nos proporciona. Por ejemplo, los administradores y gerentes de tienda tienen acceso a lo siguiente:<\/p>\n\n<ul>\n<li>Informaci\u00f3n de pedido, por ejemplo, qu\u00e9 se compr\u00f3, cu\u00e1ndo y d\u00f3nde deber\u00e1 ser enviada la compra, etc.<\/li>\n<li>Informaci\u00f3n del cliente, por ejemplo, nombre, direcci\u00f3n de correo electr\u00f3nico e informaci\u00f3n de facturaci\u00f3n y entrega.<\/li>\n<\/ul>\n\n<p>Nuestro equipo tiene acceso a esta informaci\u00f3n para procesar los pedidos, efectuar los reembolsos y ofrecerle ayuda.<\/p>\n\n<h3>Qu\u00e9 compartimos con terceros<\/h3>\n\n<p>Compartimos datos con terceros que nos ayudan a administrar nuestros pedidos y servicios de la tienda.<\/p>\n\n<h3>Pagos<\/h3>\n\n<p>Aceptamos pagos a trav\u00e9s de Stripes, PayPal y tarjetas de cr\u00e9dito.<\/p>\n\n<p>Durante el procesamiento de los pagos, algunos datos se transmiten a Stripes, incluso la informaci\u00f3n obligatoria para la ejecuci\u00f3n del pago, como el monto total o la informaci\u00f3n de facturaci\u00f3n.<\/p>\n\n<h3><strong>Derecho de oposici\u00f3n y retirada<\/strong><\/h3>\n\n<p>Nos comprometemos a ofrecerle el derecho de oposici\u00f3n y retirada en cuanto a su informaci\u00f3n personal.<\/p>\n\n<p>El derecho de oposici\u00f3n se entiende como la posibilidad ofrecida a los usuarios de Internet de rechazar que su informaci\u00f3n personal se utilice para algunos fines mencionados durante la recopilaci\u00f3n.<\/p>\n\n<p>El derecho de retirada se entiende como la posibilidad ofrecida a los usuarios de Internet de solicitar que su informaci\u00f3n personal no figure m\u00e1s, por ejemplo, en una lista de difusi\u00f3n.<\/p>\n\n<p>Para poder ejercer estos derechos, comun\u00edquese con nosotros:<br \/>Direcci\u00f3n: address of Herb-e-Concept<br \/>Correo electr\u00f3nico: www.herb-e-concept.com<br \/>Tel\u00e9fono:<br \/>Secci\u00f3n del sitio web: p\u00e1gina \u201cContacto\u201d<\/p>\n\n<p>La informaci\u00f3n personal que recabamos se conserva en un entorno seguro. Las personas que trabajan para nosotros tienen la obligaci\u00f3n de respetar la confidencialidad de su informaci\u00f3n.<\/p>\n\n<p>Para garantizar la seguridad de su informaci\u00f3n personal, ponemos en pr\u00e1ctica las siguientes medidas:<\/p>\n\n<ul>\n<li>Protocolo SSL (Secure Sockets Layer).<\/li>\n<li>Protocolo SET (Secure Electronic Transaction)<\/li>\n<li>Gesti\u00f3n de accesos: persona autorizada<\/li>\n<li>Software de monitoreo de red<\/li>\n<li>Copia de seguridad inform\u00e1tica<\/li>\n<li>Desarrollo de certificados digitales<\/li>\n<li>Usuario y contrase\u00f1a<\/li>\n<li>Cortafuegos (Firewall)<\/li>\n<\/ul>\n\n<p>Nos comprometemos a mantener un alto grado de confidencialidad integrando las \u00faltimas innovaciones tecnol\u00f3gicas que permiten asegurar la confidencialidad de sus transacciones. No obstante, como ning\u00fan mecanismo ofrece una seguridad m\u00e1xima, siempre existe algo de riesgo al utilizar Internet para transmitir informaci\u00f3n personal.<\/p>\n<\/div>\n<\/div>\n\n<p>\u00a0<\/p>\n\t\t\t\t\t\t\t\t<\/div>\n\t\t\t\t\t<\/div>\n\t\t\t\t<\/div>\n\t\t<div class=\"elementor-element elementor-element-e774c06 e-con-full e-flex e-con e-parent\" data-id=\"e774c06\" data-element_type=\"container\" data-e-type=\"container\">\n\t\t\t\t<div class=\"elementor-element elementor-element-d403b2b elementor-widget elementor-widget-template\" data-id=\"d403b2b\" data-element_type=\"widget\" data-e-type=\"widget\" data-widget_type=\"template.default\">\n\t\t\t\t<div class=\"elementor-widget-container\">\n\t\t\t\t\t\t\t<div class=\"elementor-template\">\n\t\t\t\t\t<div data-elementor-type=\"section\" data-elementor-id=\"18299\" class=\"elementor elementor-18299 elementor-17843\" data-elementor-post-type=\"elementor_library\">\n\t\t\t<div class=\"elementor-element elementor-element-ff74708 e-flex e-con-boxed elementor-invisible e-con e-parent\" data-id=\"ff74708\" data-element_type=\"container\" data-e-type=\"container\" data-settings=\"{&quot;background_background&quot;:&quot;classic&quot;,&quot;animation&quot;:&quot;fadeIn&quot;}\">\n\t\t\t\t\t<div class=\"e-con-inner\">\n\t\t<div class=\"elementor-element elementor-element-a52a1b4 e-con-full e-flex e-con e-child\" data-id=\"a52a1b4\" data-element_type=\"container\" data-e-type=\"container\">\n\t\t\t\t<div class=\"elementor-element elementor-element-029a96b elementor-widget elementor-widget-heading\" data-id=\"029a96b\" data-element_type=\"widget\" data-e-type=\"widget\" data-widget_type=\"heading.default\">\n\t\t\t\t\t<h6 class=\"elementor-heading-title elementor-size-default\">Suplementos naturales,<br>\n<strong>puros y efectivos<\/strong><\/h6>\t\t\t\t<\/div>\n\t\t\t\t<\/div>\n\t\t<div class=\"elementor-element elementor-element-37003d2 e-con-full e-flex e-con e-child\" data-id=\"37003d2\" data-element_type=\"container\" data-e-type=\"container\">\n\t\t\t\t<div class=\"elementor-element elementor-element-fbfb519 elementor-widget elementor-widget-heading\" data-id=\"fbfb519\" data-element_type=\"widget\" data-e-type=\"widget\" data-widget_type=\"heading.default\">\n\t\t\t\t\t<h6 class=\"elementor-heading-title elementor-size-default\">Experiencia reconocida<br>\n<strong>desde el a\u00f1o 2000<\/strong><\/h6>\t\t\t\t<\/div>\n\t\t\t\t<\/div>\n\t\t<div class=\"elementor-element elementor-element-90359cb e-con-full e-flex e-con e-child\" data-id=\"90359cb\" data-element_type=\"container\" data-e-type=\"container\">\n\t\t\t\t<div class=\"elementor-element elementor-element-5344047 elementor-widget elementor-widget-heading\" data-id=\"5344047\" data-element_type=\"widget\" data-e-type=\"widget\" data-widget_type=\"heading.default\">\n\t\t\t\t\t<h6 class=\"elementor-heading-title elementor-size-default\">Productos<br>\n<strong>certificados<\/strong><\/h6>\t\t\t\t<\/div>\n\t\t\t\t<\/div>\n\t\t<div class=\"elementor-element elementor-element-caa18a1 e-con-full e-flex e-con e-child\" data-id=\"caa18a1\" data-element_type=\"container\" data-e-type=\"container\">\n\t\t\t\t<div class=\"elementor-element elementor-element-c63b94b elementor-widget elementor-widget-heading\" data-id=\"c63b94b\" data-element_type=\"widget\" data-e-type=\"widget\" data-widget_type=\"heading.default\">\n\t\t\t\t\t<h6 class=\"elementor-heading-title elementor-size-default\">Disponible en<br>\n<strong>m\u00e1s de 17 pa\u00edses<\/strong><\/h6>\t\t\t\t<\/div>\n\t\t\t\t<\/div>\n\t\t\t\t\t<\/div>\n\t\t\t\t<\/div>\n\t\t\t\t<\/div>\n\t\t\t\t<\/div>\n\t\t\t\t\t\t<\/div>\n\t\t\t\t<\/div>\n\t\t\t\t<\/div>\n\t\t<div class=\"elementor-element elementor-element-4a05903 e-con-full e-flex e-con e-parent\" data-id=\"4a05903\" data-element_type=\"container\" data-e-type=\"container\">\n\t\t\t\t<div class=\"elementor-element elementor-element-ed90a84 elementor-widget elementor-widget-template\" data-id=\"ed90a84\" data-element_type=\"widget\" data-e-type=\"widget\" data-widget_type=\"template.default\">\n\t\t\t\t<div class=\"elementor-widget-container\">\n\t\t\t\t\t\t\t<div class=\"elementor-template\">\n\t\t\t\t\t<div data-elementor-type=\"section\" data-elementor-id=\"18305\" class=\"elementor elementor-18305 elementor-17839\" data-elementor-post-type=\"elementor_library\">\n\t\t\t<div class=\"elementor-element elementor-element-39cca2c e-flex e-con-boxed elementor-invisible e-con e-parent\" data-id=\"39cca2c\" data-element_type=\"container\" data-e-type=\"container\" data-settings=\"{&quot;background_background&quot;:&quot;classic&quot;,&quot;animation&quot;:&quot;fadeIn&quot;}\">\n\t\t\t\t\t<div class=\"e-con-inner\">\n\t\t\t\t<div class=\"elementor-element elementor-element-3eae2c8 elementor-widget elementor-widget-heading\" data-id=\"3eae2c8\" data-element_type=\"widget\" data-e-type=\"widget\" data-widget_type=\"heading.default\">\n\t\t\t\t\t<h2 class=\"elementor-heading-title elementor-size-default\">Testimonios<\/h2>\t\t\t\t<\/div>\n\t\t\t\t<div class=\"elementor-element elementor-element-fc0963f elementor-testimonial--skin-default elementor-testimonial--layout-image_inline elementor-testimonial--align-center elementor-arrows-yes elementor-widget elementor-widget-testimonial-carousel\" data-id=\"fc0963f\" data-element_type=\"widget\" data-e-type=\"widget\" data-settings=\"{&quot;slides_per_view&quot;:&quot;1&quot;,&quot;slides_to_scroll&quot;:&quot;1&quot;,&quot;speed&quot;:1000,&quot;show_arrows&quot;:&quot;yes&quot;,&quot;loop&quot;:&quot;yes&quot;,&quot;space_between&quot;:{&quot;unit&quot;:&quot;px&quot;,&quot;size&quot;:10,&quot;sizes&quot;:[]},&quot;space_between_tablet&quot;:{&quot;unit&quot;:&quot;px&quot;,&quot;size&quot;:10,&quot;sizes&quot;:[]},&quot;space_between_mobile&quot;:{&quot;unit&quot;:&quot;px&quot;,&quot;size&quot;:10,&quot;sizes&quot;:[]}}\" data-widget_type=\"testimonial-carousel.default\">\n\t\t\t\t\t\t\t\t\t\t<div class=\"elementor-main-swiper swiper\" role=\"region\" aria-roledescription=\"carousel\" aria-label=\"Diapositives\">\n\t\t\t\t<div class=\"swiper-wrapper\">\n\t\t\t\t\t\t\t\t\t\t\t<div class=\"swiper-slide\" role=\"group\" aria-roledescription=\"slide\">\n\t\t\t\t\t\t\t\t\t<div class=\"elementor-testimonial\">\n\t\t\t\t\t\t\t<div class=\"elementor-testimonial__content\">\n\t\t\t\t\t<div class=\"elementor-testimonial__text\">\n\t\t\t\t\t\tMi m\u00e9todo natural es usar la suite LTO3 para episodios de estr\u00e9s y ansiedad. Tengo dificultad para concentrarme. Posteriormente, not\u00e9 una mejor\u00eda en mi capacidad de concentraci\u00f3n, en la falta de calma, sue\u00f1o y ansiedad, entre otros aspectos, tras un per\u00edodo de presi\u00f3n regular con LTO3.\t\t\t\t\t<\/div>\n\t\t\t\t\t\t\t\t\t<\/div>\n\t\t\t\t\t\t<div class=\"elementor-testimonial__footer\">\n\t\t\t\t\t\t\t\t<cite class=\"elementor-testimonial__cite\"><span class=\"elementor-testimonial__name\">M-J Bedard<\/span><\/cite>\t\t\t<\/div>\n\t\t<\/div>\n\t\t\t\t\t\t\t\t<\/div>\n\t\t\t\t\t\t\t\t\t\t\t<div class=\"swiper-slide\" role=\"group\" aria-roledescription=\"slide\">\n\t\t\t\t\t\t\t\t\t<div class=\"elementor-testimonial\">\n\t\t\t\t\t\t\t<div class=\"elementor-testimonial__content\">\n\t\t\t\t\t<div class=\"elementor-testimonial__text\">\n\t\t\t\t\t\tSufro de ansiedad y TDAH, y desde que empec\u00e9 a tomar LTO3, la ansiedad ha disminuido considerablemente. Todav\u00eda tengo momentos dif\u00edciles, \u00a1pero me ha salvado la vida! Adem\u00e1s, me ha ayudado mucho a concentrarme debido a mi TDAH, as\u00ed que estoy menos cansado por las tardes y necesito dormir siestas con menos frecuencia. Recomiendo este producto. Tambi\u00e9n les he hablado de LTO3 a varios amigos que tambi\u00e9n lo toman, \u00a1y ellos tambi\u00e9n han notado cambios maravillosos!\t\t\t\t\t<\/div>\n\t\t\t\t\t\t\t\t\t<\/div>\n\t\t\t\t\t\t<div class=\"elementor-testimonial__footer\">\n\t\t\t\t\t\t\t\t<cite class=\"elementor-testimonial__cite\"><span class=\"elementor-testimonial__name\">Anne<\/span><\/cite>\t\t\t<\/div>\n\t\t<\/div>\n\t\t\t\t\t\t\t\t<\/div>\n\t\t\t\t\t\t\t\t\t\t\t<div class=\"swiper-slide\" role=\"group\" aria-roledescription=\"slide\">\n\t\t\t\t\t\t\t\t\t<div class=\"elementor-testimonial\">\n\t\t\t\t\t\t\t<div class=\"elementor-testimonial__content\">\n\t\t\t\t\t<div class=\"elementor-testimonial__text\">\n\t\t\t\t\t\tGracias por este maravilloso producto. Mi hijo de 8 a\u00f1os tiene un problema grave de impulsividad y un poco de ansiedad. Estaba esperando psicoterapia para controlar sus rabietas con violencia verbal y f\u00edsica, pero desde que toma LTO3, 2 por la ma\u00f1ana y 2 al mediod\u00eda, hemos notado una gran diferencia. Sigue teniendo rabietas ocasionales, pero tiene control sobre lo que sucede despu\u00e9s...\t\t\t\t\t<\/div>\n\t\t\t\t\t\t\t\t\t<\/div>\n\t\t\t\t\t\t<div class=\"elementor-testimonial__footer\">\n\t\t\t\t\t\t\t\t<cite class=\"elementor-testimonial__cite\"><span class=\"elementor-testimonial__name\">K. St-Pierre<\/span><\/cite>\t\t\t<\/div>\n\t\t<\/div>\n\t\t\t\t\t\t\t\t<\/div>\n\t\t\t\t\t\t\t\t\t\t\t<div class=\"swiper-slide\" role=\"group\" aria-roledescription=\"slide\">\n\t\t\t\t\t\t\t\t\t<div class=\"elementor-testimonial\">\n\t\t\t\t\t\t\t<div class=\"elementor-testimonial__content\">\n\t\t\t\t\t<div class=\"elementor-testimonial__text\">\n\t\t\t\t\t\tMe gustar\u00eda agradecerles por el maravilloso producto LTO3 que me recomend\u00f3 una amiga de Ontario hace poco m\u00e1s de seis meses. Vivimos en el sur de Alberta, en Lethbridge. Mis hijos de 17 y 14 a\u00f1os tomaban antidepresivos para el TDAH y el s\u00edndrome de Asperger. Ambos medicamentos los inquietaban y sufr\u00edan de numerosos efectos secundarios. Cuando les recetamos LTO3, dejaron de tomar las pastillas en una semana y no las han vuelto a tomar desde entonces. Este producto es incre\u00edble y se lo he recomendado a mucha gente. Gracias de nuevo.\t\t\t\t\t<\/div>\n\t\t\t\t\t\t\t\t\t<\/div>\n\t\t\t\t\t\t<div class=\"elementor-testimonial__footer\">\n\t\t\t\t\t\t\t\t<cite class=\"elementor-testimonial__cite\"><span class=\"elementor-testimonial__name\">Una madre<\/span><\/cite>\t\t\t<\/div>\n\t\t<\/div>\n\t\t\t\t\t\t\t\t<\/div>\n\t\t\t\t\t\t\t\t\t\t\t<div class=\"swiper-slide\" role=\"group\" aria-roledescription=\"slide\">\n\t\t\t\t\t\t\t\t\t<div class=\"elementor-testimonial\">\n\t\t\t\t\t\t\t<div class=\"elementor-testimonial__content\">\n\t\t\t\t\t<div class=\"elementor-testimonial__text\">\n\t\t\t\t\t\t\u00a1\u00a1\u00a1Quiero darles much\u00edsimas gracias!!! Gracias a este producto, mi hija de seis a\u00f1os ha pasado de ser una ni\u00f1a extremadamente dif\u00edcil a una ni\u00f1a completamente normal con su personalidad de seis a\u00f1os. \u00a1Sus relaciones con ni\u00f1os de su edad y adultos han mejorado un 95%!\t\t\t\t\t<\/div>\n\t\t\t\t\t\t\t\t\t<\/div>\n\t\t\t\t\t\t<div class=\"elementor-testimonial__footer\">\n\t\t\t\t\t\t\t\t<cite class=\"elementor-testimonial__cite\"><span class=\"elementor-testimonial__name\">Una madre<\/span><\/cite>\t\t\t<\/div>\n\t\t<\/div>\n\t\t\t\t\t\t\t\t<\/div>\n\t\t\t\t\t\t\t\t\t<\/div>\n\t\t\t\t\t\t\t\t\t\t\t\t\t\t\t<div class=\"elementor-swiper-button elementor-swiper-button-prev\" role=\"button\" tabindex=\"0\" aria-label=\"Anterior\">\n\t\t\t\t\t\t\t<svg aria-hidden=\"true\" class=\"e-font-icon-svg e-eicon-chevron-left\" viewBox=\"0 0 1000 1000\" xmlns=\"http:\/\/www.w3.org\/2000\/svg\"><path d=\"M646 125C629 125 613 133 604 142L308 442C296 454 292 471 292 487 292 504 296 521 308 533L604 854C617 867 629 875 646 875 663 875 679 871 692 858 704 846 713 829 713 812 713 796 708 779 692 767L438 487 692 225C700 217 708 204 708 187 708 171 704 154 692 142 675 129 663 125 646 125Z\"><\/path><\/svg>\t\t\t\t\t\t<\/div>\n\t\t\t\t\t\t<div class=\"elementor-swiper-button elementor-swiper-button-next\" role=\"button\" tabindex=\"0\" aria-label=\"Siguiente\">\n\t\t\t\t\t\t\t<svg aria-hidden=\"true\" class=\"e-font-icon-svg e-eicon-chevron-right\" viewBox=\"0 0 1000 1000\" xmlns=\"http:\/\/www.w3.org\/2000\/svg\"><path d=\"M696 533C708 521 713 504 713 487 713 471 708 454 696 446L400 146C388 133 375 125 354 125 338 125 325 129 313 142 300 154 292 171 292 187 292 204 296 221 308 233L563 492 304 771C292 783 288 800 288 817 288 833 296 850 308 863 321 871 338 875 354 875 371 875 388 867 400 854L696 533Z\"><\/path><\/svg>\t\t\t\t\t\t<\/div>\n\t\t\t\t\t\t\t\t\t\t\t\t\t\t\t\t\t<\/div>\n\t\t\t\t\t\t\t\t<\/div>\n\t\t\t\t\t<\/div>\n\t\t\t\t<\/div>\n\t\t\t\t<\/div>\n\t\t\t\t<\/div>\n\t\t\t\t\t\t<\/div>\n\t\t\t\t<\/div>\n\t\t\t\t<\/div>\n\t\t\t\t<\/div>\n\t\t","protected":false},"excerpt":{"rendered":"<p>Ante el desarrollo de las nuevas herramientas de comunicaci\u00f3n, es necesario prestar especial atenci\u00f3n a la protecci\u00f3n de la vida privada. Por ello, nos comprometemos a respetar la confidencialidad de la informaci\u00f3n personal que recabamos. Recopilaci\u00f3n de informaci\u00f3n personal Recopilamos la siguiente informaci\u00f3n: Nombre de la empresa Apellido Nombre Direcci\u00f3n postal C\u00f3digo postal Correo electr\u00f3nico [&hellip;]<\/p>\n","protected":false},"author":463,"featured_media":0,"parent":0,"menu_order":0,"comment_status":"closed","ping_status":"closed","template":"","meta":{"_acf_changed":false,"footnotes":""},"class_list":["post-2834","page","type-page","status-publish","hentry"],"acf":[],"_links":{"self":[{"href":"https:\/\/herb-e-concept.com\/es\/wp-json\/wp\/v2\/pages\/2834","targetHints":{"allow":["GET"]}}],"collection":[{"href":"https:\/\/herb-e-concept.com\/es\/wp-json\/wp\/v2\/pages"}],"about":[{"href":"https:\/\/herb-e-concept.com\/es\/wp-json\/wp\/v2\/types\/page"}],"author":[{"embeddable":true,"href":"https:\/\/herb-e-concept.com\/es\/wp-json\/wp\/v2\/users\/463"}],"replies":[{"embeddable":true,"href":"https:\/\/herb-e-concept.com\/es\/wp-json\/wp\/v2\/comments?post=2834"}],"version-history":[{"count":4,"href":"https:\/\/herb-e-concept.com\/es\/wp-json\/wp\/v2\/pages\/2834\/revisions"}],"predecessor-version":[{"id":18662,"href":"https:\/\/herb-e-concept.com\/es\/wp-json\/wp\/v2\/pages\/2834\/revisions\/18662"}],"wp:attachment":[{"href":"https:\/\/herb-e-concept.com\/es\/wp-json\/wp\/v2\/media?parent=2834"}],"curies":[{"name":"wp","href":"https:\/\/api.w.org\/{rel}","templated":true}]}}