{"id":7223,"date":"2022-02-16T13:35:45","date_gmt":"2022-02-16T18:35:45","guid":{"rendered":"https:\/\/herb-e-concept.com\/politica-de-envios\/"},"modified":"2025-12-01T13:34:54","modified_gmt":"2025-12-01T18:34:54","slug":"politica-de-envios","status":"publish","type":"page","link":"https:\/\/herb-e-concept.com\/es\/politica-de-envios\/","title":{"rendered":"Pol\u00edtica de env\u00edos"},"content":{"rendered":"\t\t<div data-elementor-type=\"wp-page\" data-elementor-id=\"7223\" class=\"elementor elementor-7223 elementor-7205\" data-elementor-post-type=\"page\">\n\t\t\t\t<div class=\"elementor-element elementor-element-96c4fe0 e-flex e-con-boxed elementor-invisible e-con e-parent\" data-id=\"96c4fe0\" data-element_type=\"container\" data-e-type=\"container\" data-settings=\"{&quot;animation&quot;:&quot;fadeIn&quot;}\">\n\t\t\t\t\t<div class=\"e-con-inner\">\n\t\t\t\t<div class=\"elementor-element elementor-element-0b1ac2c elementor-widget elementor-widget-heading\" data-id=\"0b1ac2c\" data-element_type=\"widget\" data-e-type=\"widget\" data-widget_type=\"heading.default\">\n\t\t\t\t\t<h2 class=\"elementor-heading-title elementor-size-default\">Pol\u00edtica de env\u00edos<\/h2>\t\t\t\t<\/div>\n\t\t\t\t\t<\/div>\n\t\t\t\t<\/div>\n\t\t<div class=\"elementor-element elementor-element-1bfad17 e-flex e-con-boxed elementor-invisible e-con e-parent\" data-id=\"1bfad17\" data-element_type=\"container\" data-e-type=\"container\" data-settings=\"{&quot;animation&quot;:&quot;fadeIn&quot;}\">\n\t\t\t\t\t<div class=\"e-con-inner\">\n\t\t\t\t<div class=\"elementor-element elementor-element-4c84d5a4 elementor-widget elementor-widget-text-editor\" data-id=\"4c84d5a4\" data-element_type=\"widget\" data-e-type=\"widget\" data-widget_type=\"text-editor.default\">\n\t\t\t\t\t\t\t\t\t<div class=\"wp-block-group container\"><div class=\"wp-block-group__inner-container\"><ol type=\"1\"><li><strong>Entrega y env\u00edo<\/strong><\/li><\/ol><p>Ofrecemos tarifas de env\u00edo en todo el mundo.<\/p><p><strong>Gastos de env\u00edo en Canad\u00e1 :<\/strong><\/p><p>El env\u00edo es gratuito para todos los pedidos de 60 d\u00f3lares (CAD) o m\u00e1s antes de impuestos en la entrega de paquetes est\u00e1ndar por parte de Canada Post. No obstante, el cliente puede elegir una opci\u00f3n de entrega m\u00e1s r\u00e1pida si lo desea y a su cargo.<\/p><p>Para los pedidos inferiores a 60 d\u00f3lares (CAD), los gastos de env\u00edo son responsabilidad exclusiva del cliente. Quedar\u00e1 a criterio del cliente elegir una opci\u00f3n de env\u00edo utilizando la calculadora de entrega de Canada Post ((paquete est\u00e1ndar, paquete acelerado, Xpresspost o paquete prioritario) ).<\/p><p><strong>Gastos de env\u00edo internacionales :<\/strong><\/p><p>Los gastos de env\u00edo corren a cargo del cliente. Quedar\u00e1 a criterio del cliente elegir una opci\u00f3n de env\u00edo utilizando la calculadora de env\u00edos de Canada Post (Paquete peque\u00f1o por aire, Paquete con seguimiento, Paquete acelerado o Xpresspost ***).<\/p><p>Las tarifas de env\u00edo est\u00e1n sujetas a cambios. Los pedidos pueden tener gastos de env\u00edo adicionales en funci\u00f3n del tama\u00f1o y el volumen del pedido.<\/p><p>Siempre se contactar\u00e1 con los clientes antes de a\u00f1adir dicho importe.<\/p><figure class=\"wp-block-table\"><table><tbody><tr><td>\u00a0<\/td><td>Canada<\/td><td>United States<\/td><td>International<\/td><\/tr><tr><td>Paquete est\u00e1ndar \/ Small parcel by air<\/td><td>11 d\u00edas laborables<\/td><td>5-10 d\u00edas laborables<\/td><td>6-12 d\u00edas laborables<\/td><\/tr><tr><td>Paquete acelerado \/ Paquete a\u00e9reo peque\u00f1o<\/td><td>7 d\u00edas laborables<\/td><td>13 d\u00edas laborables<\/td><td>14 d\u00edas laborables<\/td><\/tr><tr><td>paquete con seguimiento<\/td><td>***<\/td><td>11 d\u00edas laborables<\/td><td>***<\/td><\/tr><tr><td>Xpresspost con n\u00famero de seguimiento y firma<\/td><td>6 d\u00edas laborables<\/td><td>9 d\u00edas laborables<\/td><td>6 d\u00edas laborables<\/td><\/tr><tr><td>Paquete prioritario<\/td><td>5 d\u00edas laborables<\/td><td>***<\/td><td>***<\/td><\/tr><\/tbody><\/table><\/figure><p><strong>Nota\u00a0:<\/strong> Los tiempos indicados son estimaciones medias proporcionadas por Canada Post.<\/p><p><strong>2. Otros gastos<\/strong><\/p><p>En el caso de los pedidos internacionales, es posible que el cliente tenga que pagar otras tasas o cargos. En efecto, seg\u00fan el pa\u00eds de destino, el cliente puede tener que pagar derechos de aduana. Un derecho de aduana es un derecho de importaci\u00f3n (arancel) que se aplica a las mercanc\u00edas que entran en un pa\u00eds, seg\u00fan la lista arancelaria del mismo.<\/p><p>Por lo general, la autoridad o agencia aduanera de un pa\u00eds impone y recauda los derechos de aduana. Los derechos de aduana difieren seg\u00fan los productos.<\/p><p><strong>3. Preparaci\u00f3n de los pedidos<\/strong><\/p><p>Todos los pedidos requieren de 1 a 3 d\u00edas laborables para ser recogidos, empaquetados y preparados para su env\u00edo.<\/p><p><strong>4. Responsabilidad de las empresas de transporte<\/strong><\/p><p>Garantizan la entrega en d\u00edas laborables. Se env\u00eda una confirmaci\u00f3n de env\u00edo al cliente con el n\u00famero de seguimiento del paquete si se ha elegido esta opci\u00f3n de env\u00edo.<\/p><p>El cliente puede seguir sus env\u00edos a trav\u00e9s de la herramienta de seguimiento que se le enviar\u00e1.<\/p><p>Para todos los pedidos internacionales, nuestros transportistas se encargar\u00e1n de los paquetes hasta las fronteras, donde ser\u00e1n recogidos por un transportista local.<\/p><p><strong>5. Nuestra responsabilidad es nuestra transparencia.<\/strong><\/p><p>Herb-e-Concept se asegura de que cada paquete est\u00e9 cuidadosamente preparado y protegido para limitar cualquier deterioro durante el transporte. Herb-e-Concept no se responsabiliza de los posibles retrasos adicionales en la entrega por parte del transportista.<\/p><\/div><\/div>\t\t\t\t\t\t\t\t<\/div>\n\t\t\t\t\t<\/div>\n\t\t\t\t<\/div>\n\t\t<div class=\"elementor-element elementor-element-218d402 e-con-full e-flex e-con e-parent\" data-id=\"218d402\" data-element_type=\"container\" data-e-type=\"container\">\n\t\t\t\t<div class=\"elementor-element elementor-element-fe4ac71 elementor-widget elementor-widget-template\" data-id=\"fe4ac71\" data-element_type=\"widget\" data-e-type=\"widget\" data-widget_type=\"template.default\">\n\t\t\t\t<div class=\"elementor-widget-container\">\n\t\t\t\t\t\t\t<div class=\"elementor-template\">\n\t\t\t\t\t<div data-elementor-type=\"section\" data-elementor-id=\"18299\" class=\"elementor elementor-18299 elementor-17843\" data-elementor-post-type=\"elementor_library\">\n\t\t\t<div class=\"elementor-element elementor-element-ff74708 e-flex e-con-boxed elementor-invisible e-con e-parent\" data-id=\"ff74708\" data-element_type=\"container\" data-e-type=\"container\" data-settings=\"{&quot;background_background&quot;:&quot;classic&quot;,&quot;animation&quot;:&quot;fadeIn&quot;}\">\n\t\t\t\t\t<div class=\"e-con-inner\">\n\t\t<div class=\"elementor-element elementor-element-a52a1b4 e-con-full e-flex e-con e-child\" data-id=\"a52a1b4\" data-element_type=\"container\" data-e-type=\"container\">\n\t\t\t\t<div class=\"elementor-element elementor-element-029a96b elementor-widget elementor-widget-heading\" data-id=\"029a96b\" data-element_type=\"widget\" data-e-type=\"widget\" data-widget_type=\"heading.default\">\n\t\t\t\t\t<h6 class=\"elementor-heading-title elementor-size-default\">Suplementos naturales,<br>\n<strong>puros y efectivos<\/strong><\/h6>\t\t\t\t<\/div>\n\t\t\t\t<\/div>\n\t\t<div class=\"elementor-element elementor-element-37003d2 e-con-full e-flex e-con e-child\" data-id=\"37003d2\" data-element_type=\"container\" data-e-type=\"container\">\n\t\t\t\t<div class=\"elementor-element elementor-element-fbfb519 elementor-widget elementor-widget-heading\" data-id=\"fbfb519\" data-element_type=\"widget\" data-e-type=\"widget\" data-widget_type=\"heading.default\">\n\t\t\t\t\t<h6 class=\"elementor-heading-title elementor-size-default\">Experiencia reconocida<br>\n<strong>desde el a\u00f1o 2000<\/strong><\/h6>\t\t\t\t<\/div>\n\t\t\t\t<\/div>\n\t\t<div class=\"elementor-element elementor-element-90359cb e-con-full e-flex e-con e-child\" data-id=\"90359cb\" data-element_type=\"container\" data-e-type=\"container\">\n\t\t\t\t<div class=\"elementor-element elementor-element-5344047 elementor-widget elementor-widget-heading\" data-id=\"5344047\" data-element_type=\"widget\" data-e-type=\"widget\" data-widget_type=\"heading.default\">\n\t\t\t\t\t<h6 class=\"elementor-heading-title elementor-size-default\">Productos<br>\n<strong>certificados<\/strong><\/h6>\t\t\t\t<\/div>\n\t\t\t\t<\/div>\n\t\t<div class=\"elementor-element elementor-element-caa18a1 e-con-full e-flex e-con e-child\" data-id=\"caa18a1\" data-element_type=\"container\" data-e-type=\"container\">\n\t\t\t\t<div class=\"elementor-element elementor-element-c63b94b elementor-widget elementor-widget-heading\" data-id=\"c63b94b\" data-element_type=\"widget\" data-e-type=\"widget\" data-widget_type=\"heading.default\">\n\t\t\t\t\t<h6 class=\"elementor-heading-title elementor-size-default\">Disponible en<br>\n<strong>m\u00e1s de 17 pa\u00edses<\/strong><\/h6>\t\t\t\t<\/div>\n\t\t\t\t<\/div>\n\t\t\t\t\t<\/div>\n\t\t\t\t<\/div>\n\t\t\t\t<\/div>\n\t\t\t\t<\/div>\n\t\t\t\t\t\t<\/div>\n\t\t\t\t<\/div>\n\t\t\t\t<\/div>\n\t\t<div class=\"elementor-element elementor-element-490f8a8 e-con-full e-flex e-con e-parent\" data-id=\"490f8a8\" data-element_type=\"container\" data-e-type=\"container\">\n\t\t\t\t<div class=\"elementor-element elementor-element-f33cfe9 elementor-widget elementor-widget-template\" data-id=\"f33cfe9\" data-element_type=\"widget\" data-e-type=\"widget\" data-widget_type=\"template.default\">\n\t\t\t\t<div class=\"elementor-widget-container\">\n\t\t\t\t\t\t\t<div class=\"elementor-template\">\n\t\t\t\t\t<div data-elementor-type=\"section\" data-elementor-id=\"18305\" class=\"elementor elementor-18305 elementor-17839\" data-elementor-post-type=\"elementor_library\">\n\t\t\t<div class=\"elementor-element elementor-element-39cca2c e-flex e-con-boxed elementor-invisible e-con e-parent\" data-id=\"39cca2c\" data-element_type=\"container\" data-e-type=\"container\" data-settings=\"{&quot;background_background&quot;:&quot;classic&quot;,&quot;animation&quot;:&quot;fadeIn&quot;}\">\n\t\t\t\t\t<div class=\"e-con-inner\">\n\t\t\t\t<div class=\"elementor-element elementor-element-3eae2c8 elementor-widget elementor-widget-heading\" data-id=\"3eae2c8\" data-element_type=\"widget\" data-e-type=\"widget\" data-widget_type=\"heading.default\">\n\t\t\t\t\t<h2 class=\"elementor-heading-title elementor-size-default\">Testimonios<\/h2>\t\t\t\t<\/div>\n\t\t\t\t<div class=\"elementor-element elementor-element-fc0963f elementor-testimonial--skin-default elementor-testimonial--layout-image_inline elementor-testimonial--align-center elementor-arrows-yes elementor-widget elementor-widget-testimonial-carousel\" data-id=\"fc0963f\" data-element_type=\"widget\" data-e-type=\"widget\" data-settings=\"{&quot;slides_per_view&quot;:&quot;1&quot;,&quot;slides_to_scroll&quot;:&quot;1&quot;,&quot;speed&quot;:1000,&quot;show_arrows&quot;:&quot;yes&quot;,&quot;loop&quot;:&quot;yes&quot;,&quot;space_between&quot;:{&quot;unit&quot;:&quot;px&quot;,&quot;size&quot;:10,&quot;sizes&quot;:[]},&quot;space_between_tablet&quot;:{&quot;unit&quot;:&quot;px&quot;,&quot;size&quot;:10,&quot;sizes&quot;:[]},&quot;space_between_mobile&quot;:{&quot;unit&quot;:&quot;px&quot;,&quot;size&quot;:10,&quot;sizes&quot;:[]}}\" data-widget_type=\"testimonial-carousel.default\">\n\t\t\t\t\t\t\t\t\t\t<div class=\"elementor-main-swiper swiper\" role=\"region\" aria-roledescription=\"carousel\" aria-label=\"Diapositives\">\n\t\t\t\t<div class=\"swiper-wrapper\">\n\t\t\t\t\t\t\t\t\t\t\t<div class=\"swiper-slide\" role=\"group\" aria-roledescription=\"slide\">\n\t\t\t\t\t\t\t\t\t<div class=\"elementor-testimonial\">\n\t\t\t\t\t\t\t<div class=\"elementor-testimonial__content\">\n\t\t\t\t\t<div class=\"elementor-testimonial__text\">\n\t\t\t\t\t\tMi m\u00e9todo natural es usar la suite LTO3 para episodios de estr\u00e9s y ansiedad. Tengo dificultad para concentrarme. Posteriormente, not\u00e9 una mejor\u00eda en mi capacidad de concentraci\u00f3n, en la falta de calma, sue\u00f1o y ansiedad, entre otros aspectos, tras un per\u00edodo de presi\u00f3n regular con LTO3.\t\t\t\t\t<\/div>\n\t\t\t\t\t\t\t\t\t<\/div>\n\t\t\t\t\t\t<div class=\"elementor-testimonial__footer\">\n\t\t\t\t\t\t\t\t<cite class=\"elementor-testimonial__cite\"><span class=\"elementor-testimonial__name\">M-J Bedard<\/span><\/cite>\t\t\t<\/div>\n\t\t<\/div>\n\t\t\t\t\t\t\t\t<\/div>\n\t\t\t\t\t\t\t\t\t\t\t<div class=\"swiper-slide\" role=\"group\" aria-roledescription=\"slide\">\n\t\t\t\t\t\t\t\t\t<div class=\"elementor-testimonial\">\n\t\t\t\t\t\t\t<div class=\"elementor-testimonial__content\">\n\t\t\t\t\t<div class=\"elementor-testimonial__text\">\n\t\t\t\t\t\tSufro de ansiedad y TDAH, y desde que empec\u00e9 a tomar LTO3, la ansiedad ha disminuido considerablemente. Todav\u00eda tengo momentos dif\u00edciles, \u00a1pero me ha salvado la vida! Adem\u00e1s, me ha ayudado mucho a concentrarme debido a mi TDAH, as\u00ed que estoy menos cansado por las tardes y necesito dormir siestas con menos frecuencia. Recomiendo este producto. Tambi\u00e9n les he hablado de LTO3 a varios amigos que tambi\u00e9n lo toman, \u00a1y ellos tambi\u00e9n han notado cambios maravillosos!\t\t\t\t\t<\/div>\n\t\t\t\t\t\t\t\t\t<\/div>\n\t\t\t\t\t\t<div class=\"elementor-testimonial__footer\">\n\t\t\t\t\t\t\t\t<cite class=\"elementor-testimonial__cite\"><span class=\"elementor-testimonial__name\">Anne<\/span><\/cite>\t\t\t<\/div>\n\t\t<\/div>\n\t\t\t\t\t\t\t\t<\/div>\n\t\t\t\t\t\t\t\t\t\t\t<div class=\"swiper-slide\" role=\"group\" aria-roledescription=\"slide\">\n\t\t\t\t\t\t\t\t\t<div class=\"elementor-testimonial\">\n\t\t\t\t\t\t\t<div class=\"elementor-testimonial__content\">\n\t\t\t\t\t<div class=\"elementor-testimonial__text\">\n\t\t\t\t\t\tGracias por este maravilloso producto. Mi hijo de 8 a\u00f1os tiene un problema grave de impulsividad y un poco de ansiedad. Estaba esperando psicoterapia para controlar sus rabietas con violencia verbal y f\u00edsica, pero desde que toma LTO3, 2 por la ma\u00f1ana y 2 al mediod\u00eda, hemos notado una gran diferencia. Sigue teniendo rabietas ocasionales, pero tiene control sobre lo que sucede despu\u00e9s...\t\t\t\t\t<\/div>\n\t\t\t\t\t\t\t\t\t<\/div>\n\t\t\t\t\t\t<div class=\"elementor-testimonial__footer\">\n\t\t\t\t\t\t\t\t<cite class=\"elementor-testimonial__cite\"><span class=\"elementor-testimonial__name\">K. St-Pierre<\/span><\/cite>\t\t\t<\/div>\n\t\t<\/div>\n\t\t\t\t\t\t\t\t<\/div>\n\t\t\t\t\t\t\t\t\t\t\t<div class=\"swiper-slide\" role=\"group\" aria-roledescription=\"slide\">\n\t\t\t\t\t\t\t\t\t<div class=\"elementor-testimonial\">\n\t\t\t\t\t\t\t<div class=\"elementor-testimonial__content\">\n\t\t\t\t\t<div class=\"elementor-testimonial__text\">\n\t\t\t\t\t\tMe gustar\u00eda agradecerles por el maravilloso producto LTO3 que me recomend\u00f3 una amiga de Ontario hace poco m\u00e1s de seis meses. Vivimos en el sur de Alberta, en Lethbridge. Mis hijos de 17 y 14 a\u00f1os tomaban antidepresivos para el TDAH y el s\u00edndrome de Asperger. Ambos medicamentos los inquietaban y sufr\u00edan de numerosos efectos secundarios. Cuando les recetamos LTO3, dejaron de tomar las pastillas en una semana y no las han vuelto a tomar desde entonces. Este producto es incre\u00edble y se lo he recomendado a mucha gente. Gracias de nuevo.\t\t\t\t\t<\/div>\n\t\t\t\t\t\t\t\t\t<\/div>\n\t\t\t\t\t\t<div class=\"elementor-testimonial__footer\">\n\t\t\t\t\t\t\t\t<cite class=\"elementor-testimonial__cite\"><span class=\"elementor-testimonial__name\">Una madre<\/span><\/cite>\t\t\t<\/div>\n\t\t<\/div>\n\t\t\t\t\t\t\t\t<\/div>\n\t\t\t\t\t\t\t\t\t\t\t<div class=\"swiper-slide\" role=\"group\" aria-roledescription=\"slide\">\n\t\t\t\t\t\t\t\t\t<div class=\"elementor-testimonial\">\n\t\t\t\t\t\t\t<div class=\"elementor-testimonial__content\">\n\t\t\t\t\t<div class=\"elementor-testimonial__text\">\n\t\t\t\t\t\t\u00a1\u00a1\u00a1Quiero darles much\u00edsimas gracias!!! Gracias a este producto, mi hija de seis a\u00f1os ha pasado de ser una ni\u00f1a extremadamente dif\u00edcil a una ni\u00f1a completamente normal con su personalidad de seis a\u00f1os. \u00a1Sus relaciones con ni\u00f1os de su edad y adultos han mejorado un 95%!\t\t\t\t\t<\/div>\n\t\t\t\t\t\t\t\t\t<\/div>\n\t\t\t\t\t\t<div class=\"elementor-testimonial__footer\">\n\t\t\t\t\t\t\t\t<cite class=\"elementor-testimonial__cite\"><span class=\"elementor-testimonial__name\">Una madre<\/span><\/cite>\t\t\t<\/div>\n\t\t<\/div>\n\t\t\t\t\t\t\t\t<\/div>\n\t\t\t\t\t\t\t\t\t<\/div>\n\t\t\t\t\t\t\t\t\t\t\t\t\t\t\t<div class=\"elementor-swiper-button elementor-swiper-button-prev\" role=\"button\" tabindex=\"0\" aria-label=\"Anterior\">\n\t\t\t\t\t\t\t<svg aria-hidden=\"true\" class=\"e-font-icon-svg e-eicon-chevron-left\" viewBox=\"0 0 1000 1000\" xmlns=\"http:\/\/www.w3.org\/2000\/svg\"><path d=\"M646 125C629 125 613 133 604 142L308 442C296 454 292 471 292 487 292 504 296 521 308 533L604 854C617 867 629 875 646 875 663 875 679 871 692 858 704 846 713 829 713 812 713 796 708 779 692 767L438 487 692 225C700 217 708 204 708 187 708 171 704 154 692 142 675 129 663 125 646 125Z\"><\/path><\/svg>\t\t\t\t\t\t<\/div>\n\t\t\t\t\t\t<div class=\"elementor-swiper-button elementor-swiper-button-next\" role=\"button\" tabindex=\"0\" aria-label=\"Siguiente\">\n\t\t\t\t\t\t\t<svg aria-hidden=\"true\" class=\"e-font-icon-svg e-eicon-chevron-right\" viewBox=\"0 0 1000 1000\" xmlns=\"http:\/\/www.w3.org\/2000\/svg\"><path d=\"M696 533C708 521 713 504 713 487 713 471 708 454 696 446L400 146C388 133 375 125 354 125 338 125 325 129 313 142 300 154 292 171 292 187 292 204 296 221 308 233L563 492 304 771C292 783 288 800 288 817 288 833 296 850 308 863 321 871 338 875 354 875 371 875 388 867 400 854L696 533Z\"><\/path><\/svg>\t\t\t\t\t\t<\/div>\n\t\t\t\t\t\t\t\t\t\t\t\t\t\t\t\t\t<\/div>\n\t\t\t\t\t\t\t\t<\/div>\n\t\t\t\t\t<\/div>\n\t\t\t\t<\/div>\n\t\t\t\t<\/div>\n\t\t\t\t<\/div>\n\t\t\t\t\t\t<\/div>\n\t\t\t\t<\/div>\n\t\t\t\t<\/div>\n\t\t\t\t<\/div>\n\t\t","protected":false},"excerpt":{"rendered":"<p>Entrega y env\u00edo Ofrecemos tarifas de env\u00edo en todo el mundo. Gastos de env\u00edo en Canad\u00e1 : El env\u00edo es gratuito para todos los pedidos de 60 d\u00f3lares (CAD) o m\u00e1s antes de impuestos en la entrega de paquetes est\u00e1ndar por parte de Canada Post. No obstante, el cliente puede elegir una opci\u00f3n de entrega [&hellip;]<\/p>\n","protected":false},"author":463,"featured_media":0,"parent":0,"menu_order":0,"comment_status":"closed","ping_status":"closed","template":"","meta":{"_acf_changed":false,"footnotes":""},"class_list":["post-7223","page","type-page","status-publish","hentry"],"acf":[],"_links":{"self":[{"href":"https:\/\/herb-e-concept.com\/es\/wp-json\/wp\/v2\/pages\/7223","targetHints":{"allow":["GET"]}}],"collection":[{"href":"https:\/\/herb-e-concept.com\/es\/wp-json\/wp\/v2\/pages"}],"about":[{"href":"https:\/\/herb-e-concept.com\/es\/wp-json\/wp\/v2\/types\/page"}],"author":[{"embeddable":true,"href":"https:\/\/herb-e-concept.com\/es\/wp-json\/wp\/v2\/users\/463"}],"replies":[{"embeddable":true,"href":"https:\/\/herb-e-concept.com\/es\/wp-json\/wp\/v2\/comments?post=7223"}],"version-history":[{"count":11,"href":"https:\/\/herb-e-concept.com\/es\/wp-json\/wp\/v2\/pages\/7223\/revisions"}],"predecessor-version":[{"id":19381,"href":"https:\/\/herb-e-concept.com\/es\/wp-json\/wp\/v2\/pages\/7223\/revisions\/19381"}],"wp:attachment":[{"href":"https:\/\/herb-e-concept.com\/es\/wp-json\/wp\/v2\/media?parent=7223"}],"curies":[{"name":"wp","href":"https:\/\/api.w.org\/{rel}","templated":true}]}}