{"id":17191,"date":"2025-09-20T13:39:22","date_gmt":"2025-09-20T17:39:22","guid":{"rendered":"https:\/\/herb-e-concept.com\/?post_type=product&#038;p=17191"},"modified":"2026-01-05T15:02:35","modified_gmt":"2026-01-05T20:02:35","slug":"lto3-original","status":"publish","type":"product","link":"https:\/\/herb-e-concept.com\/es\/suplemento-natural\/lto3-original\/","title":{"rendered":"LTO3\u00ae Original"},"content":{"rendered":"","protected":false},"excerpt":{"rendered":"<p>LTO3 Original es un suplemento natural que puede ayudar a reducir la ansiedad, el estr\u00e9s, el p\u00e1nico y los s\u00edntomas asociados al trastorno por d\u00e9ficit de atenci\u00f3n e hiperactividad (TDAH). Puede ayudar a promover la concentraci\u00f3n, mejorar la calidad del sue\u00f1o y promover la relajaci\u00f3n temporal.<\/p>\n","protected":false},"featured_media":17475,"comment_status":"open","ping_status":"closed","template":"","meta":{"_acf_changed":false},"product_brand":[],"product_cat":[63,202],"product_tag":[],"class_list":{"0":"post-17191","1":"product","2":"type-product","3":"status-publish","4":"has-post-thumbnail","6":"product_cat-concentracion","7":"product_cat-relajacion","9":"first","10":"instock","11":"taxable","12":"shipping-taxable","13":"purchasable","14":"product-type-simple"},"acf":[],"_links":{"self":[{"href":"https:\/\/herb-e-concept.com\/es\/wp-json\/wp\/v2\/product\/17191","targetHints":{"allow":["GET"]}}],"collection":[{"href":"https:\/\/herb-e-concept.com\/es\/wp-json\/wp\/v2\/product"}],"about":[{"href":"https:\/\/herb-e-concept.com\/es\/wp-json\/wp\/v2\/types\/product"}],"replies":[{"embeddable":true,"href":"https:\/\/herb-e-concept.com\/es\/wp-json\/wp\/v2\/comments?post=17191"}],"version-history":[{"count":2,"href":"https:\/\/herb-e-concept.com\/es\/wp-json\/wp\/v2\/product\/17191\/revisions"}],"predecessor-version":[{"id":18798,"href":"https:\/\/herb-e-concept.com\/es\/wp-json\/wp\/v2\/product\/17191\/revisions\/18798"}],"wp:featuredmedia":[{"embeddable":true,"href":"https:\/\/herb-e-concept.com\/es\/wp-json\/wp\/v2\/media\/17475"}],"wp:attachment":[{"href":"https:\/\/herb-e-concept.com\/es\/wp-json\/wp\/v2\/media?parent=17191"}],"wp:term":[{"taxonomy":"product_brand","embeddable":true,"href":"https:\/\/herb-e-concept.com\/es\/wp-json\/wp\/v2\/product_brand?post=17191"},{"taxonomy":"product_cat","embeddable":true,"href":"https:\/\/herb-e-concept.com\/es\/wp-json\/wp\/v2\/product_cat?post=17191"},{"taxonomy":"product_tag","embeddable":true,"href":"https:\/\/herb-e-concept.com\/es\/wp-json\/wp\/v2\/product_tag?post=17191"}],"curies":[{"name":"wp","href":"https:\/\/api.w.org\/{rel}","templated":true}]}}