{"id":17208,"date":"2025-09-19T13:46:58","date_gmt":"2025-09-19T17:46:58","guid":{"rendered":"https:\/\/herb-e-concept.com\/?post_type=product&#038;p=17208"},"modified":"2025-10-16T11:02:44","modified_gmt":"2025-10-16T15:02:44","slug":"lto3-sin-sabor","status":"publish","type":"product","link":"https:\/\/herb-e-concept.com\/es\/suplemento-natural\/lto3-sin-sabor\/","title":{"rendered":"LTO3\u00ae Sin sabor"},"content":{"rendered":"","protected":false},"excerpt":{"rendered":"<p>Para las personas sensibles al sabor del pescado, Herb-e-Concept ha desarrollado LTO3 No Taste. Este suplemento natural es tan eficaz como la f\u00f3rmula original. Puede ayudar a reducir la ansiedad, el estr\u00e9s, el p\u00e1nico y los s\u00edntomas asociados al trastorno por d\u00e9ficit de atenci\u00f3n con o sin hiperactividad (TDAH). Puede ayudar a mejorar la concentraci\u00f3n, a mejorar la calidad del sue\u00f1o y a promover la relajaci\u00f3n temporal.<\/p>\n","protected":false},"featured_media":17481,"comment_status":"open","ping_status":"closed","template":"","meta":{"_acf_changed":false},"product_brand":[],"product_cat":[63,202],"product_tag":[],"class_list":{"0":"post-17208","1":"product","2":"type-product","3":"status-publish","4":"has-post-thumbnail","6":"product_cat-concentracion","7":"product_cat-relajacion","9":"first","10":"instock","11":"taxable","12":"shipping-taxable","13":"purchasable","14":"product-type-simple"},"acf":[],"_links":{"self":[{"href":"https:\/\/herb-e-concept.com\/es\/wp-json\/wp\/v2\/product\/17208","targetHints":{"allow":["GET"]}}],"collection":[{"href":"https:\/\/herb-e-concept.com\/es\/wp-json\/wp\/v2\/product"}],"about":[{"href":"https:\/\/herb-e-concept.com\/es\/wp-json\/wp\/v2\/types\/product"}],"replies":[{"embeddable":true,"href":"https:\/\/herb-e-concept.com\/es\/wp-json\/wp\/v2\/comments?post=17208"}],"version-history":[{"count":2,"href":"https:\/\/herb-e-concept.com\/es\/wp-json\/wp\/v2\/product\/17208\/revisions"}],"predecessor-version":[{"id":18799,"href":"https:\/\/herb-e-concept.com\/es\/wp-json\/wp\/v2\/product\/17208\/revisions\/18799"}],"wp:featuredmedia":[{"embeddable":true,"href":"https:\/\/herb-e-concept.com\/es\/wp-json\/wp\/v2\/media\/17481"}],"wp:attachment":[{"href":"https:\/\/herb-e-concept.com\/es\/wp-json\/wp\/v2\/media?parent=17208"}],"wp:term":[{"taxonomy":"product_brand","embeddable":true,"href":"https:\/\/herb-e-concept.com\/es\/wp-json\/wp\/v2\/product_brand?post=17208"},{"taxonomy":"product_cat","embeddable":true,"href":"https:\/\/herb-e-concept.com\/es\/wp-json\/wp\/v2\/product_cat?post=17208"},{"taxonomy":"product_tag","embeddable":true,"href":"https:\/\/herb-e-concept.com\/es\/wp-json\/wp\/v2\/product_tag?post=17208"}],"curies":[{"name":"wp","href":"https:\/\/api.w.org\/{rel}","templated":true}]}}