{"id":17223,"date":"2025-09-11T14:25:39","date_gmt":"2025-09-11T18:25:39","guid":{"rendered":"https:\/\/herb-e-concept.com\/?post_type=product&#038;p=17223"},"modified":"2025-10-16T11:02:57","modified_gmt":"2025-10-16T15:02:57","slug":"lto3-junior","status":"publish","type":"product","link":"https:\/\/herb-e-concept.com\/es\/suplemento-natural\/lto3-junior\/","title":{"rendered":"LTO3\u00ae Junior"},"content":{"rendered":"","protected":false},"excerpt":{"rendered":"<p>Utilizado para la ansiedad, el estr\u00e9s, el p\u00e1nico y el trastorno por d\u00e9ficit de atenci\u00f3n (TDAH), LTO3 Junior se ha desarrollado especialmente para ni\u00f1os a partir de tres a\u00f1os. Este suplemento natural puede ayudar a aliviar el nerviosismo y promover la relajaci\u00f3n temporal. Puede contribuir a la funci\u00f3n inmunitaria y a la capacidad del organismo para metabolizar los nutrientes. Tambi\u00e9n puede ayudar a la funci\u00f3n muscular y a la formaci\u00f3n de tejidos.<\/p>\n","protected":false},"featured_media":17478,"comment_status":"open","ping_status":"closed","template":"","meta":{"_acf_changed":false},"product_brand":[],"product_cat":[63,202],"product_tag":[],"class_list":{"0":"post-17223","1":"product","2":"type-product","3":"status-publish","4":"has-post-thumbnail","6":"product_cat-concentracion","7":"product_cat-relajacion","9":"first","10":"instock","11":"taxable","12":"shipping-taxable","13":"purchasable","14":"product-type-simple"},"acf":[],"_links":{"self":[{"href":"https:\/\/herb-e-concept.com\/es\/wp-json\/wp\/v2\/product\/17223","targetHints":{"allow":["GET"]}}],"collection":[{"href":"https:\/\/herb-e-concept.com\/es\/wp-json\/wp\/v2\/product"}],"about":[{"href":"https:\/\/herb-e-concept.com\/es\/wp-json\/wp\/v2\/types\/product"}],"replies":[{"embeddable":true,"href":"https:\/\/herb-e-concept.com\/es\/wp-json\/wp\/v2\/comments?post=17223"}],"version-history":[{"count":1,"href":"https:\/\/herb-e-concept.com\/es\/wp-json\/wp\/v2\/product\/17223\/revisions"}],"predecessor-version":[{"id":18801,"href":"https:\/\/herb-e-concept.com\/es\/wp-json\/wp\/v2\/product\/17223\/revisions\/18801"}],"wp:featuredmedia":[{"embeddable":true,"href":"https:\/\/herb-e-concept.com\/es\/wp-json\/wp\/v2\/media\/17478"}],"wp:attachment":[{"href":"https:\/\/herb-e-concept.com\/es\/wp-json\/wp\/v2\/media?parent=17223"}],"wp:term":[{"taxonomy":"product_brand","embeddable":true,"href":"https:\/\/herb-e-concept.com\/es\/wp-json\/wp\/v2\/product_brand?post=17223"},{"taxonomy":"product_cat","embeddable":true,"href":"https:\/\/herb-e-concept.com\/es\/wp-json\/wp\/v2\/product_cat?post=17223"},{"taxonomy":"product_tag","embeddable":true,"href":"https:\/\/herb-e-concept.com\/es\/wp-json\/wp\/v2\/product_tag?post=17223"}],"curies":[{"name":"wp","href":"https:\/\/api.w.org\/{rel}","templated":true}]}}