{"id":17238,"date":"2025-09-18T14:31:34","date_gmt":"2025-09-18T18:31:34","guid":{"rendered":"https:\/\/herb-e-concept.com\/?post_type=product&#038;p=17238"},"modified":"2025-10-16T11:02:50","modified_gmt":"2025-10-16T15:02:50","slug":"lto3-plus","status":"publish","type":"product","link":"https:\/\/herb-e-concept.com\/es\/suplemento-natural\/lto3-plus\/","title":{"rendered":"LTO3\u00ae Plus"},"content":{"rendered":"","protected":false},"excerpt":{"rendered":"<p>LTO3 Plus es el \u00faltimo desarrollo de la gama LTO3. Este suplemento natural combina los beneficios de la f\u00f3rmula original con el rendimiento del magnesio y la vitamina B6. Puede ayudar a mejorar la concentraci\u00f3n y reducir la ansiedad. Puede ayudar a relajar los m\u00fasculos y el coraz\u00f3n en momentos de estr\u00e9s y a mantener la capacidad del organismo para metabolizar los nutrientes y mantener un equilibrio electrol\u00edtico normal. Tambi\u00e9n puede ayudar a promover la relajaci\u00f3n temporal.<\/p>\n","protected":false},"featured_media":17484,"comment_status":"open","ping_status":"closed","template":"","meta":{"_acf_changed":false},"product_brand":[],"product_cat":[63,202],"product_tag":[],"class_list":{"0":"post-17238","1":"product","2":"type-product","3":"status-publish","4":"has-post-thumbnail","6":"product_cat-concentracion","7":"product_cat-relajacion","9":"first","10":"instock","11":"taxable","12":"shipping-taxable","13":"purchasable","14":"product-type-simple"},"acf":[],"_links":{"self":[{"href":"https:\/\/herb-e-concept.com\/es\/wp-json\/wp\/v2\/product\/17238","targetHints":{"allow":["GET"]}}],"collection":[{"href":"https:\/\/herb-e-concept.com\/es\/wp-json\/wp\/v2\/product"}],"about":[{"href":"https:\/\/herb-e-concept.com\/es\/wp-json\/wp\/v2\/types\/product"}],"replies":[{"embeddable":true,"href":"https:\/\/herb-e-concept.com\/es\/wp-json\/wp\/v2\/comments?post=17238"}],"version-history":[{"count":3,"href":"https:\/\/herb-e-concept.com\/es\/wp-json\/wp\/v2\/product\/17238\/revisions"}],"predecessor-version":[{"id":18800,"href":"https:\/\/herb-e-concept.com\/es\/wp-json\/wp\/v2\/product\/17238\/revisions\/18800"}],"wp:featuredmedia":[{"embeddable":true,"href":"https:\/\/herb-e-concept.com\/es\/wp-json\/wp\/v2\/media\/17484"}],"wp:attachment":[{"href":"https:\/\/herb-e-concept.com\/es\/wp-json\/wp\/v2\/media?parent=17238"}],"wp:term":[{"taxonomy":"product_brand","embeddable":true,"href":"https:\/\/herb-e-concept.com\/es\/wp-json\/wp\/v2\/product_brand?post=17238"},{"taxonomy":"product_cat","embeddable":true,"href":"https:\/\/herb-e-concept.com\/es\/wp-json\/wp\/v2\/product_cat?post=17238"},{"taxonomy":"product_tag","embeddable":true,"href":"https:\/\/herb-e-concept.com\/es\/wp-json\/wp\/v2\/product_tag?post=17238"}],"curies":[{"name":"wp","href":"https:\/\/api.w.org\/{rel}","templated":true}]}}