{"id":19920,"date":"2025-09-17T16:33:31","date_gmt":"2025-09-17T20:33:31","guid":{"rendered":"https:\/\/herb-e-concept.com\/natural-supplement\/lto3-gaba\/"},"modified":"2026-02-13T13:27:04","modified_gmt":"2026-02-13T18:27:04","slug":"lto3-gaba","status":"publish","type":"product","link":"https:\/\/herb-e-concept.com\/es\/suplemento-natural\/lto3-gaba\/","title":{"rendered":"LTO3\u00ae Gaba+"},"content":{"rendered":"","protected":false},"excerpt":{"rendered":"<p>Ayuda al buen funcionamiento de los m\u00fasculos, incluido el m\u00fasculo card\u00edaco. Contribuye al metabolismo energ\u00e9tico y a la formaci\u00f3n de tejidos, as\u00ed como a la formaci\u00f3n de gl\u00f3bulos rojos. Ayuda a mantener la capacidad del cuerpo para metabolizar los nutrientes y a conservar un equilibrio electrol\u00edtico normal. Adem\u00e1s, ayuda a promover temporalmente la relajaci\u00f3n.<\/p>\n","protected":false},"featured_media":17472,"comment_status":"open","ping_status":"closed","template":"","meta":{"_acf_changed":false},"product_brand":[],"product_cat":[204,200,202],"product_tag":[],"class_list":{"0":"post-19920","1":"product","2":"type-product","3":"status-publish","4":"has-post-thumbnail","6":"product_cat-formacion-de-tejido","7":"product_cat-globulos-rojos","8":"product_cat-relajacion","10":"first","11":"instock","12":"taxable","13":"shipping-taxable","14":"purchasable","15":"product-type-simple"},"acf":[],"_links":{"self":[{"href":"https:\/\/herb-e-concept.com\/es\/wp-json\/wp\/v2\/product\/19920","targetHints":{"allow":["GET"]}}],"collection":[{"href":"https:\/\/herb-e-concept.com\/es\/wp-json\/wp\/v2\/product"}],"about":[{"href":"https:\/\/herb-e-concept.com\/es\/wp-json\/wp\/v2\/types\/product"}],"replies":[{"embeddable":true,"href":"https:\/\/herb-e-concept.com\/es\/wp-json\/wp\/v2\/comments?post=19920"}],"version-history":[{"count":2,"href":"https:\/\/herb-e-concept.com\/es\/wp-json\/wp\/v2\/product\/19920\/revisions"}],"predecessor-version":[{"id":19922,"href":"https:\/\/herb-e-concept.com\/es\/wp-json\/wp\/v2\/product\/19920\/revisions\/19922"}],"wp:featuredmedia":[{"embeddable":true,"href":"https:\/\/herb-e-concept.com\/es\/wp-json\/wp\/v2\/media\/17472"}],"wp:attachment":[{"href":"https:\/\/herb-e-concept.com\/es\/wp-json\/wp\/v2\/media?parent=19920"}],"wp:term":[{"taxonomy":"product_brand","embeddable":true,"href":"https:\/\/herb-e-concept.com\/es\/wp-json\/wp\/v2\/product_brand?post=19920"},{"taxonomy":"product_cat","embeddable":true,"href":"https:\/\/herb-e-concept.com\/es\/wp-json\/wp\/v2\/product_cat?post=19920"},{"taxonomy":"product_tag","embeddable":true,"href":"https:\/\/herb-e-concept.com\/es\/wp-json\/wp\/v2\/product_tag?post=19920"}],"curies":[{"name":"wp","href":"https:\/\/api.w.org\/{rel}","templated":true}]}}