{"id":2395,"date":"2020-03-09T15:15:29","date_gmt":"2020-03-09T19:15:29","guid":{"rendered":"https:\/\/herb-e-concept.com\/product\/energy-concept\/"},"modified":"2026-04-07T11:25:10","modified_gmt":"2026-04-07T15:25:10","slug":"energy-concept","status":"publish","type":"product","link":"https:\/\/herb-e-concept.com\/es\/suplemento-natural\/energy-concept\/","title":{"rendered":"Energy Concept"},"content":{"rendered":"","protected":false},"excerpt":{"rendered":"<p>Energy Concept es un suplemento natural que puede ayudar a fortalecer el sistema inmunol\u00f3gico, equilibrar el colesterol malo y la presi\u00f3n arterial, y puede ayudar a corregir ciertas anemias. Tambi\u00e9n puede ayudar a contrarrestar el estr\u00e9s, el nerviosismo y la fatiga f\u00edsica. Est\u00e1 destinado a los adultos que desean reforzar su salud y aumentar su nivel de energ\u00eda, su resistencia y su vigor.<\/p>\n","protected":false},"featured_media":19844,"comment_status":"open","ping_status":"closed","template":"","meta":{"_acf_changed":false},"product_brand":[],"product_cat":[65,198],"product_tag":[],"class_list":{"0":"post-2395","1":"product","2":"type-product","3":"status-publish","4":"has-post-thumbnail","6":"product_cat-energia","7":"product_cat-sistema-inmunitario","9":"first","10":"instock","11":"taxable","12":"shipping-taxable","13":"purchasable","14":"product-type-simple"},"acf":[],"_links":{"self":[{"href":"https:\/\/herb-e-concept.com\/es\/wp-json\/wp\/v2\/product\/2395","targetHints":{"allow":["GET"]}}],"collection":[{"href":"https:\/\/herb-e-concept.com\/es\/wp-json\/wp\/v2\/product"}],"about":[{"href":"https:\/\/herb-e-concept.com\/es\/wp-json\/wp\/v2\/types\/product"}],"replies":[{"embeddable":true,"href":"https:\/\/herb-e-concept.com\/es\/wp-json\/wp\/v2\/comments?post=2395"}],"version-history":[{"count":3,"href":"https:\/\/herb-e-concept.com\/es\/wp-json\/wp\/v2\/product\/2395\/revisions"}],"predecessor-version":[{"id":20197,"href":"https:\/\/herb-e-concept.com\/es\/wp-json\/wp\/v2\/product\/2395\/revisions\/20197"}],"wp:featuredmedia":[{"embeddable":true,"href":"https:\/\/herb-e-concept.com\/es\/wp-json\/wp\/v2\/media\/19844"}],"wp:attachment":[{"href":"https:\/\/herb-e-concept.com\/es\/wp-json\/wp\/v2\/media?parent=2395"}],"wp:term":[{"taxonomy":"product_brand","embeddable":true,"href":"https:\/\/herb-e-concept.com\/es\/wp-json\/wp\/v2\/product_brand?post=2395"},{"taxonomy":"product_cat","embeddable":true,"href":"https:\/\/herb-e-concept.com\/es\/wp-json\/wp\/v2\/product_cat?post=2395"},{"taxonomy":"product_tag","embeddable":true,"href":"https:\/\/herb-e-concept.com\/es\/wp-json\/wp\/v2\/product_tag?post=2395"}],"curies":[{"name":"wp","href":"https:\/\/api.w.org\/{rel}","templated":true}]}}