{"id":2529,"date":"2020-03-09T15:00:35","date_gmt":"2020-03-09T19:00:35","guid":{"rendered":"https:\/\/herb-e-concept.com\/product\/testosterhomme\/"},"modified":"2026-02-02T13:04:10","modified_gmt":"2026-02-02T18:04:10","slug":"testosterhomme","status":"publish","type":"product","link":"https:\/\/herb-e-concept.com\/es\/suplemento-natural\/testosterhomme\/","title":{"rendered":"Testo\u2019Man"},"content":{"rendered":"","protected":false},"excerpt":{"rendered":"<p>Testost\u00e9r\u2019Homme ha sido especialmente desarrollado para responder a las necesidades de los hombres en materia de salud. Por sus propiedades antiestr\u00e9s, vasodilatadoras, euforizantes y energizantes, este suplemento natural puede ayudar a estimular la libido. Permite tambi\u00e9n aumentar la resistencia f\u00edsica y mental, y favorece una circulaci\u00f3n sangu\u00ednea \u00f3ptima.<\/p>\n","protected":false},"featured_media":19749,"comment_status":"open","ping_status":"closed","template":"","meta":{"_acf_changed":false},"product_brand":[],"product_cat":[65,199,203],"product_tag":[],"class_list":{"0":"post-2529","1":"product","2":"type-product","3":"status-publish","4":"has-post-thumbnail","6":"product_cat-energia","7":"product_cat-libido","8":"product_cat-manejo-del-estres","10":"first","11":"instock","12":"taxable","13":"shipping-taxable","14":"purchasable","15":"product-type-simple"},"acf":[],"_links":{"self":[{"href":"https:\/\/herb-e-concept.com\/es\/wp-json\/wp\/v2\/product\/2529","targetHints":{"allow":["GET"]}}],"collection":[{"href":"https:\/\/herb-e-concept.com\/es\/wp-json\/wp\/v2\/product"}],"about":[{"href":"https:\/\/herb-e-concept.com\/es\/wp-json\/wp\/v2\/types\/product"}],"replies":[{"embeddable":true,"href":"https:\/\/herb-e-concept.com\/es\/wp-json\/wp\/v2\/comments?post=2529"}],"version-history":[{"count":3,"href":"https:\/\/herb-e-concept.com\/es\/wp-json\/wp\/v2\/product\/2529\/revisions"}],"predecessor-version":[{"id":19764,"href":"https:\/\/herb-e-concept.com\/es\/wp-json\/wp\/v2\/product\/2529\/revisions\/19764"}],"wp:featuredmedia":[{"embeddable":true,"href":"https:\/\/herb-e-concept.com\/es\/wp-json\/wp\/v2\/media\/19749"}],"wp:attachment":[{"href":"https:\/\/herb-e-concept.com\/es\/wp-json\/wp\/v2\/media?parent=2529"}],"wp:term":[{"taxonomy":"product_brand","embeddable":true,"href":"https:\/\/herb-e-concept.com\/es\/wp-json\/wp\/v2\/product_brand?post=2529"},{"taxonomy":"product_cat","embeddable":true,"href":"https:\/\/herb-e-concept.com\/es\/wp-json\/wp\/v2\/product_cat?post=2529"},{"taxonomy":"product_tag","embeddable":true,"href":"https:\/\/herb-e-concept.com\/es\/wp-json\/wp\/v2\/product_tag?post=2529"}],"curies":[{"name":"wp","href":"https:\/\/api.w.org\/{rel}","templated":true}]}}