{"id":2532,"date":"2020-03-09T11:30:44","date_gmt":"2020-03-09T15:30:44","guid":{"rendered":"https:\/\/herb-e-concept.com\/product\/meno-concept\/"},"modified":"2025-10-14T08:28:46","modified_gmt":"2025-10-14T12:28:46","slug":"meno-concept","status":"publish","type":"product","link":"https:\/\/herb-e-concept.com\/es\/suplemento-natural\/meno-concept\/","title":{"rendered":"Meno Concept"},"content":{"rendered":"","protected":false},"excerpt":{"rendered":"<p>M\u00e9no Concept contiene ingredientes utilizados tradicionalmente en fitoterapia para reducir los s\u00edntomas de la menopausia. Contribuye a disminuir los sofocos, los sudores nocturnos y la transpiraci\u00f3n excesiva. Las mujeres tambi\u00e9n lo utilizan para regular su sistema hormonal y su ciclo menstrual, as\u00ed como para aliviar los s\u00edntomas asociados al s\u00edndrome premenstrual.<\/p>\n","protected":false},"featured_media":20162,"comment_status":"open","ping_status":"closed","template":"","meta":{"_acf_changed":false},"product_brand":[],"product_cat":[201],"product_tag":[],"class_list":{"0":"post-2532","1":"product","2":"type-product","3":"status-publish","4":"has-post-thumbnail","6":"product_cat-reduccion-de-los-sintomas-de-la-menopausia","8":"first","9":"instock","10":"taxable","11":"shipping-taxable","12":"purchasable","13":"product-type-simple"},"acf":[],"_links":{"self":[{"href":"https:\/\/herb-e-concept.com\/es\/wp-json\/wp\/v2\/product\/2532","targetHints":{"allow":["GET"]}}],"collection":[{"href":"https:\/\/herb-e-concept.com\/es\/wp-json\/wp\/v2\/product"}],"about":[{"href":"https:\/\/herb-e-concept.com\/es\/wp-json\/wp\/v2\/types\/product"}],"replies":[{"embeddable":true,"href":"https:\/\/herb-e-concept.com\/es\/wp-json\/wp\/v2\/comments?post=2532"}],"version-history":[{"count":2,"href":"https:\/\/herb-e-concept.com\/es\/wp-json\/wp\/v2\/product\/2532\/revisions"}],"predecessor-version":[{"id":18711,"href":"https:\/\/herb-e-concept.com\/es\/wp-json\/wp\/v2\/product\/2532\/revisions\/18711"}],"wp:featuredmedia":[{"embeddable":true,"href":"https:\/\/herb-e-concept.com\/es\/wp-json\/wp\/v2\/media\/20162"}],"wp:attachment":[{"href":"https:\/\/herb-e-concept.com\/es\/wp-json\/wp\/v2\/media?parent=2532"}],"wp:term":[{"taxonomy":"product_brand","embeddable":true,"href":"https:\/\/herb-e-concept.com\/es\/wp-json\/wp\/v2\/product_brand?post=2532"},{"taxonomy":"product_cat","embeddable":true,"href":"https:\/\/herb-e-concept.com\/es\/wp-json\/wp\/v2\/product_cat?post=2532"},{"taxonomy":"product_tag","embeddable":true,"href":"https:\/\/herb-e-concept.com\/es\/wp-json\/wp\/v2\/product_tag?post=2532"}],"curies":[{"name":"wp","href":"https:\/\/api.w.org\/{rel}","templated":true}]}}