{"id":2537,"date":"2020-03-09T11:44:11","date_gmt":"2020-03-09T15:44:11","guid":{"rendered":"https:\/\/herb-e-concept.com\/product\/calcium-corail\/"},"modified":"2025-10-14T08:29:45","modified_gmt":"2025-10-14T12:29:45","slug":"calcium-corail","status":"publish","type":"product","link":"https:\/\/herb-e-concept.com\/es\/suplemento-natural\/calcium-corail\/","title":{"rendered":"Calcium Corail"},"content":{"rendered":"","protected":false},"excerpt":{"rendered":"<p>Calcium Corail es un suplemento natural que puede ayudar a la salud \u00f3sea y a la salud en general. Puede ayudar a mantener una excelente salud \u00f3sea y dental, ayudar al tratamiento y gesti\u00f3n de la acidez en el cuerpo y a la eliminaci\u00f3n de los radicales libres. Tambi\u00e9n puede ayudar a revertir los efectos de la osteoporosis.<\/p>\n","protected":false},"featured_media":19946,"comment_status":"open","ping_status":"closed","template":"","meta":{"_acf_changed":false},"product_brand":[],"product_cat":[61,64],"product_tag":[],"class_list":{"0":"post-2537","1":"product","2":"type-product","3":"status-publish","4":"has-post-thumbnail","6":"product_cat-control-de-la-acidez","7":"product_cat-huesos-y-articulaciones","9":"first","10":"instock","11":"taxable","12":"shipping-taxable","13":"purchasable","14":"product-type-simple"},"acf":[],"_links":{"self":[{"href":"https:\/\/herb-e-concept.com\/es\/wp-json\/wp\/v2\/product\/2537","targetHints":{"allow":["GET"]}}],"collection":[{"href":"https:\/\/herb-e-concept.com\/es\/wp-json\/wp\/v2\/product"}],"about":[{"href":"https:\/\/herb-e-concept.com\/es\/wp-json\/wp\/v2\/types\/product"}],"replies":[{"embeddable":true,"href":"https:\/\/herb-e-concept.com\/es\/wp-json\/wp\/v2\/comments?post=2537"}],"version-history":[{"count":2,"href":"https:\/\/herb-e-concept.com\/es\/wp-json\/wp\/v2\/product\/2537\/revisions"}],"predecessor-version":[{"id":18713,"href":"https:\/\/herb-e-concept.com\/es\/wp-json\/wp\/v2\/product\/2537\/revisions\/18713"}],"wp:featuredmedia":[{"embeddable":true,"href":"https:\/\/herb-e-concept.com\/es\/wp-json\/wp\/v2\/media\/19946"}],"wp:attachment":[{"href":"https:\/\/herb-e-concept.com\/es\/wp-json\/wp\/v2\/media?parent=2537"}],"wp:term":[{"taxonomy":"product_brand","embeddable":true,"href":"https:\/\/herb-e-concept.com\/es\/wp-json\/wp\/v2\/product_brand?post=2537"},{"taxonomy":"product_cat","embeddable":true,"href":"https:\/\/herb-e-concept.com\/es\/wp-json\/wp\/v2\/product_cat?post=2537"},{"taxonomy":"product_tag","embeddable":true,"href":"https:\/\/herb-e-concept.com\/es\/wp-json\/wp\/v2\/product_tag?post=2537"}],"curies":[{"name":"wp","href":"https:\/\/api.w.org\/{rel}","templated":true}]}}