{"id":2540,"date":"2020-03-09T11:40:52","date_gmt":"2020-03-09T15:40:52","guid":{"rendered":"https:\/\/herb-e-concept.com\/product\/collagen-bamboo-glucosamine\/"},"modified":"2026-03-02T14:05:18","modified_gmt":"2026-03-02T19:05:18","slug":"collagen-bamboo-glucosamine","status":"publish","type":"product","link":"https:\/\/herb-e-concept.com\/es\/suplemento-natural\/collagen-bamboo-glucosamine\/","title":{"rendered":"Collagen Bamboo Glucosamine"},"content":{"rendered":"","protected":false},"excerpt":{"rendered":"<p>El suplemento natural Col\u00e1geno Bamb\u00fa Glucosamina ha sido especialmente dise\u00f1ado para satisfacer las necesidades de las personas activas de m\u00e1s de 40 a\u00f1os que desean retrasar los efectos del envejecimiento en la salud de las articulaciones, los cart\u00edlagos y los huesos. Con una importante fuente de col\u00e1geno de tipo II, este producto puede ayudar a promover la s\u00edntesis de las c\u00e9lulas del cart\u00edlago, suavizar las articulaciones y aliviar el dolor. Tambi\u00e9n puede ayudar a retrasar la aparici\u00f3n de la artrosis y la degradaci\u00f3n del cart\u00edlago. Tambi\u00e9n es conocido por sus propiedades antiinflamatorias.<\/p>\n","protected":false},"featured_media":20092,"comment_status":"open","ping_status":"closed","template":"","meta":{"_acf_changed":false},"product_brand":[],"product_cat":[197,64],"product_tag":[],"class_list":{"0":"post-2540","1":"product","2":"type-product","3":"status-publish","4":"has-post-thumbnail","6":"product_cat-antiinflamatorio","7":"product_cat-huesos-y-articulaciones","9":"first","10":"instock","11":"taxable","12":"shipping-taxable","13":"purchasable","14":"product-type-simple"},"acf":[],"_links":{"self":[{"href":"https:\/\/herb-e-concept.com\/es\/wp-json\/wp\/v2\/product\/2540","targetHints":{"allow":["GET"]}}],"collection":[{"href":"https:\/\/herb-e-concept.com\/es\/wp-json\/wp\/v2\/product"}],"about":[{"href":"https:\/\/herb-e-concept.com\/es\/wp-json\/wp\/v2\/types\/product"}],"replies":[{"embeddable":true,"href":"https:\/\/herb-e-concept.com\/es\/wp-json\/wp\/v2\/comments?post=2540"}],"version-history":[{"count":3,"href":"https:\/\/herb-e-concept.com\/es\/wp-json\/wp\/v2\/product\/2540\/revisions"}],"predecessor-version":[{"id":18715,"href":"https:\/\/herb-e-concept.com\/es\/wp-json\/wp\/v2\/product\/2540\/revisions\/18715"}],"wp:featuredmedia":[{"embeddable":true,"href":"https:\/\/herb-e-concept.com\/es\/wp-json\/wp\/v2\/media\/20092"}],"wp:attachment":[{"href":"https:\/\/herb-e-concept.com\/es\/wp-json\/wp\/v2\/media?parent=2540"}],"wp:term":[{"taxonomy":"product_brand","embeddable":true,"href":"https:\/\/herb-e-concept.com\/es\/wp-json\/wp\/v2\/product_brand?post=2540"},{"taxonomy":"product_cat","embeddable":true,"href":"https:\/\/herb-e-concept.com\/es\/wp-json\/wp\/v2\/product_cat?post=2540"},{"taxonomy":"product_tag","embeddable":true,"href":"https:\/\/herb-e-concept.com\/es\/wp-json\/wp\/v2\/product_tag?post=2540"}],"curies":[{"name":"wp","href":"https:\/\/api.w.org\/{rel}","templated":true}]}}