{"id":2545,"date":"2020-03-09T11:35:27","date_gmt":"2020-03-09T15:35:27","guid":{"rendered":"https:\/\/herb-e-concept.com\/product\/bam-bu-silicium\/"},"modified":"2025-10-14T08:31:53","modified_gmt":"2025-10-14T12:31:53","slug":"bam-bu-silicium","status":"publish","type":"product","link":"https:\/\/herb-e-concept.com\/es\/suplemento-natural\/bam-bu-silicium\/","title":{"rendered":"Bam-B\u00fc Silicium"},"content":{"rendered":"","protected":false},"excerpt":{"rendered":"<p>Bam-B\u00fc Silicium est\u00e1 destinado a las personas que ya padecen dolores articulares. Este suplemento natural puede ayudar a facilitar la reconstrucci\u00f3n del cart\u00edlago y la recalcificaci\u00f3n del hueso, la absorci\u00f3n de minerales y la curaci\u00f3n. Tambi\u00e9n puede ayudar a aliviar el herpes, el eczema y la psoriasis. Para una combinaci\u00f3n \u00f3ptima, util\u00edcelo con Arthri Concept.<\/p>\n","protected":false},"featured_media":20133,"comment_status":"open","ping_status":"closed","template":"","meta":{"_acf_changed":false},"product_brand":[],"product_cat":[64],"product_tag":[],"class_list":{"0":"post-2545","1":"product","2":"type-product","3":"status-publish","4":"has-post-thumbnail","6":"product_cat-huesos-y-articulaciones","8":"first","9":"instock","10":"taxable","11":"shipping-taxable","12":"purchasable","13":"product-type-simple"},"acf":[],"_links":{"self":[{"href":"https:\/\/herb-e-concept.com\/es\/wp-json\/wp\/v2\/product\/2545","targetHints":{"allow":["GET"]}}],"collection":[{"href":"https:\/\/herb-e-concept.com\/es\/wp-json\/wp\/v2\/product"}],"about":[{"href":"https:\/\/herb-e-concept.com\/es\/wp-json\/wp\/v2\/types\/product"}],"replies":[{"embeddable":true,"href":"https:\/\/herb-e-concept.com\/es\/wp-json\/wp\/v2\/comments?post=2545"}],"version-history":[{"count":2,"href":"https:\/\/herb-e-concept.com\/es\/wp-json\/wp\/v2\/product\/2545\/revisions"}],"predecessor-version":[{"id":18717,"href":"https:\/\/herb-e-concept.com\/es\/wp-json\/wp\/v2\/product\/2545\/revisions\/18717"}],"wp:featuredmedia":[{"embeddable":true,"href":"https:\/\/herb-e-concept.com\/es\/wp-json\/wp\/v2\/media\/20133"}],"wp:attachment":[{"href":"https:\/\/herb-e-concept.com\/es\/wp-json\/wp\/v2\/media?parent=2545"}],"wp:term":[{"taxonomy":"product_brand","embeddable":true,"href":"https:\/\/herb-e-concept.com\/es\/wp-json\/wp\/v2\/product_brand?post=2545"},{"taxonomy":"product_cat","embeddable":true,"href":"https:\/\/herb-e-concept.com\/es\/wp-json\/wp\/v2\/product_cat?post=2545"},{"taxonomy":"product_tag","embeddable":true,"href":"https:\/\/herb-e-concept.com\/es\/wp-json\/wp\/v2\/product_tag?post=2545"}],"curies":[{"name":"wp","href":"https:\/\/api.w.org\/{rel}","templated":true}]}}