{"id":2547,"date":"2020-03-09T11:42:58","date_gmt":"2020-03-09T15:42:58","guid":{"rendered":"https:\/\/herb-e-concept.com\/product\/arthri-concept\/"},"modified":"2025-10-14T08:26:50","modified_gmt":"2025-10-14T12:26:50","slug":"arthri-concept","status":"publish","type":"product","link":"https:\/\/herb-e-concept.com\/es\/suplemento-natural\/arthri-concept\/","title":{"rendered":"Arthri Concept"},"content":{"rendered":"","protected":false},"excerpt":{"rendered":"<p>Arthri Concept es un suplemento natural que puede ayudar a aliviar el dolor y la inflamaci\u00f3n de las articulaciones asociados a la artrosis. Puede ayudar a mantener la integridad del cart\u00edlago y la salud de las articulaciones. Tambi\u00e9n puede ayudar a calmar el dolor muscular. Para una combinaci\u00f3n \u00f3ptima, util\u00edcelo con Bam-B\u00fc Silicium.<\/p>\n","protected":false},"featured_media":20031,"comment_status":"open","ping_status":"closed","template":"","meta":{"_acf_changed":false},"product_brand":[],"product_cat":[64],"product_tag":[],"class_list":{"0":"post-2547","1":"product","2":"type-product","3":"status-publish","4":"has-post-thumbnail","6":"product_cat-huesos-y-articulaciones","8":"first","9":"instock","10":"taxable","11":"shipping-taxable","12":"purchasable","13":"product-type-simple"},"acf":[],"_links":{"self":[{"href":"https:\/\/herb-e-concept.com\/es\/wp-json\/wp\/v2\/product\/2547","targetHints":{"allow":["GET"]}}],"collection":[{"href":"https:\/\/herb-e-concept.com\/es\/wp-json\/wp\/v2\/product"}],"about":[{"href":"https:\/\/herb-e-concept.com\/es\/wp-json\/wp\/v2\/types\/product"}],"replies":[{"embeddable":true,"href":"https:\/\/herb-e-concept.com\/es\/wp-json\/wp\/v2\/comments?post=2547"}],"version-history":[{"count":2,"href":"https:\/\/herb-e-concept.com\/es\/wp-json\/wp\/v2\/product\/2547\/revisions"}],"predecessor-version":[{"id":18707,"href":"https:\/\/herb-e-concept.com\/es\/wp-json\/wp\/v2\/product\/2547\/revisions\/18707"}],"wp:featuredmedia":[{"embeddable":true,"href":"https:\/\/herb-e-concept.com\/es\/wp-json\/wp\/v2\/media\/20031"}],"wp:attachment":[{"href":"https:\/\/herb-e-concept.com\/es\/wp-json\/wp\/v2\/media?parent=2547"}],"wp:term":[{"taxonomy":"product_brand","embeddable":true,"href":"https:\/\/herb-e-concept.com\/es\/wp-json\/wp\/v2\/product_brand?post=2547"},{"taxonomy":"product_cat","embeddable":true,"href":"https:\/\/herb-e-concept.com\/es\/wp-json\/wp\/v2\/product_cat?post=2547"},{"taxonomy":"product_tag","embeddable":true,"href":"https:\/\/herb-e-concept.com\/es\/wp-json\/wp\/v2\/product_tag?post=2547"}],"curies":[{"name":"wp","href":"https:\/\/api.w.org\/{rel}","templated":true}]}}