{"id":2553,"date":"2020-03-09T15:25:08","date_gmt":"2020-03-09T19:25:08","guid":{"rendered":"https:\/\/herb-e-concept.com\/product\/deep-sleep\/"},"modified":"2026-02-02T11:20:42","modified_gmt":"2026-02-02T16:20:42","slug":"deep-sleep","status":"publish","type":"product","link":"https:\/\/herb-e-concept.com\/es\/suplemento-natural\/deep-sleep\/","title":{"rendered":"Deep Sleep"},"content":{"rendered":"","protected":false},"excerpt":{"rendered":"<p>Como su nombre indica, Plein Sommeil es un suplemento natural dise\u00f1ado para ayudarle a dormir. Su efecto relajante puede ayudar a mejorar la duraci\u00f3n y la calidad del sue\u00f1o, reducir la ansiedad y calmar los nervios. Este producto es conocido por ser utilizado por aquellos que tienen dificultad para conciliar el sue\u00f1o y por aquellos a los que les molesta el jet lag. Ayuda a equilibrar los ciclos de sue\u00f1o y vigilia.<\/p>\n","protected":false},"featured_media":19745,"comment_status":"open","ping_status":"closed","template":"","meta":{"_acf_changed":false},"product_brand":[],"product_cat":[68],"product_tag":[],"class_list":{"0":"post-2553","1":"product","2":"type-product","3":"status-publish","4":"has-post-thumbnail","6":"product_cat-sueno","8":"first","9":"instock","10":"taxable","11":"shipping-taxable","12":"purchasable","13":"product-type-simple"},"acf":[],"_links":{"self":[{"href":"https:\/\/herb-e-concept.com\/es\/wp-json\/wp\/v2\/product\/2553","targetHints":{"allow":["GET"]}}],"collection":[{"href":"https:\/\/herb-e-concept.com\/es\/wp-json\/wp\/v2\/product"}],"about":[{"href":"https:\/\/herb-e-concept.com\/es\/wp-json\/wp\/v2\/types\/product"}],"replies":[{"embeddable":true,"href":"https:\/\/herb-e-concept.com\/es\/wp-json\/wp\/v2\/comments?post=2553"}],"version-history":[{"count":2,"href":"https:\/\/herb-e-concept.com\/es\/wp-json\/wp\/v2\/product\/2553\/revisions"}],"predecessor-version":[{"id":18705,"href":"https:\/\/herb-e-concept.com\/es\/wp-json\/wp\/v2\/product\/2553\/revisions\/18705"}],"wp:featuredmedia":[{"embeddable":true,"href":"https:\/\/herb-e-concept.com\/es\/wp-json\/wp\/v2\/media\/19745"}],"wp:attachment":[{"href":"https:\/\/herb-e-concept.com\/es\/wp-json\/wp\/v2\/media?parent=2553"}],"wp:term":[{"taxonomy":"product_brand","embeddable":true,"href":"https:\/\/herb-e-concept.com\/es\/wp-json\/wp\/v2\/product_brand?post=2553"},{"taxonomy":"product_cat","embeddable":true,"href":"https:\/\/herb-e-concept.com\/es\/wp-json\/wp\/v2\/product_cat?post=2553"},{"taxonomy":"product_tag","embeddable":true,"href":"https:\/\/herb-e-concept.com\/es\/wp-json\/wp\/v2\/product_tag?post=2553"}],"curies":[{"name":"wp","href":"https:\/\/api.w.org\/{rel}","templated":true}]}}