{"id":559,"date":"2020-03-03T15:20:29","date_gmt":"2020-03-03T20:20:29","guid":{"rendered":"https:\/\/herb-e-concept.com\/?page_id=559"},"modified":"2025-10-07T10:35:33","modified_gmt":"2025-10-07T14:35:33","slug":"propriete-intellectuelle","status":"publish","type":"page","link":"https:\/\/herb-e-concept.com\/fr\/propriete-intellectuelle\/","title":{"rendered":"Propri\u00e9t\u00e9 intellectuelle"},"content":{"rendered":"\t\t<div data-elementor-type=\"wp-page\" data-elementor-id=\"559\" class=\"elementor elementor-559\" data-elementor-post-type=\"page\">\n\t\t\t\t<div class=\"elementor-element elementor-element-a2660d9 e-flex e-con-boxed elementor-invisible e-con e-parent\" data-id=\"a2660d9\" data-element_type=\"container\" data-e-type=\"container\" data-settings=\"{&quot;animation&quot;:&quot;fadeIn&quot;}\">\n\t\t\t\t\t<div class=\"e-con-inner\">\n\t\t\t\t<div class=\"elementor-element elementor-element-dd25c61 elementor-widget elementor-widget-heading\" data-id=\"dd25c61\" data-element_type=\"widget\" data-e-type=\"widget\" data-widget_type=\"heading.default\">\n\t\t\t\t\t<h2 class=\"elementor-heading-title elementor-size-default\">Propri\u00e9t\u00e9 intellectuelle<\/h2>\t\t\t\t<\/div>\n\t\t\t\t\t<\/div>\n\t\t\t\t<\/div>\n\t\t<div class=\"elementor-element elementor-element-6430643 e-flex e-con-boxed elementor-invisible e-con e-parent\" data-id=\"6430643\" data-element_type=\"container\" data-e-type=\"container\" data-settings=\"{&quot;animation&quot;:&quot;fadeIn&quot;}\">\n\t\t\t\t\t<div class=\"e-con-inner\">\n\t\t\t\t<div class=\"elementor-element elementor-element-503ed2c4 elementor-widget elementor-widget-text-editor\" data-id=\"503ed2c4\" data-element_type=\"widget\" data-e-type=\"widget\" data-widget_type=\"text-editor.default\">\n\t\t\t\t\t\t\t\t\t\n<div class=\"wp-block-group container\">\n<h4>Copie<\/h4>\n\n<p>Le propri\u00e9taire de toute entreprise qui copiera un de nos produits (de mani\u00e8re compl\u00e8te ou partielle), sera poursuivi pour crime et risquera une peine de prison selon la loi et la jurisprudence sur la propri\u00e9t\u00e9 intellectuelle.<\/p>\n\n<h4>Avis<\/h4>\n\n<p>Le concept d\u00e9nomm\u00e9\u00a0<strong>\u00ab LTO3, LTO3 Sans saveur, Plein Sommeil \u00bb<\/strong>\u00a0est intrins\u00e8que \u00e0 la cr\u00e9ation litt\u00e9raire et\/ou artistique de Messieurs Marc St-Denis et Rodrigue Tremblay qui est intitul\u00e9e\u00a0<strong>\u00ab Un calme salutaire \u00bb<\/strong>\u00a0(\u00c9ditions USD System &#8211; Collection \u00ab Passeport Intellectuel CB\u00a0<strong>N\u00b0 CA1281MS1013<\/strong>\u00a0&#8211;\u00a0<strong>Copyright N\u00b01114652<\/strong>\u00a0&#8211; OPIC 2014-07-18). La r\u00e9alisation technique et\/ou commerciale des proc\u00e9d\u00e9s et savoir-faire du concept &#8211; obligeant la production, la reproduction \u00a9 et l\u2019interpr\u00e9tation de tout ou partie des textes et des dessins qui sont consign\u00e9s dans l\u2019ouvrage sus d\u00e9sign\u00e9 &#8211; est constitutive des produits qui sont expos\u00e9s dans ce site Internet, ainsi que des projets commerciaux et \u00e9conomiques qui s\u2019y rattachent.<\/p>\n\n<h4>Rappel<\/h4>\n\n<p>Du seul fait de la cr\u00e9ation de son \u0153uvre dont il est l\u2019unique propri\u00e9taire,\u00a0<strong>l\u2019auteur d\u00e9tient l\u2019exclusivit\u00e9 mondiale de tout ou partie de sa production, de sa reproduction \u00a9 et de son interpr\u00e9tation et ce, relativement \u00e0 l\u2019exploitation commerciale du concept mat\u00e9rialis\u00e9 qui en r\u00e9sulte.<\/strong> Conform\u00e9ment aux conventions internationales et aux lois internes des \u00c9tats sur le droit d\u2019auteur, cette exclusivit\u00e9 est mondialement reconnue pour toute la vie de l\u2019auteur ainsi que cinquante \u00e0 soixante-dix ans apr\u00e8s son d\u00e9c\u00e8s et ce, selon la l\u00e9gislation de chaque \u00c9tat.<\/p>\n\n<h3><strong>Qu\u2019est-ce que signifie \u00abPasseport intellectuel CB\u00bb?<\/strong><\/h3>\n\n<p>Passeport Intellectuel CB est le nom d\u2019une collection de livres mondialement diffus\u00e9e par les licenci\u00e9s exclusifs du Consortium International d\u2019\u00c9ditions USD System. Un livre de la collection Passeport intellectuel CB est un instrument l\u00e9gal de Propri\u00e9t\u00e9 intellectuelle \u00e0 titre d\u2019\u0153uvre litt\u00e9raire et artistique.<\/p>\n\n<p>Cet outil ouvre de nouvelles perspectives pour le d\u00e9veloppement \u00e9conomique des innovations, conjointement pour l\u2019inventeur et l\u2019investisseur. Il tient compte de l\u2019ant\u00e9riorit\u00e9 de la cr\u00e9ation sur l\u2019invention proprement dite. Il suscite de nouvelles strat\u00e9gies pr\u00e9ventives et alternatives contre les copieurs. Il permet d\u2019\u00e9valuer le potentiel \u00e9conomique d\u2019une innovation sur une projection de 3 \u00e0 4 ans.<\/p>\n\n<p>La collection de livres Passeport intellectuel CB permet d\u2019harmoniser la collaboration entre les associ\u00e9s, partenaires, investisseurs et exploitants pour le d\u00e9veloppement \u00e9conomique d\u2019un concept brevetable ou non brevetable et ce, notamment au moyen d\u2019un Pr\u00e9visionnel (original) \u00c9conomique International Pluridisciplinaire (PEIP) et d\u2019un portefeuille de contrats appropri\u00e9s qui font partie int\u00e9grante de l\u2019ouvrage.<\/p>\n\n<h3><strong>Quelle diff\u00e9rence y a-t-il entre le brevet d\u2019invention et un livre non publi\u00e9?<\/strong><\/h3>\n\n<h4><strong>Le brevet d\u2019invention<\/strong><\/h4>\n\n<p>C\u2019est un contrat pass\u00e9 entre l\u2019inventeur pr\u00e9sum\u00e9 et le public, qui est repr\u00e9sent\u00e9 par le gouvernement de l\u2019\u00c9tat dans lequel il est enregistr\u00e9.\u00a0<strong>C\u2019est un titre temporaire et non une propri\u00e9t\u00e9.<\/strong>\u00a0Tel un permis de conduire, il est semblable \u00e0 une licence d\u2019\u00c9tat assortie de droits, de devoirs, et de possibilit\u00e9s d\u2019annulation qui sont propres \u00e0 tout contrat.\u00a0<strong>Le brevet d\u2019invention est d\u00e9livr\u00e9 \u00e0 son titulaire en contrepartie de la divulgation obligatoire des secrets.<\/strong>\u00a0Pour en obtenir une couverture internationale, il faut l\u2019\u00e9tendre \u00c9tat par \u00c9tat ou par groupes d\u2019\u00c9tats, et ce en observant des d\u00e9lais rigoureux et moyennant de lourdes finances. Il procure \u00e0 son titulaire le droit d\u2019interdire aux tiers d\u2019exploiter l\u2019invention dans les pays o\u00f9 le brevet est divulgu\u00e9 et enregistr\u00e9 et ce,\u00a0<strong>exclusivement par voie de justice<\/strong>. Le brevet d\u2019invention\u00a0<strong>n\u2019est pas garanti<\/strong>\u00a0par l\u2019\u00c9tat qui le d\u00e9livre.<\/p>\n\n<p><strong>Pour la pr\u00e9servation des secrets,<\/strong>\u00a0chaque livre de la collection\u00a0<strong>Passeport Intellectuel CB<\/strong>\u00a0est \u00e9dit\u00e9\u00a0<strong>sans \u00eatre publi\u00e9<\/strong>\u00a0(non divulgu\u00e9). Il procure \u00e0 l\u2019auteur d\u2019un concept original (brevetable ou non brevetable)\u00a0<strong>la propri\u00e9t\u00e9 mondiale<\/strong>\u00a0de l\u2019\u0153uvre litt\u00e9raire et\/ou artistique au sein de laquelle le descriptif du concept est int\u00e9gr\u00e9. Ce descriptif b\u00e9n\u00e9ficie des droits d\u2019auteur, tels qu\u2019ils sont reconnus par les instances internationales de propri\u00e9t\u00e9 intellectuelle. Ces droits mondiaux sont valides pour toute la vie de l\u2019auteur et plusieurs d\u00e9cennies apr\u00e8s sa mort (pour sa descendance).<\/p>\n\n<p>\u00c0 la diff\u00e9rence du brevet d\u2019invention, le livre interdit aux tiers d\u2019en copier\u00a0<strong>le descriptif<\/strong>\u00a0(les plans) \u00e0 des fins commerciales. Descriptif sans lequel il n\u2019est pas possible aux tiers de r\u00e9aliser l\u2019invention ou le concept original qui en r\u00e9sulte. De plus, le pr\u00e9visionnel \u00e9conomique et le portefeuille de contrats qu\u2019il contient valorisent le projet en vue de sa mise en march\u00e9 et aussi pour l\u2019\u00e9valuation des dommages et int\u00e9r\u00eats en cas de proc\u00e8s avec un copieur. Un livre de la collection Passeport Intellectuel CB\u00a0<strong>est garanti<\/strong>\u00a0par l\u2019\u00e9diteur qui le produit.<\/p>\n\n<h3><strong>Que signifie l\u2019appellation \u00abPropri\u00e9t\u00e9 Intellectuelle\u00bb?<\/strong><\/h3>\n\n<p>Seule une \u0153uvre de cr\u00e9ation litt\u00e9raire et\/ou artistique est la\u00a0<strong>propri\u00e9t\u00e9<\/strong>\u00a0de son auteur! Il s\u2019agit d\u2019une propri\u00e9t\u00e9 mondiale sans frais d\u2019extensions internationales. Les brevets d\u2019invention, les dessins et\/ou mod\u00e8les enregistr\u00e9s et les marques enregistr\u00e9es sont des titres temporaires payants. C\u2019est pour cela que leurs d\u00e9tenteurs sont\u00a0<strong>\u00ab titulaires \u00bb<\/strong>\u00a0et non propri\u00e9taires.<\/p>\n<\/div>\n\t\t\t\t\t\t\t\t<\/div>\n\t\t\t\t\t<\/div>\n\t\t\t\t<\/div>\n\t\t<div class=\"elementor-element elementor-element-8a471b3 e-con-full e-flex e-con e-parent\" data-id=\"8a471b3\" data-element_type=\"container\" data-e-type=\"container\">\n\t\t\t\t<div class=\"elementor-element elementor-element-553b177 elementor-widget elementor-widget-template\" data-id=\"553b177\" data-element_type=\"widget\" data-e-type=\"widget\" data-widget_type=\"template.default\">\n\t\t\t\t<div class=\"elementor-widget-container\">\n\t\t\t\t\t\t\t<div class=\"elementor-template\">\n\t\t\t\t\t<div data-elementor-type=\"section\" data-elementor-id=\"17843\" class=\"elementor elementor-17843\" data-elementor-post-type=\"elementor_library\">\n\t\t\t<div class=\"elementor-element elementor-element-ff74708 e-flex e-con-boxed elementor-invisible e-con e-parent\" data-id=\"ff74708\" data-element_type=\"container\" data-e-type=\"container\" data-settings=\"{&quot;background_background&quot;:&quot;classic&quot;,&quot;animation&quot;:&quot;fadeIn&quot;}\">\n\t\t\t\t\t<div class=\"e-con-inner\">\n\t\t<div class=\"elementor-element elementor-element-a52a1b4 e-con-full e-flex e-con e-child\" data-id=\"a52a1b4\" data-element_type=\"container\" data-e-type=\"container\">\n\t\t\t\t<div class=\"elementor-element elementor-element-029a96b elementor-widget elementor-widget-heading\" data-id=\"029a96b\" data-element_type=\"widget\" data-e-type=\"widget\" data-widget_type=\"heading.default\">\n\t\t\t\t\t<h6 class=\"elementor-heading-title elementor-size-default\">Compl\u00e9ments naturel,<br>\n<strong>pur et efficace<\/strong><\/h6>\t\t\t\t<\/div>\n\t\t\t\t<\/div>\n\t\t<div class=\"elementor-element elementor-element-37003d2 e-con-full e-flex e-con e-child\" data-id=\"37003d2\" data-element_type=\"container\" data-e-type=\"container\">\n\t\t\t\t<div class=\"elementor-element elementor-element-fbfb519 elementor-widget elementor-widget-heading\" data-id=\"fbfb519\" data-element_type=\"widget\" data-e-type=\"widget\" data-widget_type=\"heading.default\">\n\t\t\t\t\t<h6 class=\"elementor-heading-title elementor-size-default\">Expertise reconnue<br>\n<strong>depuis 2000<\/strong><\/h6>\t\t\t\t<\/div>\n\t\t\t\t<\/div>\n\t\t<div class=\"elementor-element elementor-element-90359cb e-con-full e-flex e-con e-child\" data-id=\"90359cb\" data-element_type=\"container\" data-e-type=\"container\">\n\t\t\t\t<div class=\"elementor-element elementor-element-5344047 elementor-widget elementor-widget-heading\" data-id=\"5344047\" data-element_type=\"widget\" data-e-type=\"widget\" data-widget_type=\"heading.default\">\n\t\t\t\t\t<h6 class=\"elementor-heading-title elementor-size-default\">Des produits<br>\n<strong>certifi\u00e9s<\/strong><\/h6>\t\t\t\t<\/div>\n\t\t\t\t<\/div>\n\t\t<div class=\"elementor-element elementor-element-caa18a1 e-con-full e-flex e-con e-child\" data-id=\"caa18a1\" data-element_type=\"container\" data-e-type=\"container\">\n\t\t\t\t<div class=\"elementor-element elementor-element-c63b94b elementor-widget elementor-widget-heading\" data-id=\"c63b94b\" data-element_type=\"widget\" data-e-type=\"widget\" data-widget_type=\"heading.default\">\n\t\t\t\t\t<h6 class=\"elementor-heading-title elementor-size-default\">Disponible dans<br>\n<strong>plus de 17 pays<\/strong><\/h6>\t\t\t\t<\/div>\n\t\t\t\t<\/div>\n\t\t\t\t\t<\/div>\n\t\t\t\t<\/div>\n\t\t\t\t<\/div>\n\t\t\t\t<\/div>\n\t\t\t\t\t\t<\/div>\n\t\t\t\t<\/div>\n\t\t\t\t<\/div>\n\t\t<div class=\"elementor-element elementor-element-1cce716 e-con-full e-flex e-con e-parent\" data-id=\"1cce716\" data-element_type=\"container\" data-e-type=\"container\">\n\t\t\t\t<div class=\"elementor-element elementor-element-a02ce08 elementor-widget elementor-widget-template\" data-id=\"a02ce08\" data-element_type=\"widget\" data-e-type=\"widget\" data-widget_type=\"template.default\">\n\t\t\t\t<div class=\"elementor-widget-container\">\n\t\t\t\t\t\t\t<div class=\"elementor-template\">\n\t\t\t\t\t<div data-elementor-type=\"section\" data-elementor-id=\"17839\" class=\"elementor elementor-17839\" data-elementor-post-type=\"elementor_library\">\n\t\t\t<div class=\"elementor-element elementor-element-39cca2c e-flex e-con-boxed elementor-invisible e-con e-parent\" data-id=\"39cca2c\" data-element_type=\"container\" data-e-type=\"container\" data-settings=\"{&quot;background_background&quot;:&quot;classic&quot;,&quot;animation&quot;:&quot;fadeIn&quot;}\">\n\t\t\t\t\t<div class=\"e-con-inner\">\n\t\t\t\t<div class=\"elementor-element elementor-element-3eae2c8 elementor-widget elementor-widget-heading\" data-id=\"3eae2c8\" data-element_type=\"widget\" data-e-type=\"widget\" data-widget_type=\"heading.default\">\n\t\t\t\t\t<h2 class=\"elementor-heading-title elementor-size-default\">T\u00e9moignages<\/h2>\t\t\t\t<\/div>\n\t\t\t\t<div class=\"elementor-element elementor-element-fc0963f elementor-testimonial--skin-default elementor-testimonial--layout-image_inline elementor-testimonial--align-center elementor-arrows-yes elementor-widget elementor-widget-testimonial-carousel\" data-id=\"fc0963f\" data-element_type=\"widget\" data-e-type=\"widget\" data-settings=\"{&quot;slides_per_view&quot;:&quot;1&quot;,&quot;slides_to_scroll&quot;:&quot;1&quot;,&quot;speed&quot;:1000,&quot;show_arrows&quot;:&quot;yes&quot;,&quot;loop&quot;:&quot;yes&quot;,&quot;space_between&quot;:{&quot;unit&quot;:&quot;px&quot;,&quot;size&quot;:10,&quot;sizes&quot;:[]},&quot;space_between_tablet&quot;:{&quot;unit&quot;:&quot;px&quot;,&quot;size&quot;:10,&quot;sizes&quot;:[]},&quot;space_between_mobile&quot;:{&quot;unit&quot;:&quot;px&quot;,&quot;size&quot;:10,&quot;sizes&quot;:[]}}\" data-widget_type=\"testimonial-carousel.default\">\n\t\t\t\t\t\t\t\t\t\t<div class=\"elementor-main-swiper swiper\" role=\"region\" aria-roledescription=\"carousel\" aria-label=\"Diapositives\">\n\t\t\t\t<div class=\"swiper-wrapper\">\n\t\t\t\t\t\t\t\t\t\t\t<div class=\"swiper-slide\" role=\"group\" aria-roledescription=\"slide\">\n\t\t\t\t\t\t\t\t\t<div class=\"elementor-testimonial\">\n\t\t\t\t\t\t\t<div class=\"elementor-testimonial__content\">\n\t\t\t\t\t<div class=\"elementor-testimonial__text\">\n\t\t\t\t\t\tMon naturopathe m\u2019a recommand\u00e9 de prendre du LTO3 suite \u00e0 des \u00e9pisodes de stress et d\u2019angoisse. Je suis pas ailleurs une personne avec des difficult\u00e9s de concentration. Depuis, je remarque une meilleure capacit\u00e9 \u00e0 me concentrer, je demeure calme, je dors mieux et je ne suis plus anxieuse, et ce, apr\u00e8s un mois de prise r\u00e9guli\u00e8re d\u2019LTO3.\t\t\t\t\t<\/div>\n\t\t\t\t\t\t\t\t\t<\/div>\n\t\t\t\t\t\t<div class=\"elementor-testimonial__footer\">\n\t\t\t\t\t\t\t\t<cite class=\"elementor-testimonial__cite\"><span class=\"elementor-testimonial__name\">M-J B\u00e9dard<\/span><\/cite>\t\t\t<\/div>\n\t\t<\/div>\n\t\t\t\t\t\t\t\t<\/div>\n\t\t\t\t\t\t\t\t\t\t\t<div class=\"swiper-slide\" role=\"group\" aria-roledescription=\"slide\">\n\t\t\t\t\t\t\t\t\t<div class=\"elementor-testimonial\">\n\t\t\t\t\t\t\t<div class=\"elementor-testimonial__content\">\n\t\t\t\t\t<div class=\"elementor-testimonial__text\">\n\t\t\t\t\t\tJe souffre d\u2019anxi\u00e9t\u00e9 et d\u2019un TDA, depuis que je prends le LTO3 l\u2019anxi\u00e9t\u00e9 a diminu\u00e9 consid\u00e9rablement, il me reste des moments o\u00f9 c\u2019est encore difficile, mais \u00e7a \u201dsauv\u00e9\u201d mon quotidien!!! Et en plus, \u00e7a beaucoup aid\u00e9 mon focus d\u00fb a mon TDA, je suis donc moins fatigu\u00e9 en apr\u00e8s-midi et j\u2019ai moins souvent besoin de faire des siestes. Je recommande ce produit, j\u2019ai d\u2019ailleurs parl\u00e9 du LTO3 \u00e0 plusieurs amies qui en prennent elles aussi, elles ont vue de beaux changements aussi!\t\t\t\t\t<\/div>\n\t\t\t\t\t\t\t\t\t<\/div>\n\t\t\t\t\t\t<div class=\"elementor-testimonial__footer\">\n\t\t\t\t\t\t\t\t<cite class=\"elementor-testimonial__cite\"><span class=\"elementor-testimonial__name\">Anne<\/span><\/cite>\t\t\t<\/div>\n\t\t<\/div>\n\t\t\t\t\t\t\t\t<\/div>\n\t\t\t\t\t\t\t\t\t\t\t<div class=\"swiper-slide\" role=\"group\" aria-roledescription=\"slide\">\n\t\t\t\t\t\t\t\t\t<div class=\"elementor-testimonial\">\n\t\t\t\t\t\t\t<div class=\"elementor-testimonial__content\">\n\t\t\t\t\t<div class=\"elementor-testimonial__text\">\n\t\t\t\t\t\tMerci pour ce produit merveilleux. Mon gar\u00e7on de 8 ans a un probl\u00e8me majeur d\u2019impulsivit\u00e9 et un peu d\u2019anxi\u00e9t\u00e9. Il \u00e9tait en attente d\u2019une psychoth\u00e9rapie pour g\u00e9rer ses acc\u00e8s de col\u00e8re avec geste de violence verbale et physique, mais depuis qu\u2019il prend LTO3 \u00e0 raison de 2 le matin et 2 le midi, nous avons vu une diff\u00e9rence majeure. Il lui arrive encore d\u2019avoir des acc\u00e8s de col\u00e8re, mais il a le contr\u00f4le de la suite\u2026\t\t\t\t\t<\/div>\n\t\t\t\t\t\t\t\t\t<\/div>\n\t\t\t\t\t\t<div class=\"elementor-testimonial__footer\">\n\t\t\t\t\t\t\t\t<cite class=\"elementor-testimonial__cite\"><span class=\"elementor-testimonial__name\">K. St-Pierre<\/span><\/cite>\t\t\t<\/div>\n\t\t<\/div>\n\t\t\t\t\t\t\t\t<\/div>\n\t\t\t\t\t\t\t\t\t\t\t<div class=\"swiper-slide\" role=\"group\" aria-roledescription=\"slide\">\n\t\t\t\t\t\t\t\t\t<div class=\"elementor-testimonial\">\n\t\t\t\t\t\t\t<div class=\"elementor-testimonial__content\">\n\t\t\t\t\t<div class=\"elementor-testimonial__text\">\n\t\t\t\t\t\tJ'aimerais prendre le temps de vous remercier pour le merveilleux produit LTO3 qu'une de mes amies d'Ontario m'a pr\u00e9sent\u00e9 il y a un peu plus de 6 mois. Nous habitons dans le sud de l'Alberta, \u00e0 Lethbridge. Mes gar\u00e7ons de 17 et 14 ans \u00e9taient tous les deux sous antid\u00e9presseurs \u00e0 cause d'un d\u00e9ficit d'attention et d'hyperactivit\u00e9 et aussi \u00e0 cause du syndrome d'Asperger. Ces deux m\u00e9dicaments les rendaient agit\u00e9s et ils souffraient des nombreux effets secondaires. Lorsque nous les avons mis sur le LTO3, mes fils ont arr\u00eat\u00e9 leurs pilules en une semaine et ne les ont pas reprises depuis. Ce produit est incroyable et j'en ai parl\u00e9 \u00e0 de nombreuses personnes. Encore merci.\t\t\t\t\t<\/div>\n\t\t\t\t\t\t\t\t\t<\/div>\n\t\t\t\t\t\t<div class=\"elementor-testimonial__footer\">\n\t\t\t\t\t\t\t\t<cite class=\"elementor-testimonial__cite\"><span class=\"elementor-testimonial__name\">Une maman<\/span><\/cite>\t\t\t<\/div>\n\t\t<\/div>\n\t\t\t\t\t\t\t\t<\/div>\n\t\t\t\t\t\t\t\t\t\t\t<div class=\"swiper-slide\" role=\"group\" aria-roledescription=\"slide\">\n\t\t\t\t\t\t\t\t\t<div class=\"elementor-testimonial\">\n\t\t\t\t\t\t\t<div class=\"elementor-testimonial__content\">\n\t\t\t\t\t<div class=\"elementor-testimonial__text\">\n\t\t\t\t\t\tJe voudrais dire un GROS MERCI!!! Grace \u00e0 ce produit, ma fille de six ans est pass\u00e9e d\u2019une enfant extr\u00eamement difficile \u00e0 une enfant tout \u00e0 fait normale avec son caract\u00e8re de six ans. Ses relations autant avec les enfants de son \u00e2ge que les adultes se sont am\u00e9lior\u00e9es \u00e0 95%!\t\t\t\t\t<\/div>\n\t\t\t\t\t\t\t\t\t<\/div>\n\t\t\t\t\t\t<div class=\"elementor-testimonial__footer\">\n\t\t\t\t\t\t\t\t<cite class=\"elementor-testimonial__cite\"><span class=\"elementor-testimonial__name\">Une maman<\/span><\/cite>\t\t\t<\/div>\n\t\t<\/div>\n\t\t\t\t\t\t\t\t<\/div>\n\t\t\t\t\t\t\t\t\t<\/div>\n\t\t\t\t\t\t\t\t\t\t\t\t\t\t\t<div class=\"elementor-swiper-button elementor-swiper-button-prev\" role=\"button\" tabindex=\"0\" aria-label=\"Pr\u00e9c\u00e9dent\">\n\t\t\t\t\t\t\t<svg aria-hidden=\"true\" class=\"e-font-icon-svg e-eicon-chevron-left\" viewBox=\"0 0 1000 1000\" xmlns=\"http:\/\/www.w3.org\/2000\/svg\"><path d=\"M646 125C629 125 613 133 604 142L308 442C296 454 292 471 292 487 292 504 296 521 308 533L604 854C617 867 629 875 646 875 663 875 679 871 692 858 704 846 713 829 713 812 713 796 708 779 692 767L438 487 692 225C700 217 708 204 708 187 708 171 704 154 692 142 675 129 663 125 646 125Z\"><\/path><\/svg>\t\t\t\t\t\t<\/div>\n\t\t\t\t\t\t<div class=\"elementor-swiper-button elementor-swiper-button-next\" role=\"button\" tabindex=\"0\" aria-label=\"Suivant\">\n\t\t\t\t\t\t\t<svg aria-hidden=\"true\" class=\"e-font-icon-svg e-eicon-chevron-right\" viewBox=\"0 0 1000 1000\" xmlns=\"http:\/\/www.w3.org\/2000\/svg\"><path d=\"M696 533C708 521 713 504 713 487 713 471 708 454 696 446L400 146C388 133 375 125 354 125 338 125 325 129 313 142 300 154 292 171 292 187 292 204 296 221 308 233L563 492 304 771C292 783 288 800 288 817 288 833 296 850 308 863 321 871 338 875 354 875 371 875 388 867 400 854L696 533Z\"><\/path><\/svg>\t\t\t\t\t\t<\/div>\n\t\t\t\t\t\t\t\t\t\t\t\t\t\t\t\t\t<\/div>\n\t\t\t\t\t\t\t\t<\/div>\n\t\t\t\t\t<\/div>\n\t\t\t\t<\/div>\n\t\t\t\t<\/div>\n\t\t\t\t<\/div>\n\t\t\t\t\t\t<\/div>\n\t\t\t\t<\/div>\n\t\t\t\t<\/div>\n\t\t\t\t<\/div>\n\t\t","protected":false},"excerpt":{"rendered":"<p>Copie Le propri\u00e9taire de toute entreprise qui copiera un de nos produits (de mani\u00e8re compl\u00e8te ou partielle), sera poursuivi pour crime et risquera une peine de prison selon la loi et la jurisprudence sur la propri\u00e9t\u00e9 intellectuelle. Avis Le concept d\u00e9nomm\u00e9\u00a0\u00ab LTO3, LTO3 Sans saveur, Plein Sommeil \u00bb\u00a0est intrins\u00e8que \u00e0 la cr\u00e9ation litt\u00e9raire et\/ou artistique [&hellip;]<\/p>\n","protected":false},"author":463,"featured_media":0,"parent":0,"menu_order":0,"comment_status":"closed","ping_status":"closed","template":"","meta":{"_acf_changed":false,"footnotes":""},"class_list":["post-559","page","type-page","status-publish","hentry"],"acf":[],"_links":{"self":[{"href":"https:\/\/herb-e-concept.com\/fr\/wp-json\/wp\/v2\/pages\/559","targetHints":{"allow":["GET"]}}],"collection":[{"href":"https:\/\/herb-e-concept.com\/fr\/wp-json\/wp\/v2\/pages"}],"about":[{"href":"https:\/\/herb-e-concept.com\/fr\/wp-json\/wp\/v2\/types\/page"}],"author":[{"embeddable":true,"href":"https:\/\/herb-e-concept.com\/fr\/wp-json\/wp\/v2\/users\/463"}],"replies":[{"embeddable":true,"href":"https:\/\/herb-e-concept.com\/fr\/wp-json\/wp\/v2\/comments?post=559"}],"version-history":[{"count":9,"href":"https:\/\/herb-e-concept.com\/fr\/wp-json\/wp\/v2\/pages\/559\/revisions"}],"predecessor-version":[{"id":18254,"href":"https:\/\/herb-e-concept.com\/fr\/wp-json\/wp\/v2\/pages\/559\/revisions\/18254"}],"wp:attachment":[{"href":"https:\/\/herb-e-concept.com\/fr\/wp-json\/wp\/v2\/media?parent=559"}],"curies":[{"name":"wp","href":"https:\/\/api.w.org\/{rel}","templated":true}]}}