{"id":594,"date":"2020-03-04T10:33:21","date_gmt":"2020-03-04T15:33:21","guid":{"rendered":"https:\/\/herb-e-concept.com\/politique-de-retour-remboursement-ou-dannulation\/"},"modified":"2025-10-07T10:34:04","modified_gmt":"2025-10-07T14:34:04","slug":"politique-de-retour-remboursement-ou-dannulation","status":"publish","type":"page","link":"https:\/\/herb-e-concept.com\/fr\/politique-de-retour-remboursement-ou-dannulation\/","title":{"rendered":"Politique de retour, remboursement ou d\u2019annulation"},"content":{"rendered":"\t\t<div data-elementor-type=\"wp-page\" data-elementor-id=\"594\" class=\"elementor elementor-594 elementor-578\" data-elementor-post-type=\"page\">\n\t\t\t\t<div class=\"elementor-element elementor-element-df31c53 e-flex e-con-boxed elementor-invisible e-con e-parent\" data-id=\"df31c53\" data-element_type=\"container\" data-e-type=\"container\" data-settings=\"{&quot;animation&quot;:&quot;fadeIn&quot;}\">\n\t\t\t\t\t<div class=\"e-con-inner\">\n\t\t\t\t<div class=\"elementor-element elementor-element-49f2cd9 elementor-widget elementor-widget-heading\" data-id=\"49f2cd9\" data-element_type=\"widget\" data-e-type=\"widget\" data-widget_type=\"heading.default\">\n\t\t\t\t\t<h2 class=\"elementor-heading-title elementor-size-default\">Politique de retour, remboursement ou d\u2019annulation<\/h2>\t\t\t\t<\/div>\n\t\t\t\t\t<\/div>\n\t\t\t\t<\/div>\n\t\t<div class=\"elementor-element elementor-element-1cd4efd e-flex e-con-boxed elementor-invisible e-con e-parent\" data-id=\"1cd4efd\" data-element_type=\"container\" data-e-type=\"container\" data-settings=\"{&quot;animation&quot;:&quot;fadeIn&quot;}\">\n\t\t\t\t\t<div class=\"e-con-inner\">\n\t\t\t\t<div class=\"elementor-element elementor-element-74008e8c elementor-widget elementor-widget-text-editor\" data-id=\"74008e8c\" data-element_type=\"widget\" data-e-type=\"widget\" data-widget_type=\"text-editor.default\">\n\t\t\t\t\t\t\t\t\t\n<p><span style=\"font-size: 16px;\">Il sera possible pour le client de demander le remboursement ou l\u2019annulation de son achat dans un de\u0301lai respectable.<\/span><\/p>\n<div class=\"wp-block-group container\">\n<div class=\"wp-block-group__inner-container\">\n<p>Nous proce\u0300deront a\u0300 une re\u0301trocession du montant perc\u0327u sur la carte de cre\u0301dit utilise\u0301e, de sorte que le remboursement se fera directement sur la carte de cre\u0301dit du client. Aucun remboursement ne sera fait en espe\u0300ce ou par che\u0300que.<\/p>\n<h3>Politique de retour<\/h3>\n<p>Notre politique de retour est couverte sur une pe\u0301riode de 30 jours a\u0300 la date de re\u0301ception de votre produit (la confirmation de livraison de poste Canada fait fit de la date d\u2019achat).<\/p>\n<p>Apre\u0300s cette pe\u0301riode de 30 jours e\u0301coule\u0301es depuis votre achat, aucun remboursement ni e\u0301change ne sera effectue\u0301 a\u0300 moins d\u2019une situation exceptionnelle.<\/p>\n<p>Pour pouvoir be\u0301ne\u0301ficier d\u2019un retour, votre article doit e\u0302tre inutilise\u0301 et dans le me\u0302me e\u0301tat ou\u0300 vous l\u2019avez rec\u0327u. Aucun supple\u0301ment ne doit avoir e\u0301te\u0301 ouvert. Il doit e\u0302tre e\u0301galement dans l\u2019emballage d\u2019origine. Une demande de retour doit nous e\u0302tre envoye\u0301e par courriel a\u0300 cette adresse \u00ab <a href=\"mailto:info@herb-e-concept.com\">info@herb-e-concept.com<\/a> \u00bb afin que l\u2019on vous autorise celui-ci. Sans quoi nous ne pourrons accepter le produits et vous le retourner a\u0300 vos frais. Afin d\u2019acce\u0301le\u0301rer le processus de retour, nous pourrons vous demander de prendre des photos de l\u2019article en question (vous pouvez les inclure dans votre demande initiale).<\/p>\n<p>Sauf erreur de notre part, les frais de retour doivent e\u0302tre assume\u0301s par le client. Le client a\u0300 la responsabilite\u0301 de bien prote\u0301ger le produit dans la boite de retour. Sans quoi nous ne pourrons accepter le retour pour un produit endommage\u0301. Pour effectuer un retour, vous devez nous pre\u0301senter un rec\u0327u ou une preuve d\u2019achat. Veuillez s\u2019il vous plait ne pas renvoyer votre achat chez le fabricant.<\/p>\n<h3>Remboursements (le cas e\u0301che\u0301ant)<\/h3>\n<p>Une fois que nous aurons rec\u0327u et inspecte\u0301 l\u2019article retourne\u0301, nous vous enverrons un e-mail pour vous confirmer que nous l\u2019avons bien rec\u0327u. Nous vous informerons e\u0301galement de notre de\u0301cision quant a\u0300 l\u2019approbation ou au rejet de votre demande de remboursement.<\/p>\n<p>Si votre demande est approuve\u0301e, alors votre remboursement sera traite\u0301, et un cre\u0301dit sera automatiquement applique\u0301 a\u0300 votre carte de cre\u0301dit ou a\u0300 votre me\u0301thode originale de paiement, dans un de\u0301lai de dix (10) jours ouvrables. Vous recevrez une confirmation de remboursement par courriel.<\/p>\n<h3>Remboursements en retard ou manquants (le cas e\u0301che\u0301ant)<\/h3>\n<p>Si vous n\u2019avez pas encore rec\u0327u votre remboursement, veuillez d\u2019abord consulter votre compte bancaire a\u0300 nouveau. Ensuite, contactez l\u2019entite\u0301 e\u0301mettrice de votre carte de cre\u0301dit, car il pourrait y avoir un de\u0301lai avant que votre remboursement ne soit officiellement affiche\u0301. Ensuite, contactez votre banque. Il y a souvent un de\u0301lai de traitement ne\u0301cessaire avant qu\u2019un remboursement ne soit affiche\u0301. Si apre\u0300s avoir effectue\u0301 toutes ces e\u0301tapes, vous n\u2019avez toujours pas rec\u0327u votre remboursement, veuillez s\u2019il vous plait nous contacter a\u0300 <a href=\"mailto:info@herb-e-concept.com\">info@herb-e-concept.com<\/a><\/p>\n<h3>E\u0301changes (le cas e\u0301che\u0301ant)<\/h3>\n<p>Sauf erreur de notre part. Nous remplac\u0327ons un article seulement s\u2019il est de\u0301fectueux ou endommage\u0301.<\/p>\n<p>Si dans ce cas vous souhaitez l\u2019e\u0301changer contre le me\u0302me article, envoyez-nous un e-mail a\u0300 \u00ab info@herb-e-concept.com \u00bb et apre\u0300s autorisation de notre part, envoyez-nous votre article a\u0300: (notre adresse a\u0300 Mirabel). Les frais de retour seront pris en charge par le client ou par Herb-e- Concept de\u0301pendamment de la situation. Si nous acceptons l\u2019e\u0301change, les frais de re\u0301expe\u0301dition seront pris en charge par Herb-e-Concept.<\/p>\n<h3>Annulation<\/h3>\n<p>Pour annuler une commande en cours, veuillez nous envoyer un courriel a\u0300 \u00ab info@herb-e-concept.com \u00bb ou te\u0301le\u0301phoner sans frais au service a\u0300 la cliente\u0300le au (Tel de Herb-e-Concept). Si votre commande a de\u0301ja\u0300 e\u0301te\u0301 envoye\u0301e, il vous faudra attendre de la recevoir, ensuite nous appeler et demander une e\u0301tiquette de retour si applicable selon le cas.. Finalement, vous pourrez renvoyer le(s) produit(s) avec le bon de retour.<br \/><br \/>Herb-e-Concept se re\u0301serve le droit :<\/p>\n<ul>\n<li>De suspendre toute commande et toute livraison en cas de non-paiement;<\/li>\n<li>De corriger tout prix ou toute description inexacte, et d\u2019annuler ou de refuser toute commande dont le prix ou la description est errone\u0301. Qui plus est, ces corrections peuvent e\u0302tre effectue\u0301es me\u0302me apre\u0300s l\u2019acceptation d\u2019une commande.<\/li>\n<\/ul>\n<h3>Expe\u0301dition pour un retour de marchandise<\/h3>\n<p>Pour retourner un produit, vous devez l\u2019envoyer par la poste a\u0300: (Adresse de Herb-e-Concept) Il vous incombera de payer vos propres frais d\u2019expe\u0301dition pour retourner votre article, a\u0300 moins que celui-ci soit accepte\u0301 par la Herb-e-Concept.<\/p>\n<p>Les cou\u0302ts d\u2019expe\u0301dition ne sont pas remboursables. Si vous recevez un remboursement, les frais de retour seront de\u0301duits de celui-ci. En fonction de l\u2019endroit ou\u0300 vous vivez, le de\u0301lai ne\u0301cessaire pour recevoir votre produit e\u0301change\u0301 peut varier.<\/p>\n<p>Si vous expe\u0301diez un ou plusieurs articles d\u2019une forte valeur, vous devriez envisager d\u2019utiliser un service de livraison qui vous permet de suivre l\u2019envoi ou de souscrire a\u0300 une assurance de livraison. Nous ne garantissons pas que nous recevrons l\u2019article que vous nous retournez.<\/p>\n<h3>Litige<\/h3>\n<p>Herb-e-Concept est reconnu pour son excellent service a\u0300 la cliente\u0300le et nous privile\u0301gions la satisfaction de notre cliente\u0300le avant tout. C\u2019est pour cela que nous vous encourageons a\u0300 nous contacter pour nous faire part de votre situation avant de prendre d\u2019autre recours le\u0301gaux ou autres.<\/p>\n<\/div>\n<\/div>\n\n<p>\u00a0<\/p>\n\t\t\t\t\t\t\t\t<\/div>\n\t\t\t\t\t<\/div>\n\t\t\t\t<\/div>\n\t\t<div class=\"elementor-element elementor-element-d80726d e-con-full e-flex e-con e-parent\" data-id=\"d80726d\" data-element_type=\"container\" data-e-type=\"container\">\n\t\t\t\t<div class=\"elementor-element elementor-element-ffa55e5 elementor-widget elementor-widget-template\" data-id=\"ffa55e5\" data-element_type=\"widget\" data-e-type=\"widget\" data-widget_type=\"template.default\">\n\t\t\t\t<div class=\"elementor-widget-container\">\n\t\t\t\t\t\t\t<div class=\"elementor-template\">\n\t\t\t\t\t<div data-elementor-type=\"section\" data-elementor-id=\"17843\" class=\"elementor elementor-17843\" data-elementor-post-type=\"elementor_library\">\n\t\t\t<div class=\"elementor-element elementor-element-ff74708 e-flex e-con-boxed elementor-invisible e-con e-parent\" data-id=\"ff74708\" data-element_type=\"container\" data-e-type=\"container\" data-settings=\"{&quot;background_background&quot;:&quot;classic&quot;,&quot;animation&quot;:&quot;fadeIn&quot;}\">\n\t\t\t\t\t<div class=\"e-con-inner\">\n\t\t<div class=\"elementor-element elementor-element-a52a1b4 e-con-full e-flex e-con e-child\" data-id=\"a52a1b4\" data-element_type=\"container\" data-e-type=\"container\">\n\t\t\t\t<div class=\"elementor-element elementor-element-029a96b elementor-widget elementor-widget-heading\" data-id=\"029a96b\" data-element_type=\"widget\" data-e-type=\"widget\" data-widget_type=\"heading.default\">\n\t\t\t\t\t<h6 class=\"elementor-heading-title elementor-size-default\">Compl\u00e9ments naturel,<br>\n<strong>pur et efficace<\/strong><\/h6>\t\t\t\t<\/div>\n\t\t\t\t<\/div>\n\t\t<div class=\"elementor-element elementor-element-37003d2 e-con-full e-flex e-con e-child\" data-id=\"37003d2\" data-element_type=\"container\" data-e-type=\"container\">\n\t\t\t\t<div class=\"elementor-element elementor-element-fbfb519 elementor-widget elementor-widget-heading\" data-id=\"fbfb519\" data-element_type=\"widget\" data-e-type=\"widget\" data-widget_type=\"heading.default\">\n\t\t\t\t\t<h6 class=\"elementor-heading-title elementor-size-default\">Expertise reconnue<br>\n<strong>depuis 2000<\/strong><\/h6>\t\t\t\t<\/div>\n\t\t\t\t<\/div>\n\t\t<div class=\"elementor-element elementor-element-90359cb e-con-full e-flex e-con e-child\" data-id=\"90359cb\" data-element_type=\"container\" data-e-type=\"container\">\n\t\t\t\t<div class=\"elementor-element elementor-element-5344047 elementor-widget elementor-widget-heading\" data-id=\"5344047\" data-element_type=\"widget\" data-e-type=\"widget\" data-widget_type=\"heading.default\">\n\t\t\t\t\t<h6 class=\"elementor-heading-title elementor-size-default\">Des produits<br>\n<strong>certifi\u00e9s<\/strong><\/h6>\t\t\t\t<\/div>\n\t\t\t\t<\/div>\n\t\t<div class=\"elementor-element elementor-element-caa18a1 e-con-full e-flex e-con e-child\" data-id=\"caa18a1\" data-element_type=\"container\" data-e-type=\"container\">\n\t\t\t\t<div class=\"elementor-element elementor-element-c63b94b elementor-widget elementor-widget-heading\" data-id=\"c63b94b\" data-element_type=\"widget\" data-e-type=\"widget\" data-widget_type=\"heading.default\">\n\t\t\t\t\t<h6 class=\"elementor-heading-title elementor-size-default\">Disponible dans<br>\n<strong>plus de 17 pays<\/strong><\/h6>\t\t\t\t<\/div>\n\t\t\t\t<\/div>\n\t\t\t\t\t<\/div>\n\t\t\t\t<\/div>\n\t\t\t\t<\/div>\n\t\t\t\t<\/div>\n\t\t\t\t\t\t<\/div>\n\t\t\t\t<\/div>\n\t\t\t\t<\/div>\n\t\t<div class=\"elementor-element elementor-element-4209ffa e-con-full e-flex e-con e-parent\" data-id=\"4209ffa\" data-element_type=\"container\" data-e-type=\"container\">\n\t\t\t\t<div class=\"elementor-element elementor-element-ac1c1d0 elementor-widget elementor-widget-template\" data-id=\"ac1c1d0\" data-element_type=\"widget\" data-e-type=\"widget\" data-widget_type=\"template.default\">\n\t\t\t\t<div class=\"elementor-widget-container\">\n\t\t\t\t\t\t\t<div class=\"elementor-template\">\n\t\t\t\t\t<div data-elementor-type=\"section\" data-elementor-id=\"17839\" class=\"elementor elementor-17839\" data-elementor-post-type=\"elementor_library\">\n\t\t\t<div class=\"elementor-element elementor-element-39cca2c e-flex e-con-boxed elementor-invisible e-con e-parent\" data-id=\"39cca2c\" data-element_type=\"container\" data-e-type=\"container\" data-settings=\"{&quot;background_background&quot;:&quot;classic&quot;,&quot;animation&quot;:&quot;fadeIn&quot;}\">\n\t\t\t\t\t<div class=\"e-con-inner\">\n\t\t\t\t<div class=\"elementor-element elementor-element-3eae2c8 elementor-widget elementor-widget-heading\" data-id=\"3eae2c8\" data-element_type=\"widget\" data-e-type=\"widget\" data-widget_type=\"heading.default\">\n\t\t\t\t\t<h2 class=\"elementor-heading-title elementor-size-default\">T\u00e9moignages<\/h2>\t\t\t\t<\/div>\n\t\t\t\t<div class=\"elementor-element elementor-element-fc0963f elementor-testimonial--skin-default elementor-testimonial--layout-image_inline elementor-testimonial--align-center elementor-arrows-yes elementor-widget elementor-widget-testimonial-carousel\" data-id=\"fc0963f\" data-element_type=\"widget\" data-e-type=\"widget\" data-settings=\"{&quot;slides_per_view&quot;:&quot;1&quot;,&quot;slides_to_scroll&quot;:&quot;1&quot;,&quot;speed&quot;:1000,&quot;show_arrows&quot;:&quot;yes&quot;,&quot;loop&quot;:&quot;yes&quot;,&quot;space_between&quot;:{&quot;unit&quot;:&quot;px&quot;,&quot;size&quot;:10,&quot;sizes&quot;:[]},&quot;space_between_tablet&quot;:{&quot;unit&quot;:&quot;px&quot;,&quot;size&quot;:10,&quot;sizes&quot;:[]},&quot;space_between_mobile&quot;:{&quot;unit&quot;:&quot;px&quot;,&quot;size&quot;:10,&quot;sizes&quot;:[]}}\" data-widget_type=\"testimonial-carousel.default\">\n\t\t\t\t\t\t\t\t\t\t<div class=\"elementor-main-swiper swiper\" role=\"region\" aria-roledescription=\"carousel\" aria-label=\"Diapositives\">\n\t\t\t\t<div class=\"swiper-wrapper\">\n\t\t\t\t\t\t\t\t\t\t\t<div class=\"swiper-slide\" role=\"group\" aria-roledescription=\"slide\">\n\t\t\t\t\t\t\t\t\t<div class=\"elementor-testimonial\">\n\t\t\t\t\t\t\t<div class=\"elementor-testimonial__content\">\n\t\t\t\t\t<div class=\"elementor-testimonial__text\">\n\t\t\t\t\t\tMon naturopathe m\u2019a recommand\u00e9 de prendre du LTO3 suite \u00e0 des \u00e9pisodes de stress et d\u2019angoisse. Je suis pas ailleurs une personne avec des difficult\u00e9s de concentration. Depuis, je remarque une meilleure capacit\u00e9 \u00e0 me concentrer, je demeure calme, je dors mieux et je ne suis plus anxieuse, et ce, apr\u00e8s un mois de prise r\u00e9guli\u00e8re d\u2019LTO3.\t\t\t\t\t<\/div>\n\t\t\t\t\t\t\t\t\t<\/div>\n\t\t\t\t\t\t<div class=\"elementor-testimonial__footer\">\n\t\t\t\t\t\t\t\t<cite class=\"elementor-testimonial__cite\"><span class=\"elementor-testimonial__name\">M-J B\u00e9dard<\/span><\/cite>\t\t\t<\/div>\n\t\t<\/div>\n\t\t\t\t\t\t\t\t<\/div>\n\t\t\t\t\t\t\t\t\t\t\t<div class=\"swiper-slide\" role=\"group\" aria-roledescription=\"slide\">\n\t\t\t\t\t\t\t\t\t<div class=\"elementor-testimonial\">\n\t\t\t\t\t\t\t<div class=\"elementor-testimonial__content\">\n\t\t\t\t\t<div class=\"elementor-testimonial__text\">\n\t\t\t\t\t\tJe souffre d\u2019anxi\u00e9t\u00e9 et d\u2019un TDA, depuis que je prends le LTO3 l\u2019anxi\u00e9t\u00e9 a diminu\u00e9 consid\u00e9rablement, il me reste des moments o\u00f9 c\u2019est encore difficile, mais \u00e7a \u201dsauv\u00e9\u201d mon quotidien!!! Et en plus, \u00e7a beaucoup aid\u00e9 mon focus d\u00fb a mon TDA, je suis donc moins fatigu\u00e9 en apr\u00e8s-midi et j\u2019ai moins souvent besoin de faire des siestes. Je recommande ce produit, j\u2019ai d\u2019ailleurs parl\u00e9 du LTO3 \u00e0 plusieurs amies qui en prennent elles aussi, elles ont vue de beaux changements aussi!\t\t\t\t\t<\/div>\n\t\t\t\t\t\t\t\t\t<\/div>\n\t\t\t\t\t\t<div class=\"elementor-testimonial__footer\">\n\t\t\t\t\t\t\t\t<cite class=\"elementor-testimonial__cite\"><span class=\"elementor-testimonial__name\">Anne<\/span><\/cite>\t\t\t<\/div>\n\t\t<\/div>\n\t\t\t\t\t\t\t\t<\/div>\n\t\t\t\t\t\t\t\t\t\t\t<div class=\"swiper-slide\" role=\"group\" aria-roledescription=\"slide\">\n\t\t\t\t\t\t\t\t\t<div class=\"elementor-testimonial\">\n\t\t\t\t\t\t\t<div class=\"elementor-testimonial__content\">\n\t\t\t\t\t<div class=\"elementor-testimonial__text\">\n\t\t\t\t\t\tMerci pour ce produit merveilleux. Mon gar\u00e7on de 8 ans a un probl\u00e8me majeur d\u2019impulsivit\u00e9 et un peu d\u2019anxi\u00e9t\u00e9. Il \u00e9tait en attente d\u2019une psychoth\u00e9rapie pour g\u00e9rer ses acc\u00e8s de col\u00e8re avec geste de violence verbale et physique, mais depuis qu\u2019il prend LTO3 \u00e0 raison de 2 le matin et 2 le midi, nous avons vu une diff\u00e9rence majeure. Il lui arrive encore d\u2019avoir des acc\u00e8s de col\u00e8re, mais il a le contr\u00f4le de la suite\u2026\t\t\t\t\t<\/div>\n\t\t\t\t\t\t\t\t\t<\/div>\n\t\t\t\t\t\t<div class=\"elementor-testimonial__footer\">\n\t\t\t\t\t\t\t\t<cite class=\"elementor-testimonial__cite\"><span class=\"elementor-testimonial__name\">K. St-Pierre<\/span><\/cite>\t\t\t<\/div>\n\t\t<\/div>\n\t\t\t\t\t\t\t\t<\/div>\n\t\t\t\t\t\t\t\t\t\t\t<div class=\"swiper-slide\" role=\"group\" aria-roledescription=\"slide\">\n\t\t\t\t\t\t\t\t\t<div class=\"elementor-testimonial\">\n\t\t\t\t\t\t\t<div class=\"elementor-testimonial__content\">\n\t\t\t\t\t<div class=\"elementor-testimonial__text\">\n\t\t\t\t\t\tJ'aimerais prendre le temps de vous remercier pour le merveilleux produit LTO3 qu'une de mes amies d'Ontario m'a pr\u00e9sent\u00e9 il y a un peu plus de 6 mois. Nous habitons dans le sud de l'Alberta, \u00e0 Lethbridge. Mes gar\u00e7ons de 17 et 14 ans \u00e9taient tous les deux sous antid\u00e9presseurs \u00e0 cause d'un d\u00e9ficit d'attention et d'hyperactivit\u00e9 et aussi \u00e0 cause du syndrome d'Asperger. Ces deux m\u00e9dicaments les rendaient agit\u00e9s et ils souffraient des nombreux effets secondaires. Lorsque nous les avons mis sur le LTO3, mes fils ont arr\u00eat\u00e9 leurs pilules en une semaine et ne les ont pas reprises depuis. Ce produit est incroyable et j'en ai parl\u00e9 \u00e0 de nombreuses personnes. Encore merci.\t\t\t\t\t<\/div>\n\t\t\t\t\t\t\t\t\t<\/div>\n\t\t\t\t\t\t<div class=\"elementor-testimonial__footer\">\n\t\t\t\t\t\t\t\t<cite class=\"elementor-testimonial__cite\"><span class=\"elementor-testimonial__name\">Une maman<\/span><\/cite>\t\t\t<\/div>\n\t\t<\/div>\n\t\t\t\t\t\t\t\t<\/div>\n\t\t\t\t\t\t\t\t\t\t\t<div class=\"swiper-slide\" role=\"group\" aria-roledescription=\"slide\">\n\t\t\t\t\t\t\t\t\t<div class=\"elementor-testimonial\">\n\t\t\t\t\t\t\t<div class=\"elementor-testimonial__content\">\n\t\t\t\t\t<div class=\"elementor-testimonial__text\">\n\t\t\t\t\t\tJe voudrais dire un GROS MERCI!!! Grace \u00e0 ce produit, ma fille de six ans est pass\u00e9e d\u2019une enfant extr\u00eamement difficile \u00e0 une enfant tout \u00e0 fait normale avec son caract\u00e8re de six ans. Ses relations autant avec les enfants de son \u00e2ge que les adultes se sont am\u00e9lior\u00e9es \u00e0 95%!\t\t\t\t\t<\/div>\n\t\t\t\t\t\t\t\t\t<\/div>\n\t\t\t\t\t\t<div class=\"elementor-testimonial__footer\">\n\t\t\t\t\t\t\t\t<cite class=\"elementor-testimonial__cite\"><span class=\"elementor-testimonial__name\">Une maman<\/span><\/cite>\t\t\t<\/div>\n\t\t<\/div>\n\t\t\t\t\t\t\t\t<\/div>\n\t\t\t\t\t\t\t\t\t<\/div>\n\t\t\t\t\t\t\t\t\t\t\t\t\t\t\t<div class=\"elementor-swiper-button elementor-swiper-button-prev\" role=\"button\" tabindex=\"0\" aria-label=\"Pr\u00e9c\u00e9dent\">\n\t\t\t\t\t\t\t<svg aria-hidden=\"true\" class=\"e-font-icon-svg e-eicon-chevron-left\" viewBox=\"0 0 1000 1000\" xmlns=\"http:\/\/www.w3.org\/2000\/svg\"><path d=\"M646 125C629 125 613 133 604 142L308 442C296 454 292 471 292 487 292 504 296 521 308 533L604 854C617 867 629 875 646 875 663 875 679 871 692 858 704 846 713 829 713 812 713 796 708 779 692 767L438 487 692 225C700 217 708 204 708 187 708 171 704 154 692 142 675 129 663 125 646 125Z\"><\/path><\/svg>\t\t\t\t\t\t<\/div>\n\t\t\t\t\t\t<div class=\"elementor-swiper-button elementor-swiper-button-next\" role=\"button\" tabindex=\"0\" aria-label=\"Suivant\">\n\t\t\t\t\t\t\t<svg aria-hidden=\"true\" class=\"e-font-icon-svg e-eicon-chevron-right\" viewBox=\"0 0 1000 1000\" xmlns=\"http:\/\/www.w3.org\/2000\/svg\"><path d=\"M696 533C708 521 713 504 713 487 713 471 708 454 696 446L400 146C388 133 375 125 354 125 338 125 325 129 313 142 300 154 292 171 292 187 292 204 296 221 308 233L563 492 304 771C292 783 288 800 288 817 288 833 296 850 308 863 321 871 338 875 354 875 371 875 388 867 400 854L696 533Z\"><\/path><\/svg>\t\t\t\t\t\t<\/div>\n\t\t\t\t\t\t\t\t\t\t\t\t\t\t\t\t\t<\/div>\n\t\t\t\t\t\t\t\t<\/div>\n\t\t\t\t\t<\/div>\n\t\t\t\t<\/div>\n\t\t\t\t<\/div>\n\t\t\t\t<\/div>\n\t\t\t\t\t\t<\/div>\n\t\t\t\t<\/div>\n\t\t\t\t<\/div>\n\t\t\t\t<\/div>\n\t\t","protected":false},"excerpt":{"rendered":"<p>Il sera possible pour le client de demander le remboursement ou l\u2019annulation de son achat dans un de\u0301lai respectable. Nous proce\u0300deront a\u0300 une re\u0301trocession du montant perc\u0327u sur la carte de cre\u0301dit utilise\u0301e, de sorte que le remboursement se fera directement sur la carte de cre\u0301dit du client. Aucun remboursement ne sera fait en espe\u0300ce [&hellip;]<\/p>\n","protected":false},"author":463,"featured_media":0,"parent":0,"menu_order":0,"comment_status":"closed","ping_status":"closed","template":"","meta":{"_acf_changed":false,"footnotes":""},"class_list":["post-594","page","type-page","status-publish","hentry"],"acf":[],"_links":{"self":[{"href":"https:\/\/herb-e-concept.com\/fr\/wp-json\/wp\/v2\/pages\/594","targetHints":{"allow":["GET"]}}],"collection":[{"href":"https:\/\/herb-e-concept.com\/fr\/wp-json\/wp\/v2\/pages"}],"about":[{"href":"https:\/\/herb-e-concept.com\/fr\/wp-json\/wp\/v2\/types\/page"}],"author":[{"embeddable":true,"href":"https:\/\/herb-e-concept.com\/fr\/wp-json\/wp\/v2\/users\/463"}],"replies":[{"embeddable":true,"href":"https:\/\/herb-e-concept.com\/fr\/wp-json\/wp\/v2\/comments?post=594"}],"version-history":[{"count":9,"href":"https:\/\/herb-e-concept.com\/fr\/wp-json\/wp\/v2\/pages\/594\/revisions"}],"predecessor-version":[{"id":18248,"href":"https:\/\/herb-e-concept.com\/fr\/wp-json\/wp\/v2\/pages\/594\/revisions\/18248"}],"wp:attachment":[{"href":"https:\/\/herb-e-concept.com\/fr\/wp-json\/wp\/v2\/media?parent=594"}],"curies":[{"name":"wp","href":"https:\/\/api.w.org\/{rel}","templated":true}]}}