{"id":7205,"date":"2022-02-16T13:04:04","date_gmt":"2022-02-16T18:04:04","guid":{"rendered":"https:\/\/herb-e-concept.com\/?page_id=7205"},"modified":"2025-12-01T13:33:36","modified_gmt":"2025-12-01T18:33:36","slug":"politique-dexpedition","status":"publish","type":"page","link":"https:\/\/herb-e-concept.com\/fr\/politique-dexpedition\/","title":{"rendered":"Politique d&rsquo;exp\u00e9dition"},"content":{"rendered":"\t\t<div data-elementor-type=\"wp-page\" data-elementor-id=\"7205\" class=\"elementor elementor-7205\" data-elementor-post-type=\"page\">\n\t\t\t\t<div class=\"elementor-element elementor-element-b74af69 e-flex e-con-boxed elementor-invisible e-con e-parent\" data-id=\"b74af69\" data-element_type=\"container\" data-e-type=\"container\" data-settings=\"{&quot;animation&quot;:&quot;fadeIn&quot;}\">\n\t\t\t\t\t<div class=\"e-con-inner\">\n\t\t\t\t<div class=\"elementor-element elementor-element-2a86f61 elementor-widget elementor-widget-heading\" data-id=\"2a86f61\" data-element_type=\"widget\" data-e-type=\"widget\" data-widget_type=\"heading.default\">\n\t\t\t\t\t<h2 class=\"elementor-heading-title elementor-size-default\">Politique d&rsquo;exp\u00e9dition<\/h2>\t\t\t\t<\/div>\n\t\t\t\t\t<\/div>\n\t\t\t\t<\/div>\n\t\t<div class=\"elementor-element elementor-element-7d87f4e e-flex e-con-boxed elementor-invisible e-con e-parent\" data-id=\"7d87f4e\" data-element_type=\"container\" data-e-type=\"container\" data-settings=\"{&quot;animation&quot;:&quot;fadeIn&quot;}\">\n\t\t\t\t\t<div class=\"e-con-inner\">\n\t\t\t\t<div class=\"elementor-element elementor-element-24db47be elementor-widget elementor-widget-text-editor\" data-id=\"24db47be\" data-element_type=\"widget\" data-e-type=\"widget\" data-widget_type=\"text-editor.default\">\n\t\t\t\t\t\t\t\t\t<div class=\"wp-block-group container\"><div class=\"wp-block-group__inner-container\"><ol type=\"1\"><li><strong>Livraison et Exp\u00e9dition<\/strong><\/li><\/ol><p>Nous offrons des tarifs de livraison partout dans le monde.<\/p><p><strong>Frais de livraison au Canada\u00a0:<\/strong><\/p><p>Les frais de livraison sont gratuits pour toutes commandes de 60 $ (CAD) et plus avant les taxes en livraison en colis standard de la Poste Canada. Cependant, le client pourra choisir une option de livraison plus rapide s\u2019il le souhaite et \u00e0 ses frais.<\/p><p>Pour les commandes en dessous de 60$ (CAD), les frais de livraison sont \u00e0 la charge exclusive du client. Il sera \u00e0 la discr\u00e9tion du client de choisir une option d\u2019envoi gr\u00e2ce au calculateur de livraison de la Poste Canada (Colis Standard, Colis acc\u00e9l\u00e9r\u00e9, Xpresspost ou Colis Priorit\u00e9).<\/p><p><strong>Frais de livraison \u00e0 l\u2019international\u00a0:<\/strong><\/p><p>Les frais de livraison sont \u00e0 la charge du client. Il sera \u00e0 la discr\u00e9tion du client de choisir une option d\u2019envoi gr\u00e2ce au calculateur de livraison de la Poste Canada (Petit paquet par avion international, paquet rep\u00e9rable, Colis acc\u00e9l\u00e9r\u00e9 ou Xpresspost).<\/p><p>Les frais d&rsquo;exp\u00e9dition sont sujets \u00e0 changement. Les commandes peuvent \u00eatre admissibles \u00e0 des frais d&rsquo;exp\u00e9dition suppl\u00e9mentaires en fonction de la taille et du volume de la commande.<\/p><p>Les clients seront toujours contact\u00e9s avant qu&rsquo;un tel montant ne soit ajout\u00e9.<\/p><figure class=\"wp-block-table\"><table><tbody><tr><td>\u00a0<\/td><td>Canada<\/td><td>United States<\/td><td>International<\/td><\/tr><tr><td>Colis Standard \/ Petit paquet par avion<\/td><td>11 jours ouvrables<\/td><td>5 \u00e0 10 jours ouvrables<\/td><td>6 \u00e0 12 jours ouvrables<\/td><\/tr><tr><td>Colis acc\u00e9l\u00e9r\u00e9 avec num\u00e9ro de suivi \/ paquet rep\u00e9rable avec num\u00e9ro de suivi<\/td><td>7 jours ouvrables<\/td><td>13 jours ouvrables<\/td><td>14 jours ouvrables<\/td><\/tr><tr><td>Colis acc\u00e9l\u00e9r\u00e9 avec num\u00e9ro de suivi<\/td><td>***<\/td><td>11 jours ouvrables<\/td><td>***<\/td><\/tr><tr><td>Xpresspost avec num\u00e9ro de suivi et signature<\/td><td>6 jours ouvrables<\/td><td>9 jours ouvrables<\/td><td>6 jours ouvrables<\/td><\/tr><tr><td>Colis Priorit\u00e9 avec num\u00e9ro de suivi et signature<\/td><td>5 jours ouvrables<\/td><td>***<\/td><td>***<\/td><\/tr><\/tbody><\/table><\/figure><p><strong>Remarque\u00a0:<\/strong> les d\u00e9lais indiqu\u00e9s sont des estimations moyennes transmises par Poste Canada.<\/p><p><strong>2. Autres frais<\/strong><\/p><p>Pour les commandes internationales le client pourra avoir \u00e0 supporter d\u2019autres frais ou charge. En effet, selon le pays de destination, le client pourrait avoir \u00e0 payer des frais de douane. Un droit de douane est un droit d\u2019importation (tarif) per\u00e7u sur les marchandises entrant dans un pays, conform\u00e9ment \u00e0 la liste tarifaire du pays.<\/p><p>En g\u00e9n\u00e9ral, l\u2019autorit\u00e9 ou l\u2019agence en douane d\u2019un pays impose et per\u00e7oit les droits de douane. Les droits de douane diff\u00e8rent selon les produits.<\/p><p><strong>3. Pr\u00e9paration des commandes<\/strong><\/p><p>Toutes les commandes n\u00e9cessitent 1 \u00e0 3 jours ouvrables de d\u00e9lai de traitement pour \u00eatre cueillies, emball\u00e9es et pr\u00e9par\u00e9es pour l&rsquo;exp\u00e9dition.<\/p><p><strong>4. Responsabilit\u00e9 des compagnies de transports<\/strong><\/p><p>Elles assurent la livraison durant les jours ouvrables. Une confirmation d\u2019exp\u00e9dition est envoy\u00e9e au client avec le num\u00e9ro de suivi du colis si cette option d\u2019envoi a \u00e9t\u00e9 choisie.<\/p><p>Il est possible pour le client de suivre ses envoient via les outils de rep\u00e9rage de colis qui vous sera transmis.<\/p><p>Pour toute commande internationale, nos transporteurs se chargent des colis jusqu\u2019aux fronti\u00e8res o\u00f9 ils seront pris en charge par un transporteur local.<\/p><p><strong>5. Notre responsabilit\u00e9 est notre transparence.<\/strong><\/p><p>Herb-e-Concept s\u2019assure que chaque colis est soigneusement pr\u00e9par\u00e9 et prot\u00e9g\u00e9 au mieux afin de limiter toute d\u00e9t\u00e9rioration durant le transport. Herb-e-Concept ne peut \u00eatre tenu responsable des d\u00e9lais suppl\u00e9mentaires de livraison engag\u00e9s par le transporteur.<\/p><\/div><\/div>\t\t\t\t\t\t\t\t<\/div>\n\t\t\t\t\t<\/div>\n\t\t\t\t<\/div>\n\t\t<div class=\"elementor-element elementor-element-c685b2e e-con-full e-flex e-con e-parent\" data-id=\"c685b2e\" data-element_type=\"container\" data-e-type=\"container\">\n\t\t\t\t<div class=\"elementor-element elementor-element-b996337 elementor-widget elementor-widget-template\" data-id=\"b996337\" data-element_type=\"widget\" data-e-type=\"widget\" data-widget_type=\"template.default\">\n\t\t\t\t<div class=\"elementor-widget-container\">\n\t\t\t\t\t\t\t<div class=\"elementor-template\">\n\t\t\t\t\t<div data-elementor-type=\"section\" data-elementor-id=\"17843\" class=\"elementor elementor-17843\" data-elementor-post-type=\"elementor_library\">\n\t\t\t<div class=\"elementor-element elementor-element-ff74708 e-flex e-con-boxed elementor-invisible e-con e-parent\" data-id=\"ff74708\" data-element_type=\"container\" data-e-type=\"container\" data-settings=\"{&quot;background_background&quot;:&quot;classic&quot;,&quot;animation&quot;:&quot;fadeIn&quot;}\">\n\t\t\t\t\t<div class=\"e-con-inner\">\n\t\t<div class=\"elementor-element elementor-element-a52a1b4 e-con-full e-flex e-con e-child\" data-id=\"a52a1b4\" data-element_type=\"container\" data-e-type=\"container\">\n\t\t\t\t<div class=\"elementor-element elementor-element-029a96b elementor-widget elementor-widget-heading\" data-id=\"029a96b\" data-element_type=\"widget\" data-e-type=\"widget\" data-widget_type=\"heading.default\">\n\t\t\t\t\t<h6 class=\"elementor-heading-title elementor-size-default\">Compl\u00e9ments naturel,<br>\n<strong>pur et efficace<\/strong><\/h6>\t\t\t\t<\/div>\n\t\t\t\t<\/div>\n\t\t<div class=\"elementor-element elementor-element-37003d2 e-con-full e-flex e-con e-child\" data-id=\"37003d2\" data-element_type=\"container\" data-e-type=\"container\">\n\t\t\t\t<div class=\"elementor-element elementor-element-fbfb519 elementor-widget elementor-widget-heading\" data-id=\"fbfb519\" data-element_type=\"widget\" data-e-type=\"widget\" data-widget_type=\"heading.default\">\n\t\t\t\t\t<h6 class=\"elementor-heading-title elementor-size-default\">Expertise reconnue<br>\n<strong>depuis 2000<\/strong><\/h6>\t\t\t\t<\/div>\n\t\t\t\t<\/div>\n\t\t<div class=\"elementor-element elementor-element-90359cb e-con-full e-flex e-con e-child\" data-id=\"90359cb\" data-element_type=\"container\" data-e-type=\"container\">\n\t\t\t\t<div class=\"elementor-element elementor-element-5344047 elementor-widget elementor-widget-heading\" data-id=\"5344047\" data-element_type=\"widget\" data-e-type=\"widget\" data-widget_type=\"heading.default\">\n\t\t\t\t\t<h6 class=\"elementor-heading-title elementor-size-default\">Des produits<br>\n<strong>certifi\u00e9s<\/strong><\/h6>\t\t\t\t<\/div>\n\t\t\t\t<\/div>\n\t\t<div class=\"elementor-element elementor-element-caa18a1 e-con-full e-flex e-con e-child\" data-id=\"caa18a1\" data-element_type=\"container\" data-e-type=\"container\">\n\t\t\t\t<div class=\"elementor-element elementor-element-c63b94b elementor-widget elementor-widget-heading\" data-id=\"c63b94b\" data-element_type=\"widget\" data-e-type=\"widget\" data-widget_type=\"heading.default\">\n\t\t\t\t\t<h6 class=\"elementor-heading-title elementor-size-default\">Disponible dans<br>\n<strong>plus de 17 pays<\/strong><\/h6>\t\t\t\t<\/div>\n\t\t\t\t<\/div>\n\t\t\t\t\t<\/div>\n\t\t\t\t<\/div>\n\t\t\t\t<\/div>\n\t\t\t\t<\/div>\n\t\t\t\t\t\t<\/div>\n\t\t\t\t<\/div>\n\t\t\t\t<\/div>\n\t\t<div class=\"elementor-element elementor-element-98788ba e-con-full e-flex e-con e-parent\" data-id=\"98788ba\" data-element_type=\"container\" data-e-type=\"container\">\n\t\t\t\t<div class=\"elementor-element elementor-element-ffb89f2 elementor-widget elementor-widget-template\" data-id=\"ffb89f2\" data-element_type=\"widget\" data-e-type=\"widget\" data-widget_type=\"template.default\">\n\t\t\t\t<div class=\"elementor-widget-container\">\n\t\t\t\t\t\t\t<div class=\"elementor-template\">\n\t\t\t\t\t<div data-elementor-type=\"section\" data-elementor-id=\"17839\" class=\"elementor elementor-17839\" data-elementor-post-type=\"elementor_library\">\n\t\t\t<div class=\"elementor-element elementor-element-39cca2c e-flex e-con-boxed elementor-invisible e-con e-parent\" data-id=\"39cca2c\" data-element_type=\"container\" data-e-type=\"container\" data-settings=\"{&quot;background_background&quot;:&quot;classic&quot;,&quot;animation&quot;:&quot;fadeIn&quot;}\">\n\t\t\t\t\t<div class=\"e-con-inner\">\n\t\t\t\t<div class=\"elementor-element elementor-element-3eae2c8 elementor-widget elementor-widget-heading\" data-id=\"3eae2c8\" data-element_type=\"widget\" data-e-type=\"widget\" data-widget_type=\"heading.default\">\n\t\t\t\t\t<h2 class=\"elementor-heading-title elementor-size-default\">T\u00e9moignages<\/h2>\t\t\t\t<\/div>\n\t\t\t\t<div class=\"elementor-element elementor-element-fc0963f elementor-testimonial--skin-default elementor-testimonial--layout-image_inline elementor-testimonial--align-center elementor-arrows-yes elementor-widget elementor-widget-testimonial-carousel\" data-id=\"fc0963f\" data-element_type=\"widget\" data-e-type=\"widget\" data-settings=\"{&quot;slides_per_view&quot;:&quot;1&quot;,&quot;slides_to_scroll&quot;:&quot;1&quot;,&quot;speed&quot;:1000,&quot;show_arrows&quot;:&quot;yes&quot;,&quot;loop&quot;:&quot;yes&quot;,&quot;space_between&quot;:{&quot;unit&quot;:&quot;px&quot;,&quot;size&quot;:10,&quot;sizes&quot;:[]},&quot;space_between_tablet&quot;:{&quot;unit&quot;:&quot;px&quot;,&quot;size&quot;:10,&quot;sizes&quot;:[]},&quot;space_between_mobile&quot;:{&quot;unit&quot;:&quot;px&quot;,&quot;size&quot;:10,&quot;sizes&quot;:[]}}\" data-widget_type=\"testimonial-carousel.default\">\n\t\t\t\t\t\t\t\t\t\t<div class=\"elementor-main-swiper swiper\" role=\"region\" aria-roledescription=\"carousel\" aria-label=\"Diapositives\">\n\t\t\t\t<div class=\"swiper-wrapper\">\n\t\t\t\t\t\t\t\t\t\t\t<div class=\"swiper-slide\" role=\"group\" aria-roledescription=\"slide\">\n\t\t\t\t\t\t\t\t\t<div class=\"elementor-testimonial\">\n\t\t\t\t\t\t\t<div class=\"elementor-testimonial__content\">\n\t\t\t\t\t<div class=\"elementor-testimonial__text\">\n\t\t\t\t\t\tMon naturopathe m\u2019a recommand\u00e9 de prendre du LTO3 suite \u00e0 des \u00e9pisodes de stress et d\u2019angoisse. Je suis pas ailleurs une personne avec des difficult\u00e9s de concentration. Depuis, je remarque une meilleure capacit\u00e9 \u00e0 me concentrer, je demeure calme, je dors mieux et je ne suis plus anxieuse, et ce, apr\u00e8s un mois de prise r\u00e9guli\u00e8re d\u2019LTO3.\t\t\t\t\t<\/div>\n\t\t\t\t\t\t\t\t\t<\/div>\n\t\t\t\t\t\t<div class=\"elementor-testimonial__footer\">\n\t\t\t\t\t\t\t\t<cite class=\"elementor-testimonial__cite\"><span class=\"elementor-testimonial__name\">M-J B\u00e9dard<\/span><\/cite>\t\t\t<\/div>\n\t\t<\/div>\n\t\t\t\t\t\t\t\t<\/div>\n\t\t\t\t\t\t\t\t\t\t\t<div class=\"swiper-slide\" role=\"group\" aria-roledescription=\"slide\">\n\t\t\t\t\t\t\t\t\t<div class=\"elementor-testimonial\">\n\t\t\t\t\t\t\t<div class=\"elementor-testimonial__content\">\n\t\t\t\t\t<div class=\"elementor-testimonial__text\">\n\t\t\t\t\t\tJe souffre d\u2019anxi\u00e9t\u00e9 et d\u2019un TDA, depuis que je prends le LTO3 l\u2019anxi\u00e9t\u00e9 a diminu\u00e9 consid\u00e9rablement, il me reste des moments o\u00f9 c\u2019est encore difficile, mais \u00e7a \u201dsauv\u00e9\u201d mon quotidien!!! Et en plus, \u00e7a beaucoup aid\u00e9 mon focus d\u00fb a mon TDA, je suis donc moins fatigu\u00e9 en apr\u00e8s-midi et j\u2019ai moins souvent besoin de faire des siestes. Je recommande ce produit, j\u2019ai d\u2019ailleurs parl\u00e9 du LTO3 \u00e0 plusieurs amies qui en prennent elles aussi, elles ont vue de beaux changements aussi!\t\t\t\t\t<\/div>\n\t\t\t\t\t\t\t\t\t<\/div>\n\t\t\t\t\t\t<div class=\"elementor-testimonial__footer\">\n\t\t\t\t\t\t\t\t<cite class=\"elementor-testimonial__cite\"><span class=\"elementor-testimonial__name\">Anne<\/span><\/cite>\t\t\t<\/div>\n\t\t<\/div>\n\t\t\t\t\t\t\t\t<\/div>\n\t\t\t\t\t\t\t\t\t\t\t<div class=\"swiper-slide\" role=\"group\" aria-roledescription=\"slide\">\n\t\t\t\t\t\t\t\t\t<div class=\"elementor-testimonial\">\n\t\t\t\t\t\t\t<div class=\"elementor-testimonial__content\">\n\t\t\t\t\t<div class=\"elementor-testimonial__text\">\n\t\t\t\t\t\tMerci pour ce produit merveilleux. Mon gar\u00e7on de 8 ans a un probl\u00e8me majeur d\u2019impulsivit\u00e9 et un peu d\u2019anxi\u00e9t\u00e9. Il \u00e9tait en attente d\u2019une psychoth\u00e9rapie pour g\u00e9rer ses acc\u00e8s de col\u00e8re avec geste de violence verbale et physique, mais depuis qu\u2019il prend LTO3 \u00e0 raison de 2 le matin et 2 le midi, nous avons vu une diff\u00e9rence majeure. Il lui arrive encore d\u2019avoir des acc\u00e8s de col\u00e8re, mais il a le contr\u00f4le de la suite\u2026\t\t\t\t\t<\/div>\n\t\t\t\t\t\t\t\t\t<\/div>\n\t\t\t\t\t\t<div class=\"elementor-testimonial__footer\">\n\t\t\t\t\t\t\t\t<cite class=\"elementor-testimonial__cite\"><span class=\"elementor-testimonial__name\">K. St-Pierre<\/span><\/cite>\t\t\t<\/div>\n\t\t<\/div>\n\t\t\t\t\t\t\t\t<\/div>\n\t\t\t\t\t\t\t\t\t\t\t<div class=\"swiper-slide\" role=\"group\" aria-roledescription=\"slide\">\n\t\t\t\t\t\t\t\t\t<div class=\"elementor-testimonial\">\n\t\t\t\t\t\t\t<div class=\"elementor-testimonial__content\">\n\t\t\t\t\t<div class=\"elementor-testimonial__text\">\n\t\t\t\t\t\tJ'aimerais prendre le temps de vous remercier pour le merveilleux produit LTO3 qu'une de mes amies d'Ontario m'a pr\u00e9sent\u00e9 il y a un peu plus de 6 mois. Nous habitons dans le sud de l'Alberta, \u00e0 Lethbridge. Mes gar\u00e7ons de 17 et 14 ans \u00e9taient tous les deux sous antid\u00e9presseurs \u00e0 cause d'un d\u00e9ficit d'attention et d'hyperactivit\u00e9 et aussi \u00e0 cause du syndrome d'Asperger. Ces deux m\u00e9dicaments les rendaient agit\u00e9s et ils souffraient des nombreux effets secondaires. Lorsque nous les avons mis sur le LTO3, mes fils ont arr\u00eat\u00e9 leurs pilules en une semaine et ne les ont pas reprises depuis. Ce produit est incroyable et j'en ai parl\u00e9 \u00e0 de nombreuses personnes. Encore merci.\t\t\t\t\t<\/div>\n\t\t\t\t\t\t\t\t\t<\/div>\n\t\t\t\t\t\t<div class=\"elementor-testimonial__footer\">\n\t\t\t\t\t\t\t\t<cite class=\"elementor-testimonial__cite\"><span class=\"elementor-testimonial__name\">Une maman<\/span><\/cite>\t\t\t<\/div>\n\t\t<\/div>\n\t\t\t\t\t\t\t\t<\/div>\n\t\t\t\t\t\t\t\t\t\t\t<div class=\"swiper-slide\" role=\"group\" aria-roledescription=\"slide\">\n\t\t\t\t\t\t\t\t\t<div class=\"elementor-testimonial\">\n\t\t\t\t\t\t\t<div class=\"elementor-testimonial__content\">\n\t\t\t\t\t<div class=\"elementor-testimonial__text\">\n\t\t\t\t\t\tJe voudrais dire un GROS MERCI!!! Grace \u00e0 ce produit, ma fille de six ans est pass\u00e9e d\u2019une enfant extr\u00eamement difficile \u00e0 une enfant tout \u00e0 fait normale avec son caract\u00e8re de six ans. Ses relations autant avec les enfants de son \u00e2ge que les adultes se sont am\u00e9lior\u00e9es \u00e0 95%!\t\t\t\t\t<\/div>\n\t\t\t\t\t\t\t\t\t<\/div>\n\t\t\t\t\t\t<div class=\"elementor-testimonial__footer\">\n\t\t\t\t\t\t\t\t<cite class=\"elementor-testimonial__cite\"><span class=\"elementor-testimonial__name\">Une maman<\/span><\/cite>\t\t\t<\/div>\n\t\t<\/div>\n\t\t\t\t\t\t\t\t<\/div>\n\t\t\t\t\t\t\t\t\t<\/div>\n\t\t\t\t\t\t\t\t\t\t\t\t\t\t\t<div class=\"elementor-swiper-button elementor-swiper-button-prev\" role=\"button\" tabindex=\"0\" aria-label=\"Pr\u00e9c\u00e9dent\">\n\t\t\t\t\t\t\t<svg aria-hidden=\"true\" class=\"e-font-icon-svg e-eicon-chevron-left\" viewBox=\"0 0 1000 1000\" xmlns=\"http:\/\/www.w3.org\/2000\/svg\"><path d=\"M646 125C629 125 613 133 604 142L308 442C296 454 292 471 292 487 292 504 296 521 308 533L604 854C617 867 629 875 646 875 663 875 679 871 692 858 704 846 713 829 713 812 713 796 708 779 692 767L438 487 692 225C700 217 708 204 708 187 708 171 704 154 692 142 675 129 663 125 646 125Z\"><\/path><\/svg>\t\t\t\t\t\t<\/div>\n\t\t\t\t\t\t<div class=\"elementor-swiper-button elementor-swiper-button-next\" role=\"button\" tabindex=\"0\" aria-label=\"Suivant\">\n\t\t\t\t\t\t\t<svg aria-hidden=\"true\" class=\"e-font-icon-svg e-eicon-chevron-right\" viewBox=\"0 0 1000 1000\" xmlns=\"http:\/\/www.w3.org\/2000\/svg\"><path d=\"M696 533C708 521 713 504 713 487 713 471 708 454 696 446L400 146C388 133 375 125 354 125 338 125 325 129 313 142 300 154 292 171 292 187 292 204 296 221 308 233L563 492 304 771C292 783 288 800 288 817 288 833 296 850 308 863 321 871 338 875 354 875 371 875 388 867 400 854L696 533Z\"><\/path><\/svg>\t\t\t\t\t\t<\/div>\n\t\t\t\t\t\t\t\t\t\t\t\t\t\t\t\t\t<\/div>\n\t\t\t\t\t\t\t\t<\/div>\n\t\t\t\t\t<\/div>\n\t\t\t\t<\/div>\n\t\t\t\t<\/div>\n\t\t\t\t<\/div>\n\t\t\t\t\t\t<\/div>\n\t\t\t\t<\/div>\n\t\t\t\t<\/div>\n\t\t\t\t<\/div>\n\t\t","protected":false},"excerpt":{"rendered":"<p>Livraison et Exp\u00e9dition Nous offrons des tarifs de livraison partout dans le monde. Frais de livraison au Canada\u00a0: Les frais de livraison sont gratuits pour toutes commandes de 60 $ (CAD) et plus avant les taxes en livraison en colis standard de la Poste Canada. Cependant, le client pourra choisir une option de livraison plus [&hellip;]<\/p>\n","protected":false},"author":463,"featured_media":0,"parent":0,"menu_order":0,"comment_status":"closed","ping_status":"closed","template":"","meta":{"_acf_changed":false,"footnotes":""},"class_list":["post-7205","page","type-page","status-publish","hentry"],"acf":[],"_links":{"self":[{"href":"https:\/\/herb-e-concept.com\/fr\/wp-json\/wp\/v2\/pages\/7205","targetHints":{"allow":["GET"]}}],"collection":[{"href":"https:\/\/herb-e-concept.com\/fr\/wp-json\/wp\/v2\/pages"}],"about":[{"href":"https:\/\/herb-e-concept.com\/fr\/wp-json\/wp\/v2\/types\/page"}],"author":[{"embeddable":true,"href":"https:\/\/herb-e-concept.com\/fr\/wp-json\/wp\/v2\/users\/463"}],"replies":[{"embeddable":true,"href":"https:\/\/herb-e-concept.com\/fr\/wp-json\/wp\/v2\/comments?post=7205"}],"version-history":[{"count":11,"href":"https:\/\/herb-e-concept.com\/fr\/wp-json\/wp\/v2\/pages\/7205\/revisions"}],"predecessor-version":[{"id":19375,"href":"https:\/\/herb-e-concept.com\/fr\/wp-json\/wp\/v2\/pages\/7205\/revisions\/19375"}],"wp:attachment":[{"href":"https:\/\/herb-e-concept.com\/fr\/wp-json\/wp\/v2\/media?parent=7205"}],"curies":[{"name":"wp","href":"https:\/\/api.w.org\/{rel}","templated":true}]}}