{"id":17198,"date":"2025-09-19T13:46:58","date_gmt":"2025-09-19T17:46:58","guid":{"rendered":"https:\/\/herb-e-concept.com\/?post_type=product&#038;p=17198"},"modified":"2026-01-14T10:31:15","modified_gmt":"2026-01-14T15:31:15","slug":"lto3-sans-saveur","status":"publish","type":"product","link":"https:\/\/herb-e-concept.com\/fr\/complement-naturel\/lto3-sans-saveur\/","title":{"rendered":"LTO3\u00ae Sans Saveur"},"content":{"rendered":"","protected":false},"excerpt":{"rendered":"<p>Pour les personnes sensibles au go\u00fbt du poisson, Herb-e-Concept a d\u00e9velopp\u00e9 LTO3 No Taste. Ce suppl\u00e9ment naturel est tout aussi efficace que la formule originale. Il peut aider \u00e0 r\u00e9duire l&rsquo;anxi\u00e9t\u00e9, le stress, la panique et les sympt\u00f4mes associ\u00e9s au trouble d\u00e9ficitaire de l&rsquo;attention avec ou sans hyperactivit\u00e9 (TDAH). Il peut favoriser la concentration, aider \u00e0 am\u00e9liorer la qualit\u00e9 du sommeil et favoriser une relaxation temporaire.<\/p>\n","protected":false},"featured_media":17479,"comment_status":"open","ping_status":"closed","template":"","meta":{"_acf_changed":false},"product_brand":[],"product_cat":[34,166],"product_tag":[],"class_list":{"0":"post-17198","1":"product","2":"type-product","3":"status-publish","4":"has-post-thumbnail","6":"product_cat-concentration","7":"product_cat-relaxation","9":"first","10":"instock","11":"taxable","12":"shipping-taxable","13":"purchasable","14":"product-type-simple"},"acf":[],"_links":{"self":[{"href":"https:\/\/herb-e-concept.com\/fr\/wp-json\/wp\/v2\/product\/17198","targetHints":{"allow":["GET"]}}],"collection":[{"href":"https:\/\/herb-e-concept.com\/fr\/wp-json\/wp\/v2\/product"}],"about":[{"href":"https:\/\/herb-e-concept.com\/fr\/wp-json\/wp\/v2\/types\/product"}],"replies":[{"embeddable":true,"href":"https:\/\/herb-e-concept.com\/fr\/wp-json\/wp\/v2\/comments?post=17198"}],"version-history":[{"count":6,"href":"https:\/\/herb-e-concept.com\/fr\/wp-json\/wp\/v2\/product\/17198\/revisions"}],"predecessor-version":[{"id":18770,"href":"https:\/\/herb-e-concept.com\/fr\/wp-json\/wp\/v2\/product\/17198\/revisions\/18770"}],"wp:featuredmedia":[{"embeddable":true,"href":"https:\/\/herb-e-concept.com\/fr\/wp-json\/wp\/v2\/media\/17479"}],"wp:attachment":[{"href":"https:\/\/herb-e-concept.com\/fr\/wp-json\/wp\/v2\/media?parent=17198"}],"wp:term":[{"taxonomy":"product_brand","embeddable":true,"href":"https:\/\/herb-e-concept.com\/fr\/wp-json\/wp\/v2\/product_brand?post=17198"},{"taxonomy":"product_cat","embeddable":true,"href":"https:\/\/herb-e-concept.com\/fr\/wp-json\/wp\/v2\/product_cat?post=17198"},{"taxonomy":"product_tag","embeddable":true,"href":"https:\/\/herb-e-concept.com\/fr\/wp-json\/wp\/v2\/product_tag?post=17198"}],"curies":[{"name":"wp","href":"https:\/\/api.w.org\/{rel}","templated":true}]}}