{"id":17213,"date":"2025-09-11T14:25:39","date_gmt":"2025-09-11T18:25:39","guid":{"rendered":"https:\/\/herb-e-concept.com\/?post_type=product&#038;p=17213"},"modified":"2026-01-14T10:32:25","modified_gmt":"2026-01-14T15:32:25","slug":"lto3-junior","status":"publish","type":"product","link":"https:\/\/herb-e-concept.com\/fr\/complement-naturel\/lto3-junior\/","title":{"rendered":"LTO3\u00ae Junior"},"content":{"rendered":"","protected":false},"excerpt":{"rendered":"<p>Utilis\u00e9 en cas d&rsquo;anxi\u00e9t\u00e9, de stress, de panique et de d\u00e9ficit d&rsquo;attention (TDAH), LTO3 Junior a \u00e9t\u00e9 sp\u00e9cialement con\u00e7u pour les enfants de trois ans et plus. Ce compl\u00e9ment naturel peut aider \u00e0 soulager la nervosit\u00e9 et \u00e0 favoriser une relaxation temporaire. Il peut aider \u00e0 favoriser le maintien de la fonction immunitaire et la capacit\u00e9 de l&rsquo;organisme \u00e0 m\u00e9taboliser les nutriments. Il peut \u00e9galement contribuer \u00e0 la fonction musculaire et \u00e0 la formation des tissus.<\/p>\n","protected":false},"featured_media":17476,"comment_status":"open","ping_status":"closed","template":"","meta":{"_acf_changed":false},"product_brand":[],"product_cat":[34,166],"product_tag":[],"class_list":{"0":"post-17213","1":"product","2":"type-product","3":"status-publish","4":"has-post-thumbnail","6":"product_cat-concentration","7":"product_cat-relaxation","9":"first","10":"instock","11":"taxable","12":"shipping-taxable","13":"purchasable","14":"product-type-simple"},"acf":[],"_links":{"self":[{"href":"https:\/\/herb-e-concept.com\/fr\/wp-json\/wp\/v2\/product\/17213","targetHints":{"allow":["GET"]}}],"collection":[{"href":"https:\/\/herb-e-concept.com\/fr\/wp-json\/wp\/v2\/product"}],"about":[{"href":"https:\/\/herb-e-concept.com\/fr\/wp-json\/wp\/v2\/types\/product"}],"replies":[{"embeddable":true,"href":"https:\/\/herb-e-concept.com\/fr\/wp-json\/wp\/v2\/comments?post=17213"}],"version-history":[{"count":4,"href":"https:\/\/herb-e-concept.com\/fr\/wp-json\/wp\/v2\/product\/17213\/revisions"}],"predecessor-version":[{"id":18775,"href":"https:\/\/herb-e-concept.com\/fr\/wp-json\/wp\/v2\/product\/17213\/revisions\/18775"}],"wp:featuredmedia":[{"embeddable":true,"href":"https:\/\/herb-e-concept.com\/fr\/wp-json\/wp\/v2\/media\/17476"}],"wp:attachment":[{"href":"https:\/\/herb-e-concept.com\/fr\/wp-json\/wp\/v2\/media?parent=17213"}],"wp:term":[{"taxonomy":"product_brand","embeddable":true,"href":"https:\/\/herb-e-concept.com\/fr\/wp-json\/wp\/v2\/product_brand?post=17213"},{"taxonomy":"product_cat","embeddable":true,"href":"https:\/\/herb-e-concept.com\/fr\/wp-json\/wp\/v2\/product_cat?post=17213"},{"taxonomy":"product_tag","embeddable":true,"href":"https:\/\/herb-e-concept.com\/fr\/wp-json\/wp\/v2\/product_tag?post=17213"}],"curies":[{"name":"wp","href":"https:\/\/api.w.org\/{rel}","templated":true}]}}