{"id":17228,"date":"2025-09-18T14:31:34","date_gmt":"2025-09-18T18:31:34","guid":{"rendered":"https:\/\/herb-e-concept.com\/?post_type=product&#038;p=17228"},"modified":"2026-01-14T10:31:59","modified_gmt":"2026-01-14T15:31:59","slug":"lto3-plus","status":"publish","type":"product","link":"https:\/\/herb-e-concept.com\/fr\/complement-naturel\/lto3-plus\/","title":{"rendered":"LTO3\u00ae Plus"},"content":{"rendered":"","protected":false},"excerpt":{"rendered":"<p>LTO3 Plus est le dernier d\u00e9veloppement de la gamme LTO3. Ce compl\u00e9ment naturel combine les avantages de la formule originale avec les performances du magn\u00e9sium et de la vitamine B6. Il peut aider \u00e0 am\u00e9liorer la concentration tout en r\u00e9duisant l&rsquo;anxi\u00e9t\u00e9. Il peut aider \u00e0 d\u00e9tendre les muscles et le c\u0153ur en p\u00e9riode de stress et contribuer \u00e0 maintenir la capacit\u00e9 de l&rsquo;organisme \u00e0 m\u00e9taboliser les nutriments et \u00e0 conserver un \u00e9quilibre \u00e9lectrolytique normal. Il peut \u00e9galement aider \u00e0 favoriser une relaxation temporaire.<\/p>\n","protected":false},"featured_media":17482,"comment_status":"open","ping_status":"closed","template":"","meta":{"_acf_changed":false},"product_brand":[],"product_cat":[34,166],"product_tag":[],"class_list":{"0":"post-17228","1":"product","2":"type-product","3":"status-publish","4":"has-post-thumbnail","6":"product_cat-concentration","7":"product_cat-relaxation","9":"first","10":"instock","11":"taxable","12":"shipping-taxable","13":"purchasable","14":"product-type-simple"},"acf":[],"_links":{"self":[{"href":"https:\/\/herb-e-concept.com\/fr\/wp-json\/wp\/v2\/product\/17228","targetHints":{"allow":["GET"]}}],"collection":[{"href":"https:\/\/herb-e-concept.com\/fr\/wp-json\/wp\/v2\/product"}],"about":[{"href":"https:\/\/herb-e-concept.com\/fr\/wp-json\/wp\/v2\/types\/product"}],"replies":[{"embeddable":true,"href":"https:\/\/herb-e-concept.com\/fr\/wp-json\/wp\/v2\/comments?post=17228"}],"version-history":[{"count":5,"href":"https:\/\/herb-e-concept.com\/fr\/wp-json\/wp\/v2\/product\/17228\/revisions"}],"predecessor-version":[{"id":18773,"href":"https:\/\/herb-e-concept.com\/fr\/wp-json\/wp\/v2\/product\/17228\/revisions\/18773"}],"wp:featuredmedia":[{"embeddable":true,"href":"https:\/\/herb-e-concept.com\/fr\/wp-json\/wp\/v2\/media\/17482"}],"wp:attachment":[{"href":"https:\/\/herb-e-concept.com\/fr\/wp-json\/wp\/v2\/media?parent=17228"}],"wp:term":[{"taxonomy":"product_brand","embeddable":true,"href":"https:\/\/herb-e-concept.com\/fr\/wp-json\/wp\/v2\/product_brand?post=17228"},{"taxonomy":"product_cat","embeddable":true,"href":"https:\/\/herb-e-concept.com\/fr\/wp-json\/wp\/v2\/product_cat?post=17228"},{"taxonomy":"product_tag","embeddable":true,"href":"https:\/\/herb-e-concept.com\/fr\/wp-json\/wp\/v2\/product_tag?post=17228"}],"curies":[{"name":"wp","href":"https:\/\/api.w.org\/{rel}","templated":true}]}}