{"id":20217,"date":"2026-04-16T08:23:13","date_gmt":"2026-04-16T12:23:13","guid":{"rendered":"https:\/\/herb-e-concept.com\/natural-supplement\/collagene-concept-plus\/"},"modified":"2026-04-16T13:03:47","modified_gmt":"2026-04-16T17:03:47","slug":"collagene-concept-plus","status":"publish","type":"product","link":"https:\/\/herb-e-concept.com\/fr\/complement-naturel\/collagene-concept-plus\/","title":{"rendered":"Collag\u00e8ne Concept +"},"content":{"rendered":"","protected":false},"excerpt":{"rendered":"<p class=\"p1\"><span class=\"s1\">Le compl\u00e9ment naturel Collag\u00e8ne Concept + <\/span>aide au maintien d\u2019articulations et de cartilage sains. Il contribue \u00e0 la gestion des douleurs articulaires et peut aider \u00e0 r\u00e9duire ou soulager la douleur associ\u00e9e \u00e0 l\u2019arthrose, tout en aidant \u00e0 prot\u00e9ger contre la d\u00e9t\u00e9rioration du cartilage.<\/p>\n","protected":false},"featured_media":20259,"comment_status":"open","ping_status":"closed","template":"","meta":{"_acf_changed":false},"product_brand":[],"product_cat":[173,38],"product_tag":[223],"class_list":{"0":"post-20217","1":"product","2":"type-product","3":"status-publish","4":"has-post-thumbnail","6":"product_cat-anti-inflammatoire","7":"product_cat-os-et-articulations","8":"product_tag-new","10":"first","11":"instock","12":"taxable","13":"shipping-taxable","14":"purchasable","15":"product-type-simple"},"acf":[],"_links":{"self":[{"href":"https:\/\/herb-e-concept.com\/fr\/wp-json\/wp\/v2\/product\/20217","targetHints":{"allow":["GET"]}}],"collection":[{"href":"https:\/\/herb-e-concept.com\/fr\/wp-json\/wp\/v2\/product"}],"about":[{"href":"https:\/\/herb-e-concept.com\/fr\/wp-json\/wp\/v2\/types\/product"}],"replies":[{"embeddable":true,"href":"https:\/\/herb-e-concept.com\/fr\/wp-json\/wp\/v2\/comments?post=20217"}],"version-history":[{"count":2,"href":"https:\/\/herb-e-concept.com\/fr\/wp-json\/wp\/v2\/product\/20217\/revisions"}],"predecessor-version":[{"id":20221,"href":"https:\/\/herb-e-concept.com\/fr\/wp-json\/wp\/v2\/product\/20217\/revisions\/20221"}],"wp:featuredmedia":[{"embeddable":true,"href":"https:\/\/herb-e-concept.com\/fr\/wp-json\/wp\/v2\/media\/20259"}],"wp:attachment":[{"href":"https:\/\/herb-e-concept.com\/fr\/wp-json\/wp\/v2\/media?parent=20217"}],"wp:term":[{"taxonomy":"product_brand","embeddable":true,"href":"https:\/\/herb-e-concept.com\/fr\/wp-json\/wp\/v2\/product_brand?post=20217"},{"taxonomy":"product_cat","embeddable":true,"href":"https:\/\/herb-e-concept.com\/fr\/wp-json\/wp\/v2\/product_cat?post=20217"},{"taxonomy":"product_tag","embeddable":true,"href":"https:\/\/herb-e-concept.com\/fr\/wp-json\/wp\/v2\/product_tag?post=20217"}],"curies":[{"name":"wp","href":"https:\/\/api.w.org\/{rel}","templated":true}]}}