{"id":673,"date":"2020-03-09T15:25:08","date_gmt":"2020-03-09T19:25:08","guid":{"rendered":"https:\/\/herb-e-concept.com\/?post_type=product&#038;p=673"},"modified":"2026-02-10T14:56:28","modified_gmt":"2026-02-10T19:56:28","slug":"plein-sommeil","status":"publish","type":"product","link":"https:\/\/herb-e-concept.com\/fr\/complement-naturel\/plein-sommeil\/","title":{"rendered":"Plein Sommeil"},"content":{"rendered":"","protected":false},"excerpt":{"rendered":"<p>Comme son nom l&rsquo;indique, Deep Sleep est un compl\u00e9ment naturel destin\u00e9 \u00e0 vous aider \u00e0 dormir. Son effet relaxant peut aider \u00e0 am\u00e9liorer la dur\u00e9e et la qualit\u00e9 du sommeil, \u00e0 r\u00e9duire l&rsquo;anxi\u00e9t\u00e9 et \u00e0 calmer les nerfs. Ce produit est connu pour \u00eatre utilis\u00e9 par ceux qui ont des difficult\u00e9s \u00e0 s&rsquo;endormir et ceux qui sont g\u00ean\u00e9s par le d\u00e9calage horaire. Il aide \u00e0 \u00e9quilibrer les cycles de sommeil et d&rsquo;\u00e9veil.<\/p>\n","protected":false},"featured_media":19743,"comment_status":"open","ping_status":"closed","template":"","meta":{"_acf_changed":false},"product_brand":[],"product_cat":[40],"product_tag":[],"class_list":{"0":"post-673","1":"product","2":"type-product","3":"status-publish","4":"has-post-thumbnail","6":"product_cat-sommeil","8":"first","9":"instock","10":"taxable","11":"shipping-taxable","12":"purchasable","13":"product-type-simple"},"acf":[],"_links":{"self":[{"href":"https:\/\/herb-e-concept.com\/fr\/wp-json\/wp\/v2\/product\/673","targetHints":{"allow":["GET"]}}],"collection":[{"href":"https:\/\/herb-e-concept.com\/fr\/wp-json\/wp\/v2\/product"}],"about":[{"href":"https:\/\/herb-e-concept.com\/fr\/wp-json\/wp\/v2\/types\/product"}],"replies":[{"embeddable":true,"href":"https:\/\/herb-e-concept.com\/fr\/wp-json\/wp\/v2\/comments?post=673"}],"version-history":[{"count":3,"href":"https:\/\/herb-e-concept.com\/fr\/wp-json\/wp\/v2\/product\/673\/revisions"}],"predecessor-version":[{"id":17906,"href":"https:\/\/herb-e-concept.com\/fr\/wp-json\/wp\/v2\/product\/673\/revisions\/17906"}],"wp:featuredmedia":[{"embeddable":true,"href":"https:\/\/herb-e-concept.com\/fr\/wp-json\/wp\/v2\/media\/19743"}],"wp:attachment":[{"href":"https:\/\/herb-e-concept.com\/fr\/wp-json\/wp\/v2\/media?parent=673"}],"wp:term":[{"taxonomy":"product_brand","embeddable":true,"href":"https:\/\/herb-e-concept.com\/fr\/wp-json\/wp\/v2\/product_brand?post=673"},{"taxonomy":"product_cat","embeddable":true,"href":"https:\/\/herb-e-concept.com\/fr\/wp-json\/wp\/v2\/product_cat?post=673"},{"taxonomy":"product_tag","embeddable":true,"href":"https:\/\/herb-e-concept.com\/fr\/wp-json\/wp\/v2\/product_tag?post=673"}],"curies":[{"name":"wp","href":"https:\/\/api.w.org\/{rel}","templated":true}]}}