{"id":681,"date":"2020-03-09T11:42:58","date_gmt":"2020-03-09T15:42:58","guid":{"rendered":"https:\/\/herb-e-concept.com\/?post_type=product&#038;p=681"},"modified":"2026-02-23T12:54:47","modified_gmt":"2026-02-23T17:54:47","slug":"arthri-concept","status":"publish","type":"product","link":"https:\/\/herb-e-concept.com\/fr\/complement-naturel\/arthri-concept\/","title":{"rendered":"Arthri Concept"},"content":{"rendered":"","protected":false},"excerpt":{"rendered":"<p>Arthri Concept est un compl\u00e9ment naturel qui peut aider \u00e0 soulager les douleurs articulaires et l\u2019inflammation associ\u00e9es \u00e0 l\u2019arthrose. Il peut aider \u00e0 maintenir l\u2019int\u00e9grit\u00e9 du cartilage et les articulations en bonne sant\u00e9. Il peut \u00e9galement contribuer \u00e0 apaiser les douleurs musculaires. Pour une combinaison optimale, l\u2019utiliser avec le Bam-B\u00fc Silicium.<\/p>\n","protected":false},"featured_media":20029,"comment_status":"open","ping_status":"closed","template":"","meta":{"_acf_changed":false},"product_brand":[],"product_cat":[38],"product_tag":[],"class_list":{"0":"post-681","1":"product","2":"type-product","3":"status-publish","4":"has-post-thumbnail","6":"product_cat-os-et-articulations","8":"first","9":"instock","10":"taxable","11":"shipping-taxable","12":"purchasable","13":"product-type-simple"},"acf":[],"_links":{"self":[{"href":"https:\/\/herb-e-concept.com\/fr\/wp-json\/wp\/v2\/product\/681","targetHints":{"allow":["GET"]}}],"collection":[{"href":"https:\/\/herb-e-concept.com\/fr\/wp-json\/wp\/v2\/product"}],"about":[{"href":"https:\/\/herb-e-concept.com\/fr\/wp-json\/wp\/v2\/types\/product"}],"replies":[{"embeddable":true,"href":"https:\/\/herb-e-concept.com\/fr\/wp-json\/wp\/v2\/comments?post=681"}],"version-history":[{"count":3,"href":"https:\/\/herb-e-concept.com\/fr\/wp-json\/wp\/v2\/product\/681\/revisions"}],"predecessor-version":[{"id":17905,"href":"https:\/\/herb-e-concept.com\/fr\/wp-json\/wp\/v2\/product\/681\/revisions\/17905"}],"wp:featuredmedia":[{"embeddable":true,"href":"https:\/\/herb-e-concept.com\/fr\/wp-json\/wp\/v2\/media\/20029"}],"wp:attachment":[{"href":"https:\/\/herb-e-concept.com\/fr\/wp-json\/wp\/v2\/media?parent=681"}],"wp:term":[{"taxonomy":"product_brand","embeddable":true,"href":"https:\/\/herb-e-concept.com\/fr\/wp-json\/wp\/v2\/product_brand?post=681"},{"taxonomy":"product_cat","embeddable":true,"href":"https:\/\/herb-e-concept.com\/fr\/wp-json\/wp\/v2\/product_cat?post=681"},{"taxonomy":"product_tag","embeddable":true,"href":"https:\/\/herb-e-concept.com\/fr\/wp-json\/wp\/v2\/product_tag?post=681"}],"curies":[{"name":"wp","href":"https:\/\/api.w.org\/{rel}","templated":true}]}}