{"id":683,"date":"2020-03-09T11:40:52","date_gmt":"2020-03-09T15:40:52","guid":{"rendered":"https:\/\/herb-e-concept.com\/?post_type=product&#038;p=683"},"modified":"2026-03-02T14:01:45","modified_gmt":"2026-03-02T19:01:45","slug":"collagene-bambou-glucosamine","status":"publish","type":"product","link":"https:\/\/herb-e-concept.com\/fr\/complement-naturel\/collagene-bambou-glucosamine\/","title":{"rendered":"Collag\u00e8ne Bambou Glucosamine"},"content":{"rendered":"","protected":false},"excerpt":{"rendered":"<p>Le compl\u00e9ment naturel Collag\u00e8ne Bambou Glucosamine a \u00e9t\u00e9 sp\u00e9cialement con\u00e7u afin de r\u00e9pondre aux besoins des gens de 40 ans et plus qui sont actifs et qui veulent retarder les effets de l\u2019\u00e2ge sur les articulations, la sant\u00e9 du cartilage et des os. Constitu\u00e9 d\u2019une source importante de collag\u00e8ne de type II, ce produit peut aider \u00e0 promouvoir la synth\u00e8se des cellules cartilagineuses, \u00e0 adoucir les articulations et \u00e0 apaiser les douleurs. Il peut \u00e9galement permet de ralentir l\u2019apparition de l\u2019arthrose et la d\u00e9gradation du cartilage. Il est \u00e9galement connu pour ses propri\u00e9t\u00e9s anti-inflammatoires.<\/p>\n","protected":false},"featured_media":20094,"comment_status":"open","ping_status":"closed","template":"","meta":{"_acf_changed":false},"product_brand":[],"product_cat":[173,38],"product_tag":[],"class_list":{"0":"post-683","1":"product","2":"type-product","3":"status-publish","4":"has-post-thumbnail","6":"product_cat-anti-inflammatoire","7":"product_cat-os-et-articulations","9":"first","10":"instock","11":"taxable","12":"shipping-taxable","13":"purchasable","14":"product-type-simple"},"acf":[],"_links":{"self":[{"href":"https:\/\/herb-e-concept.com\/fr\/wp-json\/wp\/v2\/product\/683","targetHints":{"allow":["GET"]}}],"collection":[{"href":"https:\/\/herb-e-concept.com\/fr\/wp-json\/wp\/v2\/product"}],"about":[{"href":"https:\/\/herb-e-concept.com\/fr\/wp-json\/wp\/v2\/types\/product"}],"replies":[{"embeddable":true,"href":"https:\/\/herb-e-concept.com\/fr\/wp-json\/wp\/v2\/comments?post=683"}],"version-history":[{"count":3,"href":"https:\/\/herb-e-concept.com\/fr\/wp-json\/wp\/v2\/product\/683\/revisions"}],"predecessor-version":[{"id":17904,"href":"https:\/\/herb-e-concept.com\/fr\/wp-json\/wp\/v2\/product\/683\/revisions\/17904"}],"wp:featuredmedia":[{"embeddable":true,"href":"https:\/\/herb-e-concept.com\/fr\/wp-json\/wp\/v2\/media\/20094"}],"wp:attachment":[{"href":"https:\/\/herb-e-concept.com\/fr\/wp-json\/wp\/v2\/media?parent=683"}],"wp:term":[{"taxonomy":"product_brand","embeddable":true,"href":"https:\/\/herb-e-concept.com\/fr\/wp-json\/wp\/v2\/product_brand?post=683"},{"taxonomy":"product_cat","embeddable":true,"href":"https:\/\/herb-e-concept.com\/fr\/wp-json\/wp\/v2\/product_cat?post=683"},{"taxonomy":"product_tag","embeddable":true,"href":"https:\/\/herb-e-concept.com\/fr\/wp-json\/wp\/v2\/product_tag?post=683"}],"curies":[{"name":"wp","href":"https:\/\/api.w.org\/{rel}","templated":true}]}}