{"id":684,"date":"2020-03-09T11:35:27","date_gmt":"2020-03-09T15:35:27","guid":{"rendered":"https:\/\/herb-e-concept.com\/?post_type=product&#038;p=684"},"modified":"2026-03-26T11:23:04","modified_gmt":"2026-03-26T15:23:04","slug":"bam-bu-silicium","status":"publish","type":"product","link":"https:\/\/herb-e-concept.com\/fr\/complement-naturel\/bam-bu-silicium\/","title":{"rendered":"Bam-B\u00fc Silicium"},"content":{"rendered":"","protected":false},"excerpt":{"rendered":"<p>Le Bam-B\u00fc Silicium s\u2019adresse aux gens qui souffrent d\u00e9j\u00e0 de douleurs aux articulations. Ce compl\u00e9ment naturel facilite la reconstruction du cartilage et la recalcification osseuse, l&rsquo;absorption des min\u00e9raux et la cicatrisation. Il aide \u00e9galement \u00e0 soulager l&rsquo;herp\u00e8s, l&rsquo;ecz\u00e9ma et le psoriasis. Pour une combinaison optimale, l\u2019utiliser avec Arthri Concept.<\/p>\n","protected":false},"featured_media":20132,"comment_status":"open","ping_status":"closed","template":"","meta":{"_acf_changed":false},"product_brand":[],"product_cat":[38],"product_tag":[],"class_list":{"0":"post-684","1":"product","2":"type-product","3":"status-publish","4":"has-post-thumbnail","6":"product_cat-os-et-articulations","8":"first","9":"instock","10":"taxable","11":"shipping-taxable","12":"purchasable","13":"product-type-simple"},"acf":[],"_links":{"self":[{"href":"https:\/\/herb-e-concept.com\/fr\/wp-json\/wp\/v2\/product\/684","targetHints":{"allow":["GET"]}}],"collection":[{"href":"https:\/\/herb-e-concept.com\/fr\/wp-json\/wp\/v2\/product"}],"about":[{"href":"https:\/\/herb-e-concept.com\/fr\/wp-json\/wp\/v2\/types\/product"}],"replies":[{"embeddable":true,"href":"https:\/\/herb-e-concept.com\/fr\/wp-json\/wp\/v2\/comments?post=684"}],"version-history":[{"count":3,"href":"https:\/\/herb-e-concept.com\/fr\/wp-json\/wp\/v2\/product\/684\/revisions"}],"predecessor-version":[{"id":17903,"href":"https:\/\/herb-e-concept.com\/fr\/wp-json\/wp\/v2\/product\/684\/revisions\/17903"}],"wp:featuredmedia":[{"embeddable":true,"href":"https:\/\/herb-e-concept.com\/fr\/wp-json\/wp\/v2\/media\/20132"}],"wp:attachment":[{"href":"https:\/\/herb-e-concept.com\/fr\/wp-json\/wp\/v2\/media?parent=684"}],"wp:term":[{"taxonomy":"product_brand","embeddable":true,"href":"https:\/\/herb-e-concept.com\/fr\/wp-json\/wp\/v2\/product_brand?post=684"},{"taxonomy":"product_cat","embeddable":true,"href":"https:\/\/herb-e-concept.com\/fr\/wp-json\/wp\/v2\/product_cat?post=684"},{"taxonomy":"product_tag","embeddable":true,"href":"https:\/\/herb-e-concept.com\/fr\/wp-json\/wp\/v2\/product_tag?post=684"}],"curies":[{"name":"wp","href":"https:\/\/api.w.org\/{rel}","templated":true}]}}