{"id":686,"date":"2020-03-09T11:44:11","date_gmt":"2020-03-09T15:44:11","guid":{"rendered":"https:\/\/herb-e-concept.com\/?post_type=product&#038;p=686"},"modified":"2026-02-18T09:58:43","modified_gmt":"2026-02-18T14:58:43","slug":"calcium-corail","status":"publish","type":"product","link":"https:\/\/herb-e-concept.com\/fr\/complement-naturel\/calcium-corail\/","title":{"rendered":"Calcium Corail"},"content":{"rendered":"","protected":false},"excerpt":{"rendered":"<p>Calcium Corail est un compl\u00e9ment naturel qui peut aider \u00e0 la sant\u00e9 des os et \u00e0 la sant\u00e9 en g\u00e9n\u00e9ral. Il peut aider \u00e0 maintenir les os et les dents en excellente sant\u00e9, aider \u00e0 favoriser le traitement et la gestion de l\u2019acidit\u00e9 du corps ainsi que l\u2019\u00e9limination des radicaux libres. Il peut \u00e9galement contribuer \u00e0 inverser les effets de l\u2019ost\u00e9oporose.<\/p>\n","protected":false},"featured_media":19944,"comment_status":"open","ping_status":"closed","template":"","meta":{"_acf_changed":false},"product_brand":[],"product_cat":[35,38],"product_tag":[],"class_list":{"0":"post-686","1":"product","2":"type-product","3":"status-publish","4":"has-post-thumbnail","6":"product_cat-controle-de-lacidite","7":"product_cat-os-et-articulations","9":"first","10":"instock","11":"taxable","12":"shipping-taxable","13":"purchasable","14":"product-type-simple"},"acf":[],"_links":{"self":[{"href":"https:\/\/herb-e-concept.com\/fr\/wp-json\/wp\/v2\/product\/686","targetHints":{"allow":["GET"]}}],"collection":[{"href":"https:\/\/herb-e-concept.com\/fr\/wp-json\/wp\/v2\/product"}],"about":[{"href":"https:\/\/herb-e-concept.com\/fr\/wp-json\/wp\/v2\/types\/product"}],"replies":[{"embeddable":true,"href":"https:\/\/herb-e-concept.com\/fr\/wp-json\/wp\/v2\/comments?post=686"}],"version-history":[{"count":3,"href":"https:\/\/herb-e-concept.com\/fr\/wp-json\/wp\/v2\/product\/686\/revisions"}],"predecessor-version":[{"id":17902,"href":"https:\/\/herb-e-concept.com\/fr\/wp-json\/wp\/v2\/product\/686\/revisions\/17902"}],"wp:featuredmedia":[{"embeddable":true,"href":"https:\/\/herb-e-concept.com\/fr\/wp-json\/wp\/v2\/media\/19944"}],"wp:attachment":[{"href":"https:\/\/herb-e-concept.com\/fr\/wp-json\/wp\/v2\/media?parent=686"}],"wp:term":[{"taxonomy":"product_brand","embeddable":true,"href":"https:\/\/herb-e-concept.com\/fr\/wp-json\/wp\/v2\/product_brand?post=686"},{"taxonomy":"product_cat","embeddable":true,"href":"https:\/\/herb-e-concept.com\/fr\/wp-json\/wp\/v2\/product_cat?post=686"},{"taxonomy":"product_tag","embeddable":true,"href":"https:\/\/herb-e-concept.com\/fr\/wp-json\/wp\/v2\/product_tag?post=686"}],"curies":[{"name":"wp","href":"https:\/\/api.w.org\/{rel}","templated":true}]}}