{"id":689,"date":"2020-03-09T11:30:44","date_gmt":"2020-03-09T15:30:44","guid":{"rendered":"https:\/\/herb-e-concept.com\/?post_type=product&#038;p=689"},"modified":"2026-03-31T08:33:15","modified_gmt":"2026-03-31T12:33:15","slug":"meno-concept","status":"publish","type":"product","link":"https:\/\/herb-e-concept.com\/fr\/complement-naturel\/meno-concept\/","title":{"rendered":"M\u00e9no Concept"},"content":{"rendered":"","protected":false},"excerpt":{"rendered":"<p>M\u00e9no Concept vise \u00e0 r\u00e9pondre aux besoins particuliers des femmes en mati\u00e8re de sant\u00e9. Ce compl\u00e9ment naturel est constitu\u00e9 d\u2019ingr\u00e9dients traditionnellement utilis\u00e9s en phytoth\u00e9rapie afin de r\u00e9duire les inconforts et sympt\u00f4mes de la m\u00e9nopause. Il aide \u00e0 diminuer les bouff\u00e9es de chaleur, les sueurs nocturnes et la transpiration excessive.<\/p>\n","protected":false},"featured_media":20161,"comment_status":"open","ping_status":"closed","template":"","meta":{"_acf_changed":false},"product_brand":[],"product_cat":[172],"product_tag":[],"class_list":{"0":"post-689","1":"product","2":"type-product","3":"status-publish","4":"has-post-thumbnail","6":"product_cat-reduction-des-symptomes-de-la-menopause","8":"first","9":"instock","10":"taxable","11":"shipping-taxable","12":"purchasable","13":"product-type-simple"},"acf":[],"_links":{"self":[{"href":"https:\/\/herb-e-concept.com\/fr\/wp-json\/wp\/v2\/product\/689","targetHints":{"allow":["GET"]}}],"collection":[{"href":"https:\/\/herb-e-concept.com\/fr\/wp-json\/wp\/v2\/product"}],"about":[{"href":"https:\/\/herb-e-concept.com\/fr\/wp-json\/wp\/v2\/types\/product"}],"replies":[{"embeddable":true,"href":"https:\/\/herb-e-concept.com\/fr\/wp-json\/wp\/v2\/comments?post=689"}],"version-history":[{"count":3,"href":"https:\/\/herb-e-concept.com\/fr\/wp-json\/wp\/v2\/product\/689\/revisions"}],"predecessor-version":[{"id":17901,"href":"https:\/\/herb-e-concept.com\/fr\/wp-json\/wp\/v2\/product\/689\/revisions\/17901"}],"wp:featuredmedia":[{"embeddable":true,"href":"https:\/\/herb-e-concept.com\/fr\/wp-json\/wp\/v2\/media\/20161"}],"wp:attachment":[{"href":"https:\/\/herb-e-concept.com\/fr\/wp-json\/wp\/v2\/media?parent=689"}],"wp:term":[{"taxonomy":"product_brand","embeddable":true,"href":"https:\/\/herb-e-concept.com\/fr\/wp-json\/wp\/v2\/product_brand?post=689"},{"taxonomy":"product_cat","embeddable":true,"href":"https:\/\/herb-e-concept.com\/fr\/wp-json\/wp\/v2\/product_cat?post=689"},{"taxonomy":"product_tag","embeddable":true,"href":"https:\/\/herb-e-concept.com\/fr\/wp-json\/wp\/v2\/product_tag?post=689"}],"curies":[{"name":"wp","href":"https:\/\/api.w.org\/{rel}","templated":true}]}}