{"id":693,"date":"2020-03-09T15:00:35","date_gmt":"2020-03-09T19:00:35","guid":{"rendered":"https:\/\/herb-e-concept.com\/?post_type=product&#038;p=693"},"modified":"2026-02-04T11:22:14","modified_gmt":"2026-02-04T16:22:14","slug":"testosterhomme","status":"publish","type":"product","link":"https:\/\/herb-e-concept.com\/fr\/complement-naturel\/testosterhomme\/","title":{"rendered":"Testoster\u2019Homme"},"content":{"rendered":"","protected":false},"excerpt":{"rendered":"<p>Testoster\u2019Homme a \u00e9t\u00e9 sp\u00e9cialement d\u00e9velopp\u00e9 afin de r\u00e9pondre aux besoins des hommes en mati\u00e8re de sant\u00e9. Par ses propri\u00e9t\u00e9s anti-stress, vasodilatatrices, euphorisantes et \u00e9nergisantes, ce compl\u00e9ment naturel peut aider \u00e0 r\u00e9veiller la libido. Il peut aussi permettre d\u2019aider \u00e0 augmenter l\u2019endurance physique et mentale et \u00e0 favoriser une circulation sanguine optimale.<\/p>\n","protected":false},"featured_media":19748,"comment_status":"open","ping_status":"closed","template":"","meta":{"_acf_changed":false},"product_brand":[],"product_cat":[36,170,171],"product_tag":[],"class_list":{"0":"post-693","1":"product","2":"type-product","3":"status-publish","4":"has-post-thumbnail","6":"product_cat-energie","7":"product_cat-gestion-du-stress","8":"product_cat-libido","10":"first","11":"instock","12":"taxable","13":"shipping-taxable","14":"purchasable","15":"product-type-simple"},"acf":[],"_links":{"self":[{"href":"https:\/\/herb-e-concept.com\/fr\/wp-json\/wp\/v2\/product\/693","targetHints":{"allow":["GET"]}}],"collection":[{"href":"https:\/\/herb-e-concept.com\/fr\/wp-json\/wp\/v2\/product"}],"about":[{"href":"https:\/\/herb-e-concept.com\/fr\/wp-json\/wp\/v2\/types\/product"}],"replies":[{"embeddable":true,"href":"https:\/\/herb-e-concept.com\/fr\/wp-json\/wp\/v2\/comments?post=693"}],"version-history":[{"count":3,"href":"https:\/\/herb-e-concept.com\/fr\/wp-json\/wp\/v2\/product\/693\/revisions"}],"predecessor-version":[{"id":17900,"href":"https:\/\/herb-e-concept.com\/fr\/wp-json\/wp\/v2\/product\/693\/revisions\/17900"}],"wp:featuredmedia":[{"embeddable":true,"href":"https:\/\/herb-e-concept.com\/fr\/wp-json\/wp\/v2\/media\/19748"}],"wp:attachment":[{"href":"https:\/\/herb-e-concept.com\/fr\/wp-json\/wp\/v2\/media?parent=693"}],"wp:term":[{"taxonomy":"product_brand","embeddable":true,"href":"https:\/\/herb-e-concept.com\/fr\/wp-json\/wp\/v2\/product_brand?post=693"},{"taxonomy":"product_cat","embeddable":true,"href":"https:\/\/herb-e-concept.com\/fr\/wp-json\/wp\/v2\/product_cat?post=693"},{"taxonomy":"product_tag","embeddable":true,"href":"https:\/\/herb-e-concept.com\/fr\/wp-json\/wp\/v2\/product_tag?post=693"}],"curies":[{"name":"wp","href":"https:\/\/api.w.org\/{rel}","templated":true}]}}