{"id":694,"date":"2020-03-09T15:15:29","date_gmt":"2020-03-09T19:15:29","guid":{"rendered":"https:\/\/herb-e-concept.com\/?post_type=product&#038;p=694"},"modified":"2026-04-07T11:21:33","modified_gmt":"2026-04-07T15:21:33","slug":"energie-concept","status":"publish","type":"product","link":"https:\/\/herb-e-concept.com\/fr\/complement-naturel\/energie-concept\/","title":{"rendered":"\u00c9nergie Concept"},"content":{"rendered":"","protected":false},"excerpt":{"rendered":"<p>\u00c9nergie Concept est un compl\u00e9ment naturel qui peut aider \u00e0 renforcer le syst\u00e8me immunitaire, \u00e9quilibrer le mauvais cholest\u00e9rol et la pression art\u00e9rielle, et peut aider \u00e0 corriger certaines an\u00e9mies. Il peut aussi aider \u00e0 contrer le stress, la nervosit\u00e9 et la fatigue physique. Il s\u2019adresse aux adultes qui souhaitent renforcer leur sant\u00e9 et augmenter leur niveau d\u2019\u00e9nergie, leur vigueur et leur endurance.<\/p>\n","protected":false},"featured_media":19848,"comment_status":"open","ping_status":"closed","template":"","meta":{"_acf_changed":false},"product_brand":[],"product_cat":[36,169],"product_tag":[],"class_list":{"0":"post-694","1":"product","2":"type-product","3":"status-publish","4":"has-post-thumbnail","6":"product_cat-energie","7":"product_cat-systeme-immunitaire","9":"first","10":"instock","11":"taxable","12":"shipping-taxable","13":"purchasable","14":"product-type-simple"},"acf":[],"_links":{"self":[{"href":"https:\/\/herb-e-concept.com\/fr\/wp-json\/wp\/v2\/product\/694","targetHints":{"allow":["GET"]}}],"collection":[{"href":"https:\/\/herb-e-concept.com\/fr\/wp-json\/wp\/v2\/product"}],"about":[{"href":"https:\/\/herb-e-concept.com\/fr\/wp-json\/wp\/v2\/types\/product"}],"replies":[{"embeddable":true,"href":"https:\/\/herb-e-concept.com\/fr\/wp-json\/wp\/v2\/comments?post=694"}],"version-history":[{"count":3,"href":"https:\/\/herb-e-concept.com\/fr\/wp-json\/wp\/v2\/product\/694\/revisions"}],"predecessor-version":[{"id":20195,"href":"https:\/\/herb-e-concept.com\/fr\/wp-json\/wp\/v2\/product\/694\/revisions\/20195"}],"wp:featuredmedia":[{"embeddable":true,"href":"https:\/\/herb-e-concept.com\/fr\/wp-json\/wp\/v2\/media\/19848"}],"wp:attachment":[{"href":"https:\/\/herb-e-concept.com\/fr\/wp-json\/wp\/v2\/media?parent=694"}],"wp:term":[{"taxonomy":"product_brand","embeddable":true,"href":"https:\/\/herb-e-concept.com\/fr\/wp-json\/wp\/v2\/product_brand?post=694"},{"taxonomy":"product_cat","embeddable":true,"href":"https:\/\/herb-e-concept.com\/fr\/wp-json\/wp\/v2\/product_cat?post=694"},{"taxonomy":"product_tag","embeddable":true,"href":"https:\/\/herb-e-concept.com\/fr\/wp-json\/wp\/v2\/product_tag?post=694"}],"curies":[{"name":"wp","href":"https:\/\/api.w.org\/{rel}","templated":true}]}}