{"id":8268,"date":"2025-09-17T16:33:31","date_gmt":"2025-09-17T20:33:31","guid":{"rendered":"https:\/\/herb-e-concept.com\/?post_type=product&#038;p=8268"},"modified":"2025-11-04T11:37:41","modified_gmt":"2025-11-04T16:37:41","slug":"lto3-gaba","status":"publish","type":"product","link":"https:\/\/herb-e-concept.com\/fr\/complement-naturel\/lto3-gaba\/","title":{"rendered":"LTO3\u00ae GABA+"},"content":{"rendered":"","protected":false},"excerpt":{"rendered":"<p>Ce suppl\u00e9ment est un alli\u00e9 pr\u00e9cieux pour votre bien-\u00eatre g\u00e9n\u00e9ral. Il aide au bon fonctionnement de vos muscles, y compris celui de votre c\u0153ur, et aide \u00e0 favoriser un m\u00e9tabolisme \u00e9nerg\u00e9tique optimal. En participant \u00e0 la formation des globules rouges et des tissus, il aide votre corps \u00e0 m\u00e9taboliser efficacement les nutriments et \u00e0 maintenir un \u00e9quilibre \u00e9lectrolytique normal. De plus, il peut promouvoir temporairement la relaxation, vous aidant ainsi \u00e0 retrouver un calme bien m\u00e9rit\u00e9.<\/p>\n","protected":false},"featured_media":17470,"comment_status":"open","ping_status":"closed","template":"","meta":{"_acf_changed":false},"product_brand":[],"product_cat":[167,168,166],"product_tag":[],"class_list":{"0":"post-8268","1":"product","2":"type-product","3":"status-publish","4":"has-post-thumbnail","6":"product_cat-formation-des-tissus","7":"product_cat-globules-rouges","8":"product_cat-relaxation","10":"first","11":"instock","12":"taxable","13":"shipping-taxable","14":"purchasable","15":"product-type-simple"},"acf":[],"_links":{"self":[{"href":"https:\/\/herb-e-concept.com\/fr\/wp-json\/wp\/v2\/product\/8268","targetHints":{"allow":["GET"]}}],"collection":[{"href":"https:\/\/herb-e-concept.com\/fr\/wp-json\/wp\/v2\/product"}],"about":[{"href":"https:\/\/herb-e-concept.com\/fr\/wp-json\/wp\/v2\/types\/product"}],"replies":[{"embeddable":true,"href":"https:\/\/herb-e-concept.com\/fr\/wp-json\/wp\/v2\/comments?post=8268"}],"version-history":[{"count":4,"href":"https:\/\/herb-e-concept.com\/fr\/wp-json\/wp\/v2\/product\/8268\/revisions"}],"predecessor-version":[{"id":18774,"href":"https:\/\/herb-e-concept.com\/fr\/wp-json\/wp\/v2\/product\/8268\/revisions\/18774"}],"wp:featuredmedia":[{"embeddable":true,"href":"https:\/\/herb-e-concept.com\/fr\/wp-json\/wp\/v2\/media\/17470"}],"wp:attachment":[{"href":"https:\/\/herb-e-concept.com\/fr\/wp-json\/wp\/v2\/media?parent=8268"}],"wp:term":[{"taxonomy":"product_brand","embeddable":true,"href":"https:\/\/herb-e-concept.com\/fr\/wp-json\/wp\/v2\/product_brand?post=8268"},{"taxonomy":"product_cat","embeddable":true,"href":"https:\/\/herb-e-concept.com\/fr\/wp-json\/wp\/v2\/product_cat?post=8268"},{"taxonomy":"product_tag","embeddable":true,"href":"https:\/\/herb-e-concept.com\/fr\/wp-json\/wp\/v2\/product_tag?post=8268"}],"curies":[{"name":"wp","href":"https:\/\/api.w.org\/{rel}","templated":true}]}}